{"id":46357,"date":"2026-02-14T14:46:30","date_gmt":"2026-02-14T14:46:30","guid":{"rendered":"https:\/\/anadolupet.com.tr\/?post_type=product&#038;p=46357"},"modified":"2026-02-23T16:49:23","modified_gmt":"2026-02-23T16:49:23","slug":"tetra-pond-wheatgerm-sticks-cubuk-havuz-baliklari-yemi-1lt","status":"publish","type":"product","link":"https:\/\/anadolupet.com.tr\/en\/urun\/tetra-pond-wheatgerm-sticks-cubuk-havuz-baliklari-yemi-1lt\/","title":{"rendered":"Tetra Pond Wheatgerm Sticks \u00c7ubuk Havuz Bal\u0131klar\u0131 Yemi &#8211; 1LT"},"content":{"rendered":"","protected":false},"excerpt":{"rendered":"<p>Tetra Pond Wheatgerm Sticks, sonbahar ve ilkbaharda su s\u0131cakl\u0131klar\u0131 d\u00fc\u015f\u00fck oldu\u011funda havuz bal\u0131klar\u0131 i\u00e7in sa\u011fl\u0131kl\u0131 ve dengeli beslenme sa\u011flayan y\u00fczen yiyecek \u00e7ubuklar\u0131d\u0131r. Tetra Pond Wheatgerm Sticks, s\u00fcs havuzlar\u0131nda ya\u015fayan koi ve japon bal\u0131klar\u0131 gibi t\u00fcm s\u00fcs bal\u0131klar\u0131 i\u00e7in \u00f6zel olarak form\u00fcle edilmi\u015f ve so\u011fuk k\u0131\u015f d\u00f6nemlerinde bal\u0131klar\u0131n\u0131z\u0131n ihtiya\u00e7lar\u0131n\u0131 kar\u015f\u0131layabilecek y\u00fcksek kaliteli yemdir. Form\u00fcl\u00fcndeki dengeli vitaminler, temel g\u0131dalar ve eser elementler, bal\u0131klar\u0131n\u0131z\u0131n beslenmesinde etkili rol oynar ve sa\u011fl\u0131kl\u0131 ya\u015fabilmelerinin yan\u0131 s\u0131ra hastal\u0131klara kar\u015f\u0131 diren\u00e7li olmalar\u0131n\u0131 sa\u011flamaya yard\u0131mc\u0131 olur. Tetra Pond Wheatgerm Sticks, BioAktive form\u00fcl\u00fc sayesinde bal\u0131klar\u0131n\u0131z\u0131n sindirim sistemlerinin d\u00fczenlenmesinde ve sindirime ba\u011fl\u0131 rahats\u0131zl\u0131klar\u0131n giderilmesine de yard\u0131mc\u0131 olur. Tetra Pond Wheatgerm Sticks, s\u00fcs havuzlar\u0131 i\u00e7in vazge\u00e7ilmez bir mevsimsel besin kayna\u011f\u0131d\u0131r. Dozaj;<br \/>\nBal\u0131klar\u0131n\u0131z\u0131 g\u00fcnde en az iki ila \u00fc\u00e7 kez besleyin, ancak onlara yaln\u0131zca birka\u00e7 dakika i\u00e7inde yiyebilecekleri kadar verin.<br \/>\nMiktar;<br \/>\n1 Lt<\/p>","protected":false},"featured_media":47127,"comment_status":"open","ping_status":"closed","template":"","meta":{"_acf_changed":false},"product_brand":[],"product_cat":[2407],"product_tag":[],"class_list":{"0":"post-46357","1":"product","2":"type-product","3":"status-publish","4":"has-post-thumbnail","6":"product_cat-pondhavuz-yemleri","8":"first","9":"instock","10":"shipping-taxable","11":"product-type-simple"},"acf":[],"yoast_head":"<!-- This site is optimized with the Yoast SEO plugin v27.4 - https:\/\/yoast.com\/product\/yoast-seo-wordpress\/ -->\n<title>Tetra Pond Wheatgerm Sticks \u00c7ubuk Havuz Bal\u0131klar\u0131 Yemi - 1LT - Anadolu Pet Grup<\/title>\n<meta name=\"robots\" content=\"index, follow, max-snippet:-1, max-image-preview:large, max-video-preview:-1\" \/>\n<link rel=\"canonical\" href=\"https:\/\/anadolupet.com.tr\/en\/product\/tetra-pond-wheatgerm-sticks-cubuk-havuz-baliklari-yemi-1lt\/\" \/>\n<meta property=\"og:locale\" content=\"en_US\" \/>\n<meta property=\"og:type\" content=\"article\" \/>\n<meta property=\"og:title\" content=\"Tetra Pond Wheatgerm Sticks \u00c7ubuk Havuz Bal\u0131klar\u0131 Yemi - 1LT - Anadolu Pet Grup\" \/>\n<meta property=\"og:description\" content=\"Tetra Pond Wheatgerm Sticks, sonbahar ve ilkbaharda su s\u0131cakl\u0131klar\u0131 d\u00fc\u015f\u00fck oldu\u011funda havuz bal\u0131klar\u0131 i\u00e7in sa\u011fl\u0131kl\u0131 ve dengeli beslenme sa\u011flayan y\u00fczen yiyecek \u00e7ubuklar\u0131d\u0131r. Tetra Pond Wheatgerm Sticks, s\u00fcs havuzlar\u0131nda ya\u015fayan koi ve japon bal\u0131klar\u0131 gibi t\u00fcm s\u00fcs bal\u0131klar\u0131 i\u00e7in \u00f6zel olarak form\u00fcle edilmi\u015f ve so\u011fuk k\u0131\u015f d\u00f6nemlerinde bal\u0131klar\u0131n\u0131z\u0131n ihtiya\u00e7lar\u0131n\u0131 kar\u015f\u0131layabilecek y\u00fcksek kaliteli yemdir. Form\u00fcl\u00fcndeki dengeli vitaminler, temel g\u0131dalar ve eser elementler, bal\u0131klar\u0131n\u0131z\u0131n beslenmesinde etkili rol oynar ve sa\u011fl\u0131kl\u0131 ya\u015fabilmelerinin yan\u0131 s\u0131ra hastal\u0131klara kar\u015f\u0131 diren\u00e7li olmalar\u0131n\u0131 sa\u011flamaya yard\u0131mc\u0131 olur. Tetra Pond Wheatgerm Sticks, BioAktive form\u00fcl\u00fc sayesinde bal\u0131klar\u0131n\u0131z\u0131n sindirim sistemlerinin d\u00fczenlenmesinde ve sindirime ba\u011fl\u0131 rahats\u0131zl\u0131klar\u0131n giderilmesine de yard\u0131mc\u0131 olur. Tetra Pond Wheatgerm Sticks, s\u00fcs havuzlar\u0131 i\u00e7in vazge\u00e7ilmez bir mevsimsel besin kayna\u011f\u0131d\u0131r. Dozaj; Bal\u0131klar\u0131n\u0131z\u0131 g\u00fcnde en az iki ila \u00fc\u00e7 kez besleyin, ancak onlara yaln\u0131zca birka\u00e7 dakika i\u00e7inde yiyebilecekleri kadar verin. Miktar; 1 Lt\" \/>\n<meta property=\"og:url\" content=\"https:\/\/anadolupet.com.tr\/en\/product\/tetra-pond-wheatgerm-sticks-cubuk-havuz-baliklari-yemi-1lt\/\" \/>\n<meta property=\"og:site_name\" content=\"Anadolu Pet Grup\" \/>\n<meta property=\"article:modified_time\" content=\"2026-02-23T16:49:23+00:00\" \/>\n<meta property=\"og:image\" content=\"https:\/\/anadolupet.com.tr\/wp-content\/uploads\/2026\/02\/400-749962.jpg\" \/>\n\t<meta property=\"og:image:width\" content=\"750\" \/>\n\t<meta property=\"og:image:height\" content=\"750\" \/>\n\t<meta property=\"og:image:type\" content=\"image\/jpeg\" \/>\n<meta name=\"twitter:card\" content=\"summary_large_image\" \/>\n<script type=\"application\/ld+json\" class=\"yoast-schema-graph\">{\"@context\":\"https:\\\/\\\/schema.org\",\"@graph\":[{\"@type\":\"WebPage\",\"@id\":\"https:\\\/\\\/anadolupet.com.tr\\\/urun\\\/tetra-pond-wheatgerm-sticks-cubuk-havuz-baliklari-yemi-1lt\\\/\",\"url\":\"https:\\\/\\\/anadolupet.com.tr\\\/urun\\\/tetra-pond-wheatgerm-sticks-cubuk-havuz-baliklari-yemi-1lt\\\/\",\"name\":\"Tetra Pond Wheatgerm Sticks \u00c7ubuk Havuz Bal\u0131klar\u0131 Yemi - 1LT - Anadolu Pet Grup\",\"isPartOf\":{\"@id\":\"https:\\\/\\\/anadolupet.com.tr\\\/#website\"},\"primaryImageOfPage\":{\"@id\":\"https:\\\/\\\/anadolupet.com.tr\\\/urun\\\/tetra-pond-wheatgerm-sticks-cubuk-havuz-baliklari-yemi-1lt\\\/#primaryimage\"},\"image\":{\"@id\":\"https:\\\/\\\/anadolupet.com.tr\\\/urun\\\/tetra-pond-wheatgerm-sticks-cubuk-havuz-baliklari-yemi-1lt\\\/#primaryimage\"},\"thumbnailUrl\":\"https:\\\/\\\/anadolupet.com.tr\\\/wp-content\\\/uploads\\\/2026\\\/02\\\/400-749962.jpg\",\"datePublished\":\"2026-02-14T14:46:30+00:00\",\"dateModified\":\"2026-02-23T16:49:23+00:00\",\"breadcrumb\":{\"@id\":\"https:\\\/\\\/anadolupet.com.tr\\\/urun\\\/tetra-pond-wheatgerm-sticks-cubuk-havuz-baliklari-yemi-1lt\\\/#breadcrumb\"},\"inLanguage\":\"en-US\",\"potentialAction\":[{\"@type\":\"ReadAction\",\"target\":[\"https:\\\/\\\/anadolupet.com.tr\\\/urun\\\/tetra-pond-wheatgerm-sticks-cubuk-havuz-baliklari-yemi-1lt\\\/\"]}]},{\"@type\":\"ImageObject\",\"inLanguage\":\"en-US\",\"@id\":\"https:\\\/\\\/anadolupet.com.tr\\\/urun\\\/tetra-pond-wheatgerm-sticks-cubuk-havuz-baliklari-yemi-1lt\\\/#primaryimage\",\"url\":\"https:\\\/\\\/anadolupet.com.tr\\\/wp-content\\\/uploads\\\/2026\\\/02\\\/400-749962.jpg\",\"contentUrl\":\"https:\\\/\\\/anadolupet.com.tr\\\/wp-content\\\/uploads\\\/2026\\\/02\\\/400-749962.jpg\",\"width\":750,\"height\":750},{\"@type\":\"BreadcrumbList\",\"@id\":\"https:\\\/\\\/anadolupet.com.tr\\\/urun\\\/tetra-pond-wheatgerm-sticks-cubuk-havuz-baliklari-yemi-1lt\\\/#breadcrumb\",\"itemListElement\":[{\"@type\":\"ListItem\",\"position\":1,\"name\":\"Anasayfa\",\"item\":\"https:\\\/\\\/anadolupet.com.tr\\\/\"},{\"@type\":\"ListItem\",\"position\":2,\"name\":\"\u00dcr\u00fcnler\",\"item\":\"https:\\\/\\\/anadolupet.com.tr\\\/urunler\\\/\"},{\"@type\":\"ListItem\",\"position\":3,\"name\":\"Tetra Pond Wheatgerm Sticks \u00c7ubuk Havuz Bal\u0131klar\u0131 Yemi &#8211; 1LT\"}]},{\"@type\":\"WebSite\",\"@id\":\"https:\\\/\\\/anadolupet.com.tr\\\/#website\",\"url\":\"https:\\\/\\\/anadolupet.com.tr\\\/\",\"name\":\"Anadolu Pet Grup\",\"description\":\"Her Can\u0131n \u0130yi Ya\u015fam\u0131 \u0130\u00e7in Biraraday\u0131z\",\"publisher\":{\"@id\":\"https:\\\/\\\/anadolupet.com.tr\\\/#organization\"},\"potentialAction\":[{\"@type\":\"SearchAction\",\"target\":{\"@type\":\"EntryPoint\",\"urlTemplate\":\"https:\\\/\\\/anadolupet.com.tr\\\/?s={search_term_string}\"},\"query-input\":{\"@type\":\"PropertyValueSpecification\",\"valueRequired\":true,\"valueName\":\"search_term_string\"}}],\"inLanguage\":\"en-US\"},{\"@type\":\"Organization\",\"@id\":\"https:\\\/\\\/anadolupet.com.tr\\\/#organization\",\"name\":\"Anadolu Pet Grup\",\"alternateName\":\"Anadolu Pet\",\"url\":\"https:\\\/\\\/anadolupet.com.tr\\\/\",\"logo\":{\"@type\":\"ImageObject\",\"inLanguage\":\"en-US\",\"@id\":\"https:\\\/\\\/anadolupet.com.tr\\\/#\\\/schema\\\/logo\\\/image\\\/\",\"url\":\"https:\\\/\\\/anadolupet.com.tr\\\/wp-content\\\/uploads\\\/2026\\\/03\\\/1614666743370.jpg\",\"contentUrl\":\"https:\\\/\\\/anadolupet.com.tr\\\/wp-content\\\/uploads\\\/2026\\\/03\\\/1614666743370.jpg\",\"width\":800,\"height\":571,\"caption\":\"Anadolu Pet Grup\"},\"image\":{\"@id\":\"https:\\\/\\\/anadolupet.com.tr\\\/#\\\/schema\\\/logo\\\/image\\\/\"}}]}<\/script>\n<!-- \/ Yoast SEO plugin. -->","yoast_head_json":{"title":"Tetra Pond Wheatgerm Sticks \u00c7ubuk Havuz Bal\u0131klar\u0131 Yemi - 1LT - Anadolu Pet Grup","robots":{"index":"index","follow":"follow","max-snippet":"max-snippet:-1","max-image-preview":"max-image-preview:large","max-video-preview":"max-video-preview:-1"},"canonical":"https:\/\/anadolupet.com.tr\/en\/product\/tetra-pond-wheatgerm-sticks-cubuk-havuz-baliklari-yemi-1lt\/","og_locale":"en_US","og_type":"article","og_title":"Tetra Pond Wheatgerm Sticks \u00c7ubuk Havuz Bal\u0131klar\u0131 Yemi - 1LT - Anadolu Pet Grup","og_description":"Tetra Pond Wheatgerm Sticks, sonbahar ve ilkbaharda su s\u0131cakl\u0131klar\u0131 d\u00fc\u015f\u00fck oldu\u011funda havuz bal\u0131klar\u0131 i\u00e7in sa\u011fl\u0131kl\u0131 ve dengeli beslenme sa\u011flayan y\u00fczen yiyecek \u00e7ubuklar\u0131d\u0131r. Tetra Pond Wheatgerm Sticks, s\u00fcs havuzlar\u0131nda ya\u015fayan koi ve japon bal\u0131klar\u0131 gibi t\u00fcm s\u00fcs bal\u0131klar\u0131 i\u00e7in \u00f6zel olarak form\u00fcle edilmi\u015f ve so\u011fuk k\u0131\u015f d\u00f6nemlerinde bal\u0131klar\u0131n\u0131z\u0131n ihtiya\u00e7lar\u0131n\u0131 kar\u015f\u0131layabilecek y\u00fcksek kaliteli yemdir. Form\u00fcl\u00fcndeki dengeli vitaminler, temel g\u0131dalar ve eser elementler, bal\u0131klar\u0131n\u0131z\u0131n beslenmesinde etkili rol oynar ve sa\u011fl\u0131kl\u0131 ya\u015fabilmelerinin yan\u0131 s\u0131ra hastal\u0131klara kar\u015f\u0131 diren\u00e7li olmalar\u0131n\u0131 sa\u011flamaya yard\u0131mc\u0131 olur. Tetra Pond Wheatgerm Sticks, BioAktive form\u00fcl\u00fc sayesinde bal\u0131klar\u0131n\u0131z\u0131n sindirim sistemlerinin d\u00fczenlenmesinde ve sindirime ba\u011fl\u0131 rahats\u0131zl\u0131klar\u0131n giderilmesine de yard\u0131mc\u0131 olur. Tetra Pond Wheatgerm Sticks, s\u00fcs havuzlar\u0131 i\u00e7in vazge\u00e7ilmez bir mevsimsel besin kayna\u011f\u0131d\u0131r. Dozaj; Bal\u0131klar\u0131n\u0131z\u0131 g\u00fcnde en az iki ila \u00fc\u00e7 kez besleyin, ancak onlara yaln\u0131zca birka\u00e7 dakika i\u00e7inde yiyebilecekleri kadar verin. Miktar; 1 Lt","og_url":"https:\/\/anadolupet.com.tr\/en\/product\/tetra-pond-wheatgerm-sticks-cubuk-havuz-baliklari-yemi-1lt\/","og_site_name":"Anadolu Pet Grup","article_modified_time":"2026-02-23T16:49:23+00:00","og_image":[{"width":750,"height":750,"url":"https:\/\/anadolupet.com.tr\/wp-content\/uploads\/2026\/02\/400-749962.jpg","type":"image\/jpeg"}],"twitter_card":"summary_large_image","schema":{"@context":"https:\/\/schema.org","@graph":[{"@type":"WebPage","@id":"https:\/\/anadolupet.com.tr\/urun\/tetra-pond-wheatgerm-sticks-cubuk-havuz-baliklari-yemi-1lt\/","url":"https:\/\/anadolupet.com.tr\/urun\/tetra-pond-wheatgerm-sticks-cubuk-havuz-baliklari-yemi-1lt\/","name":"Tetra Pond Wheatgerm Sticks \u00c7ubuk Havuz Bal\u0131klar\u0131 Yemi - 1LT - Anadolu Pet Grup","isPartOf":{"@id":"https:\/\/anadolupet.com.tr\/#website"},"primaryImageOfPage":{"@id":"https:\/\/anadolupet.com.tr\/urun\/tetra-pond-wheatgerm-sticks-cubuk-havuz-baliklari-yemi-1lt\/#primaryimage"},"image":{"@id":"https:\/\/anadolupet.com.tr\/urun\/tetra-pond-wheatgerm-sticks-cubuk-havuz-baliklari-yemi-1lt\/#primaryimage"},"thumbnailUrl":"https:\/\/anadolupet.com.tr\/wp-content\/uploads\/2026\/02\/400-749962.jpg","datePublished":"2026-02-14T14:46:30+00:00","dateModified":"2026-02-23T16:49:23+00:00","breadcrumb":{"@id":"https:\/\/anadolupet.com.tr\/urun\/tetra-pond-wheatgerm-sticks-cubuk-havuz-baliklari-yemi-1lt\/#breadcrumb"},"inLanguage":"en-US","potentialAction":[{"@type":"ReadAction","target":["https:\/\/anadolupet.com.tr\/urun\/tetra-pond-wheatgerm-sticks-cubuk-havuz-baliklari-yemi-1lt\/"]}]},{"@type":"ImageObject","inLanguage":"en-US","@id":"https:\/\/anadolupet.com.tr\/urun\/tetra-pond-wheatgerm-sticks-cubuk-havuz-baliklari-yemi-1lt\/#primaryimage","url":"https:\/\/anadolupet.com.tr\/wp-content\/uploads\/2026\/02\/400-749962.jpg","contentUrl":"https:\/\/anadolupet.com.tr\/wp-content\/uploads\/2026\/02\/400-749962.jpg","width":750,"height":750},{"@type":"BreadcrumbList","@id":"https:\/\/anadolupet.com.tr\/urun\/tetra-pond-wheatgerm-sticks-cubuk-havuz-baliklari-yemi-1lt\/#breadcrumb","itemListElement":[{"@type":"ListItem","position":1,"name":"Anasayfa","item":"https:\/\/anadolupet.com.tr\/"},{"@type":"ListItem","position":2,"name":"\u00dcr\u00fcnler","item":"https:\/\/anadolupet.com.tr\/urunler\/"},{"@type":"ListItem","position":3,"name":"Tetra Pond Wheatgerm Sticks \u00c7ubuk Havuz Bal\u0131klar\u0131 Yemi &#8211; 1LT"}]},{"@type":"WebSite","@id":"https:\/\/anadolupet.com.tr\/#website","url":"https:\/\/anadolupet.com.tr\/","name":"Anadolu Pet Group","description":"We Stand Together for the Well-Being of Every Life","publisher":{"@id":"https:\/\/anadolupet.com.tr\/#organization"},"potentialAction":[{"@type":"SearchAction","target":{"@type":"EntryPoint","urlTemplate":"https:\/\/anadolupet.com.tr\/?s={search_term_string}"},"query-input":{"@type":"PropertyValueSpecification","valueRequired":true,"valueName":"search_term_string"}}],"inLanguage":"en-US"},{"@type":"Organization","@id":"https:\/\/anadolupet.com.tr\/#organization","name":"Anadolu Pet Group","alternateName":"Anadolu Pet","url":"https:\/\/anadolupet.com.tr\/","logo":{"@type":"ImageObject","inLanguage":"en-US","@id":"https:\/\/anadolupet.com.tr\/#\/schema\/logo\/image\/","url":"https:\/\/anadolupet.com.tr\/wp-content\/uploads\/2026\/03\/1614666743370.jpg","contentUrl":"https:\/\/anadolupet.com.tr\/wp-content\/uploads\/2026\/03\/1614666743370.jpg","width":800,"height":571,"caption":"Anadolu Pet Grup"},"image":{"@id":"https:\/\/anadolupet.com.tr\/#\/schema\/logo\/image\/"}}]}},"_links":{"self":[{"href":"https:\/\/anadolupet.com.tr\/en\/wp-json\/wp\/v2\/product\/46357","targetHints":{"allow":["GET"]}}],"collection":[{"href":"https:\/\/anadolupet.com.tr\/en\/wp-json\/wp\/v2\/product"}],"about":[{"href":"https:\/\/anadolupet.com.tr\/en\/wp-json\/wp\/v2\/types\/product"}],"replies":[{"embeddable":true,"href":"https:\/\/anadolupet.com.tr\/en\/wp-json\/wp\/v2\/comments?post=46357"}],"wp:featuredmedia":[{"embeddable":true,"href":"https:\/\/anadolupet.com.tr\/en\/wp-json\/wp\/v2\/media\/47127"}],"wp:attachment":[{"href":"https:\/\/anadolupet.com.tr\/en\/wp-json\/wp\/v2\/media?parent=46357"}],"wp:term":[{"taxonomy":"product_brand","embeddable":true,"href":"https:\/\/anadolupet.com.tr\/en\/wp-json\/wp\/v2\/product_brand?post=46357"},{"taxonomy":"product_cat","embeddable":true,"href":"https:\/\/anadolupet.com.tr\/en\/wp-json\/wp\/v2\/product_cat?post=46357"},{"taxonomy":"product_tag","embeddable":true,"href":"https:\/\/anadolupet.com.tr\/en\/wp-json\/wp\/v2\/product_tag?post=46357"}],"curies":[{"name":"wp","href":"https:\/\/api.w.org\/{rel}","templated":true}]}}