{"id":46358,"date":"2026-02-14T14:46:30","date_gmt":"2026-02-14T14:46:30","guid":{"rendered":"https:\/\/anadolupet.com.tr\/?post_type=product&#038;p=46358"},"modified":"2026-02-23T16:49:23","modified_gmt":"2026-02-23T16:49:23","slug":"tetra-prima-mini-granules-mini-granul-dip-balik-yemi-100ml-2","status":"publish","type":"product","link":"https:\/\/anadolupet.com.tr\/en\/urun\/tetra-prima-mini-granules-mini-granul-dip-balik-yemi-100ml-2\/","title":{"rendered":"Tetra Prima Mini Granules Mini Gran\u00fcl Dip Bal\u0131k Yemi &#8211; 100ML"},"content":{"rendered":"","protected":false},"excerpt":{"rendered":"<p>Tetra Prima Mini Granules; \u00e7e\u015fitli su seviyelerinde beslenen \u00e7\u00f6p\u00e7\u00fc, tropikal ve labirent t\u00fcr\u00fc bal\u0131klar d\u00fc\u015f\u00fcn\u00fclerek form\u00fcle edilmi\u015f y\u00fcksek kaliteli, t\u00fcm gerekli besinleri, vitaminleri ve iz elementleri i\u00e7eren, ana yemdir. \u0130\u00e7erdi\u011fi Stabilize C Vitamini sayesinde besledi\u011finiz canl\u0131lar\u0131n hastal\u0131klara kar\u015f\u0131 direncini artt\u0131r\u0131r, sa\u011fl\u0131kl\u0131 geli\u015fimi destekler ve beslenme eksikli\u011fine ba\u011fl\u0131 hastal\u0131klar\u0131 \u00f6nlemeye yard\u0131mc\u0131 olur. D\u00fczenli kullan\u0131mda bal\u0131klar\u0131n\u0131z\u0131n do\u011fal renklerini ortaya \u00e7\u0131kar\u0131r ve canl\u0131l\u0131klar\u0131n\u0131 artt\u0131r\u0131r. Tetra Prima Mini Granules; \u00f6zenle se\u00e7ilmi\u015f i\u00e7eri\u011fi sayesinde y\u00fcksek oranda emilir ve son derece d\u00fc\u015f\u00fck at\u0131k b\u0131rak\u0131lmas\u0131n\u0131 sa\u011flar. Bu sayede akvaryum suyu en az seviyede kirlenmi\u015f olur. \u0130\u00e7eri\u011fi;<br \/>\nBal\u0131k ve bal\u0131k \u00fcr\u00fcnleri, bitkisel protein \u00f6zleri, tah\u0131llar, \u00e7e\u015fitli bitkiler, istiridye ve karides, mayalar, mineraller, deniz yosunu, ya\u011flar ve l-lysine monoklorhidrat, lesitin, sitrik asit, do\u011fal renklendiriciler ve koruyucular.<br \/>\nDozaj;<br \/>\nK\u00fc\u00e7\u00fck miktarlarda g\u00fcnde birka\u00e7 kez besleyin.<br \/>\nMiktar;<br \/>\n100 ml<\/p>","protected":false},"featured_media":47029,"comment_status":"open","ping_status":"closed","template":"","meta":{"_acf_changed":false},"product_brand":[],"product_cat":[2388],"product_tag":[],"class_list":{"0":"post-46358","1":"product","2":"type-product","3":"status-publish","4":"has-post-thumbnail","6":"product_cat-genel-yemler","8":"first","9":"instock","10":"shipping-taxable","11":"product-type-simple"},"acf":[],"yoast_head":"<!-- This site is optimized with the Yoast SEO plugin v27.4 - https:\/\/yoast.com\/product\/yoast-seo-wordpress\/ -->\n<title>Tetra Prima Mini Granules Mini Gran\u00fcl Dip Bal\u0131k Yemi - 100ML - Anadolu Pet Grup<\/title>\n<meta name=\"robots\" content=\"index, follow, max-snippet:-1, max-image-preview:large, max-video-preview:-1\" \/>\n<link rel=\"canonical\" href=\"https:\/\/anadolupet.com.tr\/en\/product\/tetra-prima-mini-granules-mini-granul-dip-balik-yemi-100ml-2\/\" \/>\n<meta property=\"og:locale\" content=\"en_US\" \/>\n<meta property=\"og:type\" content=\"article\" \/>\n<meta property=\"og:title\" content=\"Tetra Prima Mini Granules Mini Gran\u00fcl Dip Bal\u0131k Yemi - 100ML - Anadolu Pet Grup\" \/>\n<meta property=\"og:description\" content=\"Tetra Prima Mini Granules; \u00e7e\u015fitli su seviyelerinde beslenen \u00e7\u00f6p\u00e7\u00fc, tropikal ve labirent t\u00fcr\u00fc bal\u0131klar d\u00fc\u015f\u00fcn\u00fclerek form\u00fcle edilmi\u015f y\u00fcksek kaliteli, t\u00fcm gerekli besinleri, vitaminleri ve iz elementleri i\u00e7eren, ana yemdir. \u0130\u00e7erdi\u011fi Stabilize C Vitamini sayesinde besledi\u011finiz canl\u0131lar\u0131n hastal\u0131klara kar\u015f\u0131 direncini artt\u0131r\u0131r, sa\u011fl\u0131kl\u0131 geli\u015fimi destekler ve beslenme eksikli\u011fine ba\u011fl\u0131 hastal\u0131klar\u0131 \u00f6nlemeye yard\u0131mc\u0131 olur. D\u00fczenli kullan\u0131mda bal\u0131klar\u0131n\u0131z\u0131n do\u011fal renklerini ortaya \u00e7\u0131kar\u0131r ve canl\u0131l\u0131klar\u0131n\u0131 artt\u0131r\u0131r. Tetra Prima Mini Granules; \u00f6zenle se\u00e7ilmi\u015f i\u00e7eri\u011fi sayesinde y\u00fcksek oranda emilir ve son derece d\u00fc\u015f\u00fck at\u0131k b\u0131rak\u0131lmas\u0131n\u0131 sa\u011flar. Bu sayede akvaryum suyu en az seviyede kirlenmi\u015f olur. \u0130\u00e7eri\u011fi; Bal\u0131k ve bal\u0131k \u00fcr\u00fcnleri, bitkisel protein \u00f6zleri, tah\u0131llar, \u00e7e\u015fitli bitkiler, istiridye ve karides, mayalar, mineraller, deniz yosunu, ya\u011flar ve l-lysine monoklorhidrat, lesitin, sitrik asit, do\u011fal renklendiriciler ve koruyucular. Dozaj; K\u00fc\u00e7\u00fck miktarlarda g\u00fcnde birka\u00e7 kez besleyin. Miktar; 100 ml\" \/>\n<meta property=\"og:url\" content=\"https:\/\/anadolupet.com.tr\/en\/product\/tetra-prima-mini-granules-mini-granul-dip-balik-yemi-100ml-2\/\" \/>\n<meta property=\"og:site_name\" content=\"Anadolu Pet Grup\" \/>\n<meta property=\"article:modified_time\" content=\"2026-02-23T16:49:23+00:00\" \/>\n<meta property=\"og:image\" content=\"https:\/\/anadolupet.com.tr\/wp-content\/uploads\/2026\/02\/400-137165.jpg\" \/>\n\t<meta property=\"og:image:width\" content=\"750\" \/>\n\t<meta property=\"og:image:height\" content=\"750\" \/>\n\t<meta property=\"og:image:type\" content=\"image\/jpeg\" \/>\n<meta name=\"twitter:card\" content=\"summary_large_image\" \/>\n<script type=\"application\/ld+json\" class=\"yoast-schema-graph\">{\"@context\":\"https:\\\/\\\/schema.org\",\"@graph\":[{\"@type\":\"WebPage\",\"@id\":\"https:\\\/\\\/anadolupet.com.tr\\\/urun\\\/tetra-prima-mini-granules-mini-granul-dip-balik-yemi-100ml-2\\\/\",\"url\":\"https:\\\/\\\/anadolupet.com.tr\\\/urun\\\/tetra-prima-mini-granules-mini-granul-dip-balik-yemi-100ml-2\\\/\",\"name\":\"Tetra Prima Mini Granules Mini Gran\u00fcl Dip Bal\u0131k Yemi - 100ML - Anadolu Pet Grup\",\"isPartOf\":{\"@id\":\"https:\\\/\\\/anadolupet.com.tr\\\/#website\"},\"primaryImageOfPage\":{\"@id\":\"https:\\\/\\\/anadolupet.com.tr\\\/urun\\\/tetra-prima-mini-granules-mini-granul-dip-balik-yemi-100ml-2\\\/#primaryimage\"},\"image\":{\"@id\":\"https:\\\/\\\/anadolupet.com.tr\\\/urun\\\/tetra-prima-mini-granules-mini-granul-dip-balik-yemi-100ml-2\\\/#primaryimage\"},\"thumbnailUrl\":\"https:\\\/\\\/anadolupet.com.tr\\\/wp-content\\\/uploads\\\/2026\\\/02\\\/400-137165.jpg\",\"datePublished\":\"2026-02-14T14:46:30+00:00\",\"dateModified\":\"2026-02-23T16:49:23+00:00\",\"breadcrumb\":{\"@id\":\"https:\\\/\\\/anadolupet.com.tr\\\/urun\\\/tetra-prima-mini-granules-mini-granul-dip-balik-yemi-100ml-2\\\/#breadcrumb\"},\"inLanguage\":\"en-US\",\"potentialAction\":[{\"@type\":\"ReadAction\",\"target\":[\"https:\\\/\\\/anadolupet.com.tr\\\/urun\\\/tetra-prima-mini-granules-mini-granul-dip-balik-yemi-100ml-2\\\/\"]}]},{\"@type\":\"ImageObject\",\"inLanguage\":\"en-US\",\"@id\":\"https:\\\/\\\/anadolupet.com.tr\\\/urun\\\/tetra-prima-mini-granules-mini-granul-dip-balik-yemi-100ml-2\\\/#primaryimage\",\"url\":\"https:\\\/\\\/anadolupet.com.tr\\\/wp-content\\\/uploads\\\/2026\\\/02\\\/400-137165.jpg\",\"contentUrl\":\"https:\\\/\\\/anadolupet.com.tr\\\/wp-content\\\/uploads\\\/2026\\\/02\\\/400-137165.jpg\",\"width\":750,\"height\":750},{\"@type\":\"BreadcrumbList\",\"@id\":\"https:\\\/\\\/anadolupet.com.tr\\\/urun\\\/tetra-prima-mini-granules-mini-granul-dip-balik-yemi-100ml-2\\\/#breadcrumb\",\"itemListElement\":[{\"@type\":\"ListItem\",\"position\":1,\"name\":\"Anasayfa\",\"item\":\"https:\\\/\\\/anadolupet.com.tr\\\/\"},{\"@type\":\"ListItem\",\"position\":2,\"name\":\"\u00dcr\u00fcnler\",\"item\":\"https:\\\/\\\/anadolupet.com.tr\\\/urunler\\\/\"},{\"@type\":\"ListItem\",\"position\":3,\"name\":\"Tetra Prima Mini Granules Mini Gran\u00fcl Dip Bal\u0131k Yemi &#8211; 100ML\"}]},{\"@type\":\"WebSite\",\"@id\":\"https:\\\/\\\/anadolupet.com.tr\\\/#website\",\"url\":\"https:\\\/\\\/anadolupet.com.tr\\\/\",\"name\":\"Anadolu Pet Grup\",\"description\":\"Her Can\u0131n \u0130yi Ya\u015fam\u0131 \u0130\u00e7in Biraraday\u0131z\",\"publisher\":{\"@id\":\"https:\\\/\\\/anadolupet.com.tr\\\/#organization\"},\"potentialAction\":[{\"@type\":\"SearchAction\",\"target\":{\"@type\":\"EntryPoint\",\"urlTemplate\":\"https:\\\/\\\/anadolupet.com.tr\\\/?s={search_term_string}\"},\"query-input\":{\"@type\":\"PropertyValueSpecification\",\"valueRequired\":true,\"valueName\":\"search_term_string\"}}],\"inLanguage\":\"en-US\"},{\"@type\":\"Organization\",\"@id\":\"https:\\\/\\\/anadolupet.com.tr\\\/#organization\",\"name\":\"Anadolu Pet Grup\",\"alternateName\":\"Anadolu Pet\",\"url\":\"https:\\\/\\\/anadolupet.com.tr\\\/\",\"logo\":{\"@type\":\"ImageObject\",\"inLanguage\":\"en-US\",\"@id\":\"https:\\\/\\\/anadolupet.com.tr\\\/#\\\/schema\\\/logo\\\/image\\\/\",\"url\":\"https:\\\/\\\/anadolupet.com.tr\\\/wp-content\\\/uploads\\\/2026\\\/03\\\/1614666743370.jpg\",\"contentUrl\":\"https:\\\/\\\/anadolupet.com.tr\\\/wp-content\\\/uploads\\\/2026\\\/03\\\/1614666743370.jpg\",\"width\":800,\"height\":571,\"caption\":\"Anadolu Pet Grup\"},\"image\":{\"@id\":\"https:\\\/\\\/anadolupet.com.tr\\\/#\\\/schema\\\/logo\\\/image\\\/\"}}]}<\/script>\n<!-- \/ Yoast SEO plugin. -->","yoast_head_json":{"title":"Tetra Prima Mini Granules Mini Gran\u00fcl Dip Bal\u0131k Yemi - 100ML - Anadolu Pet Grup","robots":{"index":"index","follow":"follow","max-snippet":"max-snippet:-1","max-image-preview":"max-image-preview:large","max-video-preview":"max-video-preview:-1"},"canonical":"https:\/\/anadolupet.com.tr\/en\/product\/tetra-prima-mini-granules-mini-granul-dip-balik-yemi-100ml-2\/","og_locale":"en_US","og_type":"article","og_title":"Tetra Prima Mini Granules Mini Gran\u00fcl Dip Bal\u0131k Yemi - 100ML - Anadolu Pet Grup","og_description":"Tetra Prima Mini Granules; \u00e7e\u015fitli su seviyelerinde beslenen \u00e7\u00f6p\u00e7\u00fc, tropikal ve labirent t\u00fcr\u00fc bal\u0131klar d\u00fc\u015f\u00fcn\u00fclerek form\u00fcle edilmi\u015f y\u00fcksek kaliteli, t\u00fcm gerekli besinleri, vitaminleri ve iz elementleri i\u00e7eren, ana yemdir. \u0130\u00e7erdi\u011fi Stabilize C Vitamini sayesinde besledi\u011finiz canl\u0131lar\u0131n hastal\u0131klara kar\u015f\u0131 direncini artt\u0131r\u0131r, sa\u011fl\u0131kl\u0131 geli\u015fimi destekler ve beslenme eksikli\u011fine ba\u011fl\u0131 hastal\u0131klar\u0131 \u00f6nlemeye yard\u0131mc\u0131 olur. D\u00fczenli kullan\u0131mda bal\u0131klar\u0131n\u0131z\u0131n do\u011fal renklerini ortaya \u00e7\u0131kar\u0131r ve canl\u0131l\u0131klar\u0131n\u0131 artt\u0131r\u0131r. Tetra Prima Mini Granules; \u00f6zenle se\u00e7ilmi\u015f i\u00e7eri\u011fi sayesinde y\u00fcksek oranda emilir ve son derece d\u00fc\u015f\u00fck at\u0131k b\u0131rak\u0131lmas\u0131n\u0131 sa\u011flar. Bu sayede akvaryum suyu en az seviyede kirlenmi\u015f olur. \u0130\u00e7eri\u011fi; Bal\u0131k ve bal\u0131k \u00fcr\u00fcnleri, bitkisel protein \u00f6zleri, tah\u0131llar, \u00e7e\u015fitli bitkiler, istiridye ve karides, mayalar, mineraller, deniz yosunu, ya\u011flar ve l-lysine monoklorhidrat, lesitin, sitrik asit, do\u011fal renklendiriciler ve koruyucular. Dozaj; K\u00fc\u00e7\u00fck miktarlarda g\u00fcnde birka\u00e7 kez besleyin. Miktar; 100 ml","og_url":"https:\/\/anadolupet.com.tr\/en\/product\/tetra-prima-mini-granules-mini-granul-dip-balik-yemi-100ml-2\/","og_site_name":"Anadolu Pet Grup","article_modified_time":"2026-02-23T16:49:23+00:00","og_image":[{"width":750,"height":750,"url":"https:\/\/anadolupet.com.tr\/wp-content\/uploads\/2026\/02\/400-137165.jpg","type":"image\/jpeg"}],"twitter_card":"summary_large_image","schema":{"@context":"https:\/\/schema.org","@graph":[{"@type":"WebPage","@id":"https:\/\/anadolupet.com.tr\/urun\/tetra-prima-mini-granules-mini-granul-dip-balik-yemi-100ml-2\/","url":"https:\/\/anadolupet.com.tr\/urun\/tetra-prima-mini-granules-mini-granul-dip-balik-yemi-100ml-2\/","name":"Tetra Prima Mini Granules Mini Gran\u00fcl Dip Bal\u0131k Yemi - 100ML - Anadolu Pet Grup","isPartOf":{"@id":"https:\/\/anadolupet.com.tr\/#website"},"primaryImageOfPage":{"@id":"https:\/\/anadolupet.com.tr\/urun\/tetra-prima-mini-granules-mini-granul-dip-balik-yemi-100ml-2\/#primaryimage"},"image":{"@id":"https:\/\/anadolupet.com.tr\/urun\/tetra-prima-mini-granules-mini-granul-dip-balik-yemi-100ml-2\/#primaryimage"},"thumbnailUrl":"https:\/\/anadolupet.com.tr\/wp-content\/uploads\/2026\/02\/400-137165.jpg","datePublished":"2026-02-14T14:46:30+00:00","dateModified":"2026-02-23T16:49:23+00:00","breadcrumb":{"@id":"https:\/\/anadolupet.com.tr\/urun\/tetra-prima-mini-granules-mini-granul-dip-balik-yemi-100ml-2\/#breadcrumb"},"inLanguage":"en-US","potentialAction":[{"@type":"ReadAction","target":["https:\/\/anadolupet.com.tr\/urun\/tetra-prima-mini-granules-mini-granul-dip-balik-yemi-100ml-2\/"]}]},{"@type":"ImageObject","inLanguage":"en-US","@id":"https:\/\/anadolupet.com.tr\/urun\/tetra-prima-mini-granules-mini-granul-dip-balik-yemi-100ml-2\/#primaryimage","url":"https:\/\/anadolupet.com.tr\/wp-content\/uploads\/2026\/02\/400-137165.jpg","contentUrl":"https:\/\/anadolupet.com.tr\/wp-content\/uploads\/2026\/02\/400-137165.jpg","width":750,"height":750},{"@type":"BreadcrumbList","@id":"https:\/\/anadolupet.com.tr\/urun\/tetra-prima-mini-granules-mini-granul-dip-balik-yemi-100ml-2\/#breadcrumb","itemListElement":[{"@type":"ListItem","position":1,"name":"Anasayfa","item":"https:\/\/anadolupet.com.tr\/"},{"@type":"ListItem","position":2,"name":"\u00dcr\u00fcnler","item":"https:\/\/anadolupet.com.tr\/urunler\/"},{"@type":"ListItem","position":3,"name":"Tetra Prima Mini Granules Mini Gran\u00fcl Dip Bal\u0131k Yemi &#8211; 100ML"}]},{"@type":"WebSite","@id":"https:\/\/anadolupet.com.tr\/#website","url":"https:\/\/anadolupet.com.tr\/","name":"Anadolu Pet Group","description":"We Stand Together for the Well-Being of Every Life","publisher":{"@id":"https:\/\/anadolupet.com.tr\/#organization"},"potentialAction":[{"@type":"SearchAction","target":{"@type":"EntryPoint","urlTemplate":"https:\/\/anadolupet.com.tr\/?s={search_term_string}"},"query-input":{"@type":"PropertyValueSpecification","valueRequired":true,"valueName":"search_term_string"}}],"inLanguage":"en-US"},{"@type":"Organization","@id":"https:\/\/anadolupet.com.tr\/#organization","name":"Anadolu Pet Group","alternateName":"Anadolu Pet","url":"https:\/\/anadolupet.com.tr\/","logo":{"@type":"ImageObject","inLanguage":"en-US","@id":"https:\/\/anadolupet.com.tr\/#\/schema\/logo\/image\/","url":"https:\/\/anadolupet.com.tr\/wp-content\/uploads\/2026\/03\/1614666743370.jpg","contentUrl":"https:\/\/anadolupet.com.tr\/wp-content\/uploads\/2026\/03\/1614666743370.jpg","width":800,"height":571,"caption":"Anadolu Pet Grup"},"image":{"@id":"https:\/\/anadolupet.com.tr\/#\/schema\/logo\/image\/"}}]}},"_links":{"self":[{"href":"https:\/\/anadolupet.com.tr\/en\/wp-json\/wp\/v2\/product\/46358","targetHints":{"allow":["GET"]}}],"collection":[{"href":"https:\/\/anadolupet.com.tr\/en\/wp-json\/wp\/v2\/product"}],"about":[{"href":"https:\/\/anadolupet.com.tr\/en\/wp-json\/wp\/v2\/types\/product"}],"replies":[{"embeddable":true,"href":"https:\/\/anadolupet.com.tr\/en\/wp-json\/wp\/v2\/comments?post=46358"}],"wp:featuredmedia":[{"embeddable":true,"href":"https:\/\/anadolupet.com.tr\/en\/wp-json\/wp\/v2\/media\/47029"}],"wp:attachment":[{"href":"https:\/\/anadolupet.com.tr\/en\/wp-json\/wp\/v2\/media?parent=46358"}],"wp:term":[{"taxonomy":"product_brand","embeddable":true,"href":"https:\/\/anadolupet.com.tr\/en\/wp-json\/wp\/v2\/product_brand?post=46358"},{"taxonomy":"product_cat","embeddable":true,"href":"https:\/\/anadolupet.com.tr\/en\/wp-json\/wp\/v2\/product_cat?post=46358"},{"taxonomy":"product_tag","embeddable":true,"href":"https:\/\/anadolupet.com.tr\/en\/wp-json\/wp\/v2\/product_tag?post=46358"}],"curies":[{"name":"wp","href":"https:\/\/api.w.org\/{rel}","templated":true}]}}