{"id":46360,"date":"2026-02-14T14:46:31","date_gmt":"2026-02-14T14:46:31","guid":{"rendered":"https:\/\/anadolupet.com.tr\/?post_type=product&#038;p=46360"},"modified":"2026-02-23T16:49:23","modified_gmt":"2026-02-23T16:49:23","slug":"tetra-pro-algae-crisps-otcul-balik-yemi-12gr","status":"publish","type":"product","link":"https:\/\/anadolupet.com.tr\/en\/urun\/tetra-pro-algae-crisps-otcul-balik-yemi-12gr\/","title":{"rendered":"Tetra Pro Algae Crisps Ot\u00e7ul Bal\u0131k Yemi &#8211; 12GR"},"content":{"rendered":"","protected":false},"excerpt":{"rendered":"<p>Tetra Pro Algae Crisps, t\u00fcm tropikal bal\u0131klar i\u00e7in tasarlanm\u0131\u015f ideal beslenme ve temiz bir su i\u00e7in yeni jenerasyon bal\u0131k yemidir. Ot\u00e7ul beslenen akvaryum bal\u0131klar\u0131, cichlit ve guramiler i\u00e7in idealdir. Orta b\u00f6l\u00fcmdeki ye\u015fil k\u0131s\u0131m sipurilina i\u00e7erir ve genel sa\u011fl\u0131\u011f\u0131 destekler, kenarlardaki sar\u0131 b\u00f6l\u00fcm ise dengeli ve tam bir beslenme sa\u011flayan i\u00e7eriktedir. Elbette bu lezzetli yiyecek, bal\u0131\u011f\u0131n\u0131z\u0131n genel sa\u011fl\u0131\u011f\u0131n\u0131 ve canl\u0131l\u0131\u011f\u0131n\u0131 da artt\u0131r\u0131r. Ayn\u0131 zamanda tropikal bal\u0131klar\u0131n do\u011fal olarak renklerini geli\u015ftirir ve sa\u011fl\u0131kl\u0131 bir \u015fekilde parlamalar\u0131n\u0131 sa\u011flar.<br \/>\nD\u00fc\u015f\u00fck \u0131s\u0131 y\u00f6ntemi ile haz\u0131rlanm\u0131\u015f olmas\u0131 sayesinde vitamin ve besin de\u011ferlerinin maksimum korunmas\u0131 sa\u011flanm\u0131\u015ft\u0131r.<br \/>\nY\u00fcksek sindirilebilirli\u011fi sayesinde, su daha az kirlenir.<br \/>\n\u00dcr\u00fcn\u00fcn \u0130\u00e7eri\u011fi :<br \/>\nBal\u0131k ve bal\u0131k \u00fcr\u00fcnleri, bitkisel protein ekstrat\u0131, tah\u0131llar, maya, deniz yosunu (sipurlina), ya\u011flar, yumu\u015fak ve kabuklu deniz \u00fcr\u00fcnleri, s\u00fct ve s\u00fct \u00fcr\u00fcnleri, \u015feker, bitkisel orjinli \u00fcr\u00fcnler, lesitin, sitrik asit, karnitin, do\u011fal renklendirici ve koruyucular.<br \/>\n\u00dcr\u00fcn\u00fcn Analizi :<br \/>\nHam protein %46,0, ham ya\u011f %12,00, ham lif %3,0, ham k\u00fcl %11,0, nem %9,00, vitamin A 29,900 IU\/kg, vitamin D3 1865 IU\/kg, vitamin E 200 mg\/kg.<br \/>\nDozaj;<br \/>\nG\u00fcnde 2 &#8211; 3 kez canl\u0131lar\u0131n k\u0131sa bir s\u00fcre i\u00e7erisinde t\u00fcketebilece\u011fi k\u00fc\u00e7\u00fck porsiyonlar halinde verilmesi tavsiye edilir.<br \/>\nMiktar;<br \/>\n12 gr<\/p>","protected":false},"featured_media":47036,"comment_status":"open","ping_status":"closed","template":"","meta":{"_acf_changed":false},"product_brand":[],"product_cat":[2388],"product_tag":[],"class_list":{"0":"post-46360","1":"product","2":"type-product","3":"status-publish","4":"has-post-thumbnail","6":"product_cat-genel-yemler","8":"first","9":"instock","10":"shipping-taxable","11":"product-type-simple"},"acf":[],"yoast_head":"<!-- This site is optimized with the Yoast SEO plugin v27.4 - https:\/\/yoast.com\/product\/yoast-seo-wordpress\/ -->\n<title>Tetra Pro Algae Crisps Ot\u00e7ul Bal\u0131k Yemi - 12GR - Anadolu Pet Grup<\/title>\n<meta name=\"robots\" content=\"index, follow, max-snippet:-1, max-image-preview:large, max-video-preview:-1\" \/>\n<link rel=\"canonical\" href=\"https:\/\/anadolupet.com.tr\/en\/product\/tetra-pro-algae-crisps-otcul-balik-yemi-12gr\/\" \/>\n<meta property=\"og:locale\" content=\"en_US\" \/>\n<meta property=\"og:type\" content=\"article\" \/>\n<meta property=\"og:title\" content=\"Tetra Pro Algae Crisps Ot\u00e7ul Bal\u0131k Yemi - 12GR - Anadolu Pet Grup\" \/>\n<meta property=\"og:description\" content=\"Tetra Pro Algae Crisps, t\u00fcm tropikal bal\u0131klar i\u00e7in tasarlanm\u0131\u015f ideal beslenme ve temiz bir su i\u00e7in yeni jenerasyon bal\u0131k yemidir. Ot\u00e7ul beslenen akvaryum bal\u0131klar\u0131, cichlit ve guramiler i\u00e7in idealdir. Orta b\u00f6l\u00fcmdeki ye\u015fil k\u0131s\u0131m sipurilina i\u00e7erir ve genel sa\u011fl\u0131\u011f\u0131 destekler, kenarlardaki sar\u0131 b\u00f6l\u00fcm ise dengeli ve tam bir beslenme sa\u011flayan i\u00e7eriktedir. Elbette bu lezzetli yiyecek, bal\u0131\u011f\u0131n\u0131z\u0131n genel sa\u011fl\u0131\u011f\u0131n\u0131 ve canl\u0131l\u0131\u011f\u0131n\u0131 da artt\u0131r\u0131r. Ayn\u0131 zamanda tropikal bal\u0131klar\u0131n do\u011fal olarak renklerini geli\u015ftirir ve sa\u011fl\u0131kl\u0131 bir \u015fekilde parlamalar\u0131n\u0131 sa\u011flar. D\u00fc\u015f\u00fck \u0131s\u0131 y\u00f6ntemi ile haz\u0131rlanm\u0131\u015f olmas\u0131 sayesinde vitamin ve besin de\u011ferlerinin maksimum korunmas\u0131 sa\u011flanm\u0131\u015ft\u0131r. Y\u00fcksek sindirilebilirli\u011fi sayesinde, su daha az kirlenir. \u00dcr\u00fcn\u00fcn \u0130\u00e7eri\u011fi : Bal\u0131k ve bal\u0131k \u00fcr\u00fcnleri, bitkisel protein ekstrat\u0131, tah\u0131llar, maya, deniz yosunu (sipurlina), ya\u011flar, yumu\u015fak ve kabuklu deniz \u00fcr\u00fcnleri, s\u00fct ve s\u00fct \u00fcr\u00fcnleri, \u015feker, bitkisel orjinli \u00fcr\u00fcnler, lesitin, sitrik asit, karnitin, do\u011fal renklendirici ve koruyucular. \u00dcr\u00fcn\u00fcn Analizi : Ham protein %46,0, ham ya\u011f %12,00, ham lif %3,0, ham k\u00fcl %11,0, nem %9,00, vitamin A 29,900 IU\/kg, vitamin D3 1865 IU\/kg, vitamin E 200 mg\/kg. Dozaj; G\u00fcnde 2 - 3 kez canl\u0131lar\u0131n k\u0131sa bir s\u00fcre i\u00e7erisinde t\u00fcketebilece\u011fi k\u00fc\u00e7\u00fck porsiyonlar halinde verilmesi tavsiye edilir. Miktar; 12 gr\" \/>\n<meta property=\"og:url\" content=\"https:\/\/anadolupet.com.tr\/en\/product\/tetra-pro-algae-crisps-otcul-balik-yemi-12gr\/\" \/>\n<meta property=\"og:site_name\" content=\"Anadolu Pet Grup\" \/>\n<meta property=\"article:modified_time\" content=\"2026-02-23T16:49:23+00:00\" \/>\n<meta property=\"og:image\" content=\"https:\/\/anadolupet.com.tr\/wp-content\/uploads\/2026\/02\/400-149397.jpg\" \/>\n\t<meta property=\"og:image:width\" content=\"750\" \/>\n\t<meta property=\"og:image:height\" content=\"750\" \/>\n\t<meta property=\"og:image:type\" content=\"image\/jpeg\" \/>\n<meta name=\"twitter:card\" content=\"summary_large_image\" \/>\n<script type=\"application\/ld+json\" class=\"yoast-schema-graph\">{\"@context\":\"https:\\\/\\\/schema.org\",\"@graph\":[{\"@type\":\"WebPage\",\"@id\":\"https:\\\/\\\/anadolupet.com.tr\\\/urun\\\/tetra-pro-algae-crisps-otcul-balik-yemi-12gr\\\/\",\"url\":\"https:\\\/\\\/anadolupet.com.tr\\\/urun\\\/tetra-pro-algae-crisps-otcul-balik-yemi-12gr\\\/\",\"name\":\"Tetra Pro Algae Crisps Ot\u00e7ul Bal\u0131k Yemi - 12GR - Anadolu Pet Grup\",\"isPartOf\":{\"@id\":\"https:\\\/\\\/anadolupet.com.tr\\\/#website\"},\"primaryImageOfPage\":{\"@id\":\"https:\\\/\\\/anadolupet.com.tr\\\/urun\\\/tetra-pro-algae-crisps-otcul-balik-yemi-12gr\\\/#primaryimage\"},\"image\":{\"@id\":\"https:\\\/\\\/anadolupet.com.tr\\\/urun\\\/tetra-pro-algae-crisps-otcul-balik-yemi-12gr\\\/#primaryimage\"},\"thumbnailUrl\":\"https:\\\/\\\/anadolupet.com.tr\\\/wp-content\\\/uploads\\\/2026\\\/02\\\/400-149397.jpg\",\"datePublished\":\"2026-02-14T14:46:31+00:00\",\"dateModified\":\"2026-02-23T16:49:23+00:00\",\"breadcrumb\":{\"@id\":\"https:\\\/\\\/anadolupet.com.tr\\\/urun\\\/tetra-pro-algae-crisps-otcul-balik-yemi-12gr\\\/#breadcrumb\"},\"inLanguage\":\"en-US\",\"potentialAction\":[{\"@type\":\"ReadAction\",\"target\":[\"https:\\\/\\\/anadolupet.com.tr\\\/urun\\\/tetra-pro-algae-crisps-otcul-balik-yemi-12gr\\\/\"]}]},{\"@type\":\"ImageObject\",\"inLanguage\":\"en-US\",\"@id\":\"https:\\\/\\\/anadolupet.com.tr\\\/urun\\\/tetra-pro-algae-crisps-otcul-balik-yemi-12gr\\\/#primaryimage\",\"url\":\"https:\\\/\\\/anadolupet.com.tr\\\/wp-content\\\/uploads\\\/2026\\\/02\\\/400-149397.jpg\",\"contentUrl\":\"https:\\\/\\\/anadolupet.com.tr\\\/wp-content\\\/uploads\\\/2026\\\/02\\\/400-149397.jpg\",\"width\":750,\"height\":750},{\"@type\":\"BreadcrumbList\",\"@id\":\"https:\\\/\\\/anadolupet.com.tr\\\/urun\\\/tetra-pro-algae-crisps-otcul-balik-yemi-12gr\\\/#breadcrumb\",\"itemListElement\":[{\"@type\":\"ListItem\",\"position\":1,\"name\":\"Anasayfa\",\"item\":\"https:\\\/\\\/anadolupet.com.tr\\\/\"},{\"@type\":\"ListItem\",\"position\":2,\"name\":\"\u00dcr\u00fcnler\",\"item\":\"https:\\\/\\\/anadolupet.com.tr\\\/urunler\\\/\"},{\"@type\":\"ListItem\",\"position\":3,\"name\":\"Tetra Pro Algae Crisps Ot\u00e7ul Bal\u0131k Yemi &#8211; 12GR\"}]},{\"@type\":\"WebSite\",\"@id\":\"https:\\\/\\\/anadolupet.com.tr\\\/#website\",\"url\":\"https:\\\/\\\/anadolupet.com.tr\\\/\",\"name\":\"Anadolu Pet Grup\",\"description\":\"Her Can\u0131n \u0130yi Ya\u015fam\u0131 \u0130\u00e7in Biraraday\u0131z\",\"publisher\":{\"@id\":\"https:\\\/\\\/anadolupet.com.tr\\\/#organization\"},\"potentialAction\":[{\"@type\":\"SearchAction\",\"target\":{\"@type\":\"EntryPoint\",\"urlTemplate\":\"https:\\\/\\\/anadolupet.com.tr\\\/?s={search_term_string}\"},\"query-input\":{\"@type\":\"PropertyValueSpecification\",\"valueRequired\":true,\"valueName\":\"search_term_string\"}}],\"inLanguage\":\"en-US\"},{\"@type\":\"Organization\",\"@id\":\"https:\\\/\\\/anadolupet.com.tr\\\/#organization\",\"name\":\"Anadolu Pet Grup\",\"alternateName\":\"Anadolu Pet\",\"url\":\"https:\\\/\\\/anadolupet.com.tr\\\/\",\"logo\":{\"@type\":\"ImageObject\",\"inLanguage\":\"en-US\",\"@id\":\"https:\\\/\\\/anadolupet.com.tr\\\/#\\\/schema\\\/logo\\\/image\\\/\",\"url\":\"https:\\\/\\\/anadolupet.com.tr\\\/wp-content\\\/uploads\\\/2026\\\/03\\\/1614666743370.jpg\",\"contentUrl\":\"https:\\\/\\\/anadolupet.com.tr\\\/wp-content\\\/uploads\\\/2026\\\/03\\\/1614666743370.jpg\",\"width\":800,\"height\":571,\"caption\":\"Anadolu Pet Grup\"},\"image\":{\"@id\":\"https:\\\/\\\/anadolupet.com.tr\\\/#\\\/schema\\\/logo\\\/image\\\/\"}}]}<\/script>\n<!-- \/ Yoast SEO plugin. -->","yoast_head_json":{"title":"Tetra Pro Algae Crisps Ot\u00e7ul Bal\u0131k Yemi - 12GR - Anadolu Pet Grup","robots":{"index":"index","follow":"follow","max-snippet":"max-snippet:-1","max-image-preview":"max-image-preview:large","max-video-preview":"max-video-preview:-1"},"canonical":"https:\/\/anadolupet.com.tr\/en\/product\/tetra-pro-algae-crisps-otcul-balik-yemi-12gr\/","og_locale":"en_US","og_type":"article","og_title":"Tetra Pro Algae Crisps Ot\u00e7ul Bal\u0131k Yemi - 12GR - Anadolu Pet Grup","og_description":"Tetra Pro Algae Crisps, t\u00fcm tropikal bal\u0131klar i\u00e7in tasarlanm\u0131\u015f ideal beslenme ve temiz bir su i\u00e7in yeni jenerasyon bal\u0131k yemidir. Ot\u00e7ul beslenen akvaryum bal\u0131klar\u0131, cichlit ve guramiler i\u00e7in idealdir. Orta b\u00f6l\u00fcmdeki ye\u015fil k\u0131s\u0131m sipurilina i\u00e7erir ve genel sa\u011fl\u0131\u011f\u0131 destekler, kenarlardaki sar\u0131 b\u00f6l\u00fcm ise dengeli ve tam bir beslenme sa\u011flayan i\u00e7eriktedir. Elbette bu lezzetli yiyecek, bal\u0131\u011f\u0131n\u0131z\u0131n genel sa\u011fl\u0131\u011f\u0131n\u0131 ve canl\u0131l\u0131\u011f\u0131n\u0131 da artt\u0131r\u0131r. Ayn\u0131 zamanda tropikal bal\u0131klar\u0131n do\u011fal olarak renklerini geli\u015ftirir ve sa\u011fl\u0131kl\u0131 bir \u015fekilde parlamalar\u0131n\u0131 sa\u011flar. D\u00fc\u015f\u00fck \u0131s\u0131 y\u00f6ntemi ile haz\u0131rlanm\u0131\u015f olmas\u0131 sayesinde vitamin ve besin de\u011ferlerinin maksimum korunmas\u0131 sa\u011flanm\u0131\u015ft\u0131r. Y\u00fcksek sindirilebilirli\u011fi sayesinde, su daha az kirlenir. \u00dcr\u00fcn\u00fcn \u0130\u00e7eri\u011fi : Bal\u0131k ve bal\u0131k \u00fcr\u00fcnleri, bitkisel protein ekstrat\u0131, tah\u0131llar, maya, deniz yosunu (sipurlina), ya\u011flar, yumu\u015fak ve kabuklu deniz \u00fcr\u00fcnleri, s\u00fct ve s\u00fct \u00fcr\u00fcnleri, \u015feker, bitkisel orjinli \u00fcr\u00fcnler, lesitin, sitrik asit, karnitin, do\u011fal renklendirici ve koruyucular. \u00dcr\u00fcn\u00fcn Analizi : Ham protein %46,0, ham ya\u011f %12,00, ham lif %3,0, ham k\u00fcl %11,0, nem %9,00, vitamin A 29,900 IU\/kg, vitamin D3 1865 IU\/kg, vitamin E 200 mg\/kg. Dozaj; G\u00fcnde 2 - 3 kez canl\u0131lar\u0131n k\u0131sa bir s\u00fcre i\u00e7erisinde t\u00fcketebilece\u011fi k\u00fc\u00e7\u00fck porsiyonlar halinde verilmesi tavsiye edilir. Miktar; 12 gr","og_url":"https:\/\/anadolupet.com.tr\/en\/product\/tetra-pro-algae-crisps-otcul-balik-yemi-12gr\/","og_site_name":"Anadolu Pet Grup","article_modified_time":"2026-02-23T16:49:23+00:00","og_image":[{"width":750,"height":750,"url":"https:\/\/anadolupet.com.tr\/wp-content\/uploads\/2026\/02\/400-149397.jpg","type":"image\/jpeg"}],"twitter_card":"summary_large_image","schema":{"@context":"https:\/\/schema.org","@graph":[{"@type":"WebPage","@id":"https:\/\/anadolupet.com.tr\/urun\/tetra-pro-algae-crisps-otcul-balik-yemi-12gr\/","url":"https:\/\/anadolupet.com.tr\/urun\/tetra-pro-algae-crisps-otcul-balik-yemi-12gr\/","name":"Tetra Pro Algae Crisps Ot\u00e7ul Bal\u0131k Yemi - 12GR - Anadolu Pet Grup","isPartOf":{"@id":"https:\/\/anadolupet.com.tr\/#website"},"primaryImageOfPage":{"@id":"https:\/\/anadolupet.com.tr\/urun\/tetra-pro-algae-crisps-otcul-balik-yemi-12gr\/#primaryimage"},"image":{"@id":"https:\/\/anadolupet.com.tr\/urun\/tetra-pro-algae-crisps-otcul-balik-yemi-12gr\/#primaryimage"},"thumbnailUrl":"https:\/\/anadolupet.com.tr\/wp-content\/uploads\/2026\/02\/400-149397.jpg","datePublished":"2026-02-14T14:46:31+00:00","dateModified":"2026-02-23T16:49:23+00:00","breadcrumb":{"@id":"https:\/\/anadolupet.com.tr\/urun\/tetra-pro-algae-crisps-otcul-balik-yemi-12gr\/#breadcrumb"},"inLanguage":"en-US","potentialAction":[{"@type":"ReadAction","target":["https:\/\/anadolupet.com.tr\/urun\/tetra-pro-algae-crisps-otcul-balik-yemi-12gr\/"]}]},{"@type":"ImageObject","inLanguage":"en-US","@id":"https:\/\/anadolupet.com.tr\/urun\/tetra-pro-algae-crisps-otcul-balik-yemi-12gr\/#primaryimage","url":"https:\/\/anadolupet.com.tr\/wp-content\/uploads\/2026\/02\/400-149397.jpg","contentUrl":"https:\/\/anadolupet.com.tr\/wp-content\/uploads\/2026\/02\/400-149397.jpg","width":750,"height":750},{"@type":"BreadcrumbList","@id":"https:\/\/anadolupet.com.tr\/urun\/tetra-pro-algae-crisps-otcul-balik-yemi-12gr\/#breadcrumb","itemListElement":[{"@type":"ListItem","position":1,"name":"Anasayfa","item":"https:\/\/anadolupet.com.tr\/"},{"@type":"ListItem","position":2,"name":"\u00dcr\u00fcnler","item":"https:\/\/anadolupet.com.tr\/urunler\/"},{"@type":"ListItem","position":3,"name":"Tetra Pro Algae Crisps Ot\u00e7ul Bal\u0131k Yemi &#8211; 12GR"}]},{"@type":"WebSite","@id":"https:\/\/anadolupet.com.tr\/#website","url":"https:\/\/anadolupet.com.tr\/","name":"Anadolu Pet Group","description":"We Stand Together for the Well-Being of Every Life","publisher":{"@id":"https:\/\/anadolupet.com.tr\/#organization"},"potentialAction":[{"@type":"SearchAction","target":{"@type":"EntryPoint","urlTemplate":"https:\/\/anadolupet.com.tr\/?s={search_term_string}"},"query-input":{"@type":"PropertyValueSpecification","valueRequired":true,"valueName":"search_term_string"}}],"inLanguage":"en-US"},{"@type":"Organization","@id":"https:\/\/anadolupet.com.tr\/#organization","name":"Anadolu Pet Group","alternateName":"Anadolu Pet","url":"https:\/\/anadolupet.com.tr\/","logo":{"@type":"ImageObject","inLanguage":"en-US","@id":"https:\/\/anadolupet.com.tr\/#\/schema\/logo\/image\/","url":"https:\/\/anadolupet.com.tr\/wp-content\/uploads\/2026\/03\/1614666743370.jpg","contentUrl":"https:\/\/anadolupet.com.tr\/wp-content\/uploads\/2026\/03\/1614666743370.jpg","width":800,"height":571,"caption":"Anadolu Pet Grup"},"image":{"@id":"https:\/\/anadolupet.com.tr\/#\/schema\/logo\/image\/"}}]}},"_links":{"self":[{"href":"https:\/\/anadolupet.com.tr\/en\/wp-json\/wp\/v2\/product\/46360","targetHints":{"allow":["GET"]}}],"collection":[{"href":"https:\/\/anadolupet.com.tr\/en\/wp-json\/wp\/v2\/product"}],"about":[{"href":"https:\/\/anadolupet.com.tr\/en\/wp-json\/wp\/v2\/types\/product"}],"replies":[{"embeddable":true,"href":"https:\/\/anadolupet.com.tr\/en\/wp-json\/wp\/v2\/comments?post=46360"}],"wp:featuredmedia":[{"embeddable":true,"href":"https:\/\/anadolupet.com.tr\/en\/wp-json\/wp\/v2\/media\/47036"}],"wp:attachment":[{"href":"https:\/\/anadolupet.com.tr\/en\/wp-json\/wp\/v2\/media?parent=46360"}],"wp:term":[{"taxonomy":"product_brand","embeddable":true,"href":"https:\/\/anadolupet.com.tr\/en\/wp-json\/wp\/v2\/product_brand?post=46360"},{"taxonomy":"product_cat","embeddable":true,"href":"https:\/\/anadolupet.com.tr\/en\/wp-json\/wp\/v2\/product_cat?post=46360"},{"taxonomy":"product_tag","embeddable":true,"href":"https:\/\/anadolupet.com.tr\/en\/wp-json\/wp\/v2\/product_tag?post=46360"}],"curies":[{"name":"wp","href":"https:\/\/api.w.org\/{rel}","templated":true}]}}