{"id":46363,"date":"2026-02-14T14:46:31","date_gmt":"2026-02-14T14:46:31","guid":{"rendered":"https:\/\/anadolupet.com.tr\/?post_type=product&#038;p=46363"},"modified":"2026-02-23T16:49:24","modified_gmt":"2026-02-23T16:49:24","slug":"tetra-pro-colour-renklendirici-tropikal-balik-yemi-10lt","status":"publish","type":"product","link":"https:\/\/anadolupet.com.tr\/en\/urun\/tetra-pro-colour-renklendirici-tropikal-balik-yemi-10lt\/","title":{"rendered":"Tetra Pro Colour Renklendirici Tropikal Bal\u0131k Yemi &#8211; 10LT"},"content":{"rendered":"","protected":false},"excerpt":{"rendered":"<p>Tetra Pro Colour, hassas, d\u00fc\u015f\u00fck \u0131s\u0131l\u0131 \u00fcretim s\u00fcreci sayesinde m\u00fckemmel besin de\u011ferine sahip birinci s\u0131n\u0131f bal\u0131k yemidir. Ek renk konsantresi, bal\u0131klar\u0131n renklenmesine katk\u0131 verir ve iki hafta gibi k\u0131sa bir s\u00fcre sonunda renk canl\u0131l\u0131\u011f\u0131 sa\u011far.<br \/>\nDetaylar;<br \/>\n*D\u00fc\u015f\u00fck \u0131s\u0131l\u0131 \u00fcretim s\u00fcreci sayesinde t\u00fcm gerekli besinler ve vitaminleri i\u00e7erir.<br \/>\n*Y\u00fcksek besin de\u011feri olan deniz yosunu i\u00e7erir. \u0130\u00e7eri\u011findeki deniz yosunu besleyicidir ve hazm\u0131 kolayd\u0131r.<br \/>\n*G\u00fczel, renkli bal\u0131klar i\u00e7in renk konsantresi i\u00e7erir.<br \/>\n*Geli\u015fmi\u015f sindirim i\u00e7in Prebiyotikler i\u00e7erir.<br \/>\nDozaj;<br \/>\nG\u00fcnl\u00fck olarak 2 &#8211; 3 kez bal\u0131\u011f\u0131n\u0131z\u0131n k\u0131sa bir s\u00fcre i\u00e7erisinde t\u00fcketebilece\u011fi miktarlarda verilmesi tavsiye edilir.<br \/>\nMiktar;<br \/>\n10 Lt<\/p>","protected":false},"featured_media":47068,"comment_status":"open","ping_status":"closed","template":"","meta":{"_acf_changed":false},"product_brand":[],"product_cat":[2388],"product_tag":[],"class_list":{"0":"post-46363","1":"product","2":"type-product","3":"status-publish","4":"has-post-thumbnail","6":"product_cat-genel-yemler","8":"first","9":"instock","10":"shipping-taxable","11":"product-type-simple"},"acf":[],"yoast_head":"<!-- This site is optimized with the Yoast SEO plugin v27.4 - https:\/\/yoast.com\/product\/yoast-seo-wordpress\/ -->\n<title>Tetra Pro Colour Renklendirici Tropikal Bal\u0131k Yemi - 10LT - Anadolu Pet Grup<\/title>\n<meta name=\"robots\" content=\"index, follow, max-snippet:-1, max-image-preview:large, max-video-preview:-1\" \/>\n<link rel=\"canonical\" href=\"https:\/\/anadolupet.com.tr\/en\/product\/tetra-pro-colour-renklendirici-tropikal-balik-yemi-10lt\/\" \/>\n<meta property=\"og:locale\" content=\"en_US\" \/>\n<meta property=\"og:type\" content=\"article\" \/>\n<meta property=\"og:title\" content=\"Tetra Pro Colour Renklendirici Tropikal Bal\u0131k Yemi - 10LT - Anadolu Pet Grup\" \/>\n<meta property=\"og:description\" content=\"Tetra Pro Colour, hassas, d\u00fc\u015f\u00fck \u0131s\u0131l\u0131 \u00fcretim s\u00fcreci sayesinde m\u00fckemmel besin de\u011ferine sahip birinci s\u0131n\u0131f bal\u0131k yemidir. Ek renk konsantresi, bal\u0131klar\u0131n renklenmesine katk\u0131 verir ve iki hafta gibi k\u0131sa bir s\u00fcre sonunda renk canl\u0131l\u0131\u011f\u0131 sa\u011far. Detaylar; *D\u00fc\u015f\u00fck \u0131s\u0131l\u0131 \u00fcretim s\u00fcreci sayesinde t\u00fcm gerekli besinler ve vitaminleri i\u00e7erir. *Y\u00fcksek besin de\u011feri olan deniz yosunu i\u00e7erir. \u0130\u00e7eri\u011findeki deniz yosunu besleyicidir ve hazm\u0131 kolayd\u0131r. *G\u00fczel, renkli bal\u0131klar i\u00e7in renk konsantresi i\u00e7erir. *Geli\u015fmi\u015f sindirim i\u00e7in Prebiyotikler i\u00e7erir. Dozaj; G\u00fcnl\u00fck olarak 2 - 3 kez bal\u0131\u011f\u0131n\u0131z\u0131n k\u0131sa bir s\u00fcre i\u00e7erisinde t\u00fcketebilece\u011fi miktarlarda verilmesi tavsiye edilir. Miktar; 10 Lt\" \/>\n<meta property=\"og:url\" content=\"https:\/\/anadolupet.com.tr\/en\/product\/tetra-pro-colour-renklendirici-tropikal-balik-yemi-10lt\/\" \/>\n<meta property=\"og:site_name\" content=\"Anadolu Pet Grup\" \/>\n<meta property=\"article:modified_time\" content=\"2026-02-23T16:49:24+00:00\" \/>\n<meta property=\"og:image\" content=\"https:\/\/anadolupet.com.tr\/wp-content\/uploads\/2026\/02\/400-708473.jpg\" \/>\n\t<meta property=\"og:image:width\" content=\"750\" \/>\n\t<meta property=\"og:image:height\" content=\"750\" \/>\n\t<meta property=\"og:image:type\" content=\"image\/jpeg\" \/>\n<meta name=\"twitter:card\" content=\"summary_large_image\" \/>\n<script type=\"application\/ld+json\" class=\"yoast-schema-graph\">{\"@context\":\"https:\\\/\\\/schema.org\",\"@graph\":[{\"@type\":\"WebPage\",\"@id\":\"https:\\\/\\\/anadolupet.com.tr\\\/urun\\\/tetra-pro-colour-renklendirici-tropikal-balik-yemi-10lt\\\/\",\"url\":\"https:\\\/\\\/anadolupet.com.tr\\\/urun\\\/tetra-pro-colour-renklendirici-tropikal-balik-yemi-10lt\\\/\",\"name\":\"Tetra Pro Colour Renklendirici Tropikal Bal\u0131k Yemi - 10LT - Anadolu Pet Grup\",\"isPartOf\":{\"@id\":\"https:\\\/\\\/anadolupet.com.tr\\\/#website\"},\"primaryImageOfPage\":{\"@id\":\"https:\\\/\\\/anadolupet.com.tr\\\/urun\\\/tetra-pro-colour-renklendirici-tropikal-balik-yemi-10lt\\\/#primaryimage\"},\"image\":{\"@id\":\"https:\\\/\\\/anadolupet.com.tr\\\/urun\\\/tetra-pro-colour-renklendirici-tropikal-balik-yemi-10lt\\\/#primaryimage\"},\"thumbnailUrl\":\"https:\\\/\\\/anadolupet.com.tr\\\/wp-content\\\/uploads\\\/2026\\\/02\\\/400-708473.jpg\",\"datePublished\":\"2026-02-14T14:46:31+00:00\",\"dateModified\":\"2026-02-23T16:49:24+00:00\",\"breadcrumb\":{\"@id\":\"https:\\\/\\\/anadolupet.com.tr\\\/urun\\\/tetra-pro-colour-renklendirici-tropikal-balik-yemi-10lt\\\/#breadcrumb\"},\"inLanguage\":\"en-US\",\"potentialAction\":[{\"@type\":\"ReadAction\",\"target\":[\"https:\\\/\\\/anadolupet.com.tr\\\/urun\\\/tetra-pro-colour-renklendirici-tropikal-balik-yemi-10lt\\\/\"]}]},{\"@type\":\"ImageObject\",\"inLanguage\":\"en-US\",\"@id\":\"https:\\\/\\\/anadolupet.com.tr\\\/urun\\\/tetra-pro-colour-renklendirici-tropikal-balik-yemi-10lt\\\/#primaryimage\",\"url\":\"https:\\\/\\\/anadolupet.com.tr\\\/wp-content\\\/uploads\\\/2026\\\/02\\\/400-708473.jpg\",\"contentUrl\":\"https:\\\/\\\/anadolupet.com.tr\\\/wp-content\\\/uploads\\\/2026\\\/02\\\/400-708473.jpg\",\"width\":750,\"height\":750},{\"@type\":\"BreadcrumbList\",\"@id\":\"https:\\\/\\\/anadolupet.com.tr\\\/urun\\\/tetra-pro-colour-renklendirici-tropikal-balik-yemi-10lt\\\/#breadcrumb\",\"itemListElement\":[{\"@type\":\"ListItem\",\"position\":1,\"name\":\"Anasayfa\",\"item\":\"https:\\\/\\\/anadolupet.com.tr\\\/\"},{\"@type\":\"ListItem\",\"position\":2,\"name\":\"\u00dcr\u00fcnler\",\"item\":\"https:\\\/\\\/anadolupet.com.tr\\\/urunler\\\/\"},{\"@type\":\"ListItem\",\"position\":3,\"name\":\"Tetra Pro Colour Renklendirici Tropikal Bal\u0131k Yemi &#8211; 10LT\"}]},{\"@type\":\"WebSite\",\"@id\":\"https:\\\/\\\/anadolupet.com.tr\\\/#website\",\"url\":\"https:\\\/\\\/anadolupet.com.tr\\\/\",\"name\":\"Anadolu Pet Grup\",\"description\":\"Her Can\u0131n \u0130yi Ya\u015fam\u0131 \u0130\u00e7in Biraraday\u0131z\",\"publisher\":{\"@id\":\"https:\\\/\\\/anadolupet.com.tr\\\/#organization\"},\"potentialAction\":[{\"@type\":\"SearchAction\",\"target\":{\"@type\":\"EntryPoint\",\"urlTemplate\":\"https:\\\/\\\/anadolupet.com.tr\\\/?s={search_term_string}\"},\"query-input\":{\"@type\":\"PropertyValueSpecification\",\"valueRequired\":true,\"valueName\":\"search_term_string\"}}],\"inLanguage\":\"en-US\"},{\"@type\":\"Organization\",\"@id\":\"https:\\\/\\\/anadolupet.com.tr\\\/#organization\",\"name\":\"Anadolu Pet Grup\",\"alternateName\":\"Anadolu Pet\",\"url\":\"https:\\\/\\\/anadolupet.com.tr\\\/\",\"logo\":{\"@type\":\"ImageObject\",\"inLanguage\":\"en-US\",\"@id\":\"https:\\\/\\\/anadolupet.com.tr\\\/#\\\/schema\\\/logo\\\/image\\\/\",\"url\":\"https:\\\/\\\/anadolupet.com.tr\\\/wp-content\\\/uploads\\\/2026\\\/03\\\/1614666743370.jpg\",\"contentUrl\":\"https:\\\/\\\/anadolupet.com.tr\\\/wp-content\\\/uploads\\\/2026\\\/03\\\/1614666743370.jpg\",\"width\":800,\"height\":571,\"caption\":\"Anadolu Pet Grup\"},\"image\":{\"@id\":\"https:\\\/\\\/anadolupet.com.tr\\\/#\\\/schema\\\/logo\\\/image\\\/\"}}]}<\/script>\n<!-- \/ Yoast SEO plugin. -->","yoast_head_json":{"title":"Tetra Pro Colour Renklendirici Tropikal Bal\u0131k Yemi - 10LT - Anadolu Pet Grup","robots":{"index":"index","follow":"follow","max-snippet":"max-snippet:-1","max-image-preview":"max-image-preview:large","max-video-preview":"max-video-preview:-1"},"canonical":"https:\/\/anadolupet.com.tr\/en\/product\/tetra-pro-colour-renklendirici-tropikal-balik-yemi-10lt\/","og_locale":"en_US","og_type":"article","og_title":"Tetra Pro Colour Renklendirici Tropikal Bal\u0131k Yemi - 10LT - Anadolu Pet Grup","og_description":"Tetra Pro Colour, hassas, d\u00fc\u015f\u00fck \u0131s\u0131l\u0131 \u00fcretim s\u00fcreci sayesinde m\u00fckemmel besin de\u011ferine sahip birinci s\u0131n\u0131f bal\u0131k yemidir. Ek renk konsantresi, bal\u0131klar\u0131n renklenmesine katk\u0131 verir ve iki hafta gibi k\u0131sa bir s\u00fcre sonunda renk canl\u0131l\u0131\u011f\u0131 sa\u011far. Detaylar; *D\u00fc\u015f\u00fck \u0131s\u0131l\u0131 \u00fcretim s\u00fcreci sayesinde t\u00fcm gerekli besinler ve vitaminleri i\u00e7erir. *Y\u00fcksek besin de\u011feri olan deniz yosunu i\u00e7erir. \u0130\u00e7eri\u011findeki deniz yosunu besleyicidir ve hazm\u0131 kolayd\u0131r. *G\u00fczel, renkli bal\u0131klar i\u00e7in renk konsantresi i\u00e7erir. *Geli\u015fmi\u015f sindirim i\u00e7in Prebiyotikler i\u00e7erir. Dozaj; G\u00fcnl\u00fck olarak 2 - 3 kez bal\u0131\u011f\u0131n\u0131z\u0131n k\u0131sa bir s\u00fcre i\u00e7erisinde t\u00fcketebilece\u011fi miktarlarda verilmesi tavsiye edilir. Miktar; 10 Lt","og_url":"https:\/\/anadolupet.com.tr\/en\/product\/tetra-pro-colour-renklendirici-tropikal-balik-yemi-10lt\/","og_site_name":"Anadolu Pet Grup","article_modified_time":"2026-02-23T16:49:24+00:00","og_image":[{"width":750,"height":750,"url":"https:\/\/anadolupet.com.tr\/wp-content\/uploads\/2026\/02\/400-708473.jpg","type":"image\/jpeg"}],"twitter_card":"summary_large_image","schema":{"@context":"https:\/\/schema.org","@graph":[{"@type":"WebPage","@id":"https:\/\/anadolupet.com.tr\/urun\/tetra-pro-colour-renklendirici-tropikal-balik-yemi-10lt\/","url":"https:\/\/anadolupet.com.tr\/urun\/tetra-pro-colour-renklendirici-tropikal-balik-yemi-10lt\/","name":"Tetra Pro Colour Renklendirici Tropikal Bal\u0131k Yemi - 10LT - Anadolu Pet Grup","isPartOf":{"@id":"https:\/\/anadolupet.com.tr\/#website"},"primaryImageOfPage":{"@id":"https:\/\/anadolupet.com.tr\/urun\/tetra-pro-colour-renklendirici-tropikal-balik-yemi-10lt\/#primaryimage"},"image":{"@id":"https:\/\/anadolupet.com.tr\/urun\/tetra-pro-colour-renklendirici-tropikal-balik-yemi-10lt\/#primaryimage"},"thumbnailUrl":"https:\/\/anadolupet.com.tr\/wp-content\/uploads\/2026\/02\/400-708473.jpg","datePublished":"2026-02-14T14:46:31+00:00","dateModified":"2026-02-23T16:49:24+00:00","breadcrumb":{"@id":"https:\/\/anadolupet.com.tr\/urun\/tetra-pro-colour-renklendirici-tropikal-balik-yemi-10lt\/#breadcrumb"},"inLanguage":"en-US","potentialAction":[{"@type":"ReadAction","target":["https:\/\/anadolupet.com.tr\/urun\/tetra-pro-colour-renklendirici-tropikal-balik-yemi-10lt\/"]}]},{"@type":"ImageObject","inLanguage":"en-US","@id":"https:\/\/anadolupet.com.tr\/urun\/tetra-pro-colour-renklendirici-tropikal-balik-yemi-10lt\/#primaryimage","url":"https:\/\/anadolupet.com.tr\/wp-content\/uploads\/2026\/02\/400-708473.jpg","contentUrl":"https:\/\/anadolupet.com.tr\/wp-content\/uploads\/2026\/02\/400-708473.jpg","width":750,"height":750},{"@type":"BreadcrumbList","@id":"https:\/\/anadolupet.com.tr\/urun\/tetra-pro-colour-renklendirici-tropikal-balik-yemi-10lt\/#breadcrumb","itemListElement":[{"@type":"ListItem","position":1,"name":"Anasayfa","item":"https:\/\/anadolupet.com.tr\/"},{"@type":"ListItem","position":2,"name":"\u00dcr\u00fcnler","item":"https:\/\/anadolupet.com.tr\/urunler\/"},{"@type":"ListItem","position":3,"name":"Tetra Pro Colour Renklendirici Tropikal Bal\u0131k Yemi &#8211; 10LT"}]},{"@type":"WebSite","@id":"https:\/\/anadolupet.com.tr\/#website","url":"https:\/\/anadolupet.com.tr\/","name":"Anadolu Pet Group","description":"We Stand Together for the Well-Being of Every Life","publisher":{"@id":"https:\/\/anadolupet.com.tr\/#organization"},"potentialAction":[{"@type":"SearchAction","target":{"@type":"EntryPoint","urlTemplate":"https:\/\/anadolupet.com.tr\/?s={search_term_string}"},"query-input":{"@type":"PropertyValueSpecification","valueRequired":true,"valueName":"search_term_string"}}],"inLanguage":"en-US"},{"@type":"Organization","@id":"https:\/\/anadolupet.com.tr\/#organization","name":"Anadolu Pet Group","alternateName":"Anadolu Pet","url":"https:\/\/anadolupet.com.tr\/","logo":{"@type":"ImageObject","inLanguage":"en-US","@id":"https:\/\/anadolupet.com.tr\/#\/schema\/logo\/image\/","url":"https:\/\/anadolupet.com.tr\/wp-content\/uploads\/2026\/03\/1614666743370.jpg","contentUrl":"https:\/\/anadolupet.com.tr\/wp-content\/uploads\/2026\/03\/1614666743370.jpg","width":800,"height":571,"caption":"Anadolu Pet Grup"},"image":{"@id":"https:\/\/anadolupet.com.tr\/#\/schema\/logo\/image\/"}}]}},"_links":{"self":[{"href":"https:\/\/anadolupet.com.tr\/en\/wp-json\/wp\/v2\/product\/46363","targetHints":{"allow":["GET"]}}],"collection":[{"href":"https:\/\/anadolupet.com.tr\/en\/wp-json\/wp\/v2\/product"}],"about":[{"href":"https:\/\/anadolupet.com.tr\/en\/wp-json\/wp\/v2\/types\/product"}],"replies":[{"embeddable":true,"href":"https:\/\/anadolupet.com.tr\/en\/wp-json\/wp\/v2\/comments?post=46363"}],"wp:featuredmedia":[{"embeddable":true,"href":"https:\/\/anadolupet.com.tr\/en\/wp-json\/wp\/v2\/media\/47068"}],"wp:attachment":[{"href":"https:\/\/anadolupet.com.tr\/en\/wp-json\/wp\/v2\/media?parent=46363"}],"wp:term":[{"taxonomy":"product_brand","embeddable":true,"href":"https:\/\/anadolupet.com.tr\/en\/wp-json\/wp\/v2\/product_brand?post=46363"},{"taxonomy":"product_cat","embeddable":true,"href":"https:\/\/anadolupet.com.tr\/en\/wp-json\/wp\/v2\/product_cat?post=46363"},{"taxonomy":"product_tag","embeddable":true,"href":"https:\/\/anadolupet.com.tr\/en\/wp-json\/wp\/v2\/product_tag?post=46363"}],"curies":[{"name":"wp","href":"https:\/\/api.w.org\/{rel}","templated":true}]}}