{"id":46365,"date":"2026-02-14T14:46:31","date_gmt":"2026-02-14T14:46:31","guid":{"rendered":"https:\/\/anadolupet.com.tr\/?post_type=product&#038;p=46365"},"modified":"2026-02-23T16:49:24","modified_gmt":"2026-02-23T16:49:24","slug":"tetra-pro-energy-crisps-sus-balik-yemi-12gr","status":"publish","type":"product","link":"https:\/\/anadolupet.com.tr\/en\/urun\/tetra-pro-energy-crisps-sus-balik-yemi-12gr\/","title":{"rendered":"Tetra Pro Energy Crisps S\u00fcs Bal\u0131k Yemi &#8211; 12GR"},"content":{"rendered":"","protected":false},"excerpt":{"rendered":"<p>Tetra Pro Energy Crisps, t\u00fcm s\u00fcs bal\u0131klar\u0131nda kullan\u0131labilen ideal beslenme ve temiz bir su i\u00e7in yeni jenerasyon bal\u0131k yemidir.<br \/>\nOptimal protein-ya\u011f oran\u0131 ile daha fazla enerji sa\u011flar. D\u00fc\u015f\u00fck \u0131s\u0131 y\u00f6ntemi ile haz\u0131rlanm\u0131\u015f olmas\u0131 sayesinde vitamin ve besin de\u011ferlerinin maksimum korunmas\u0131 sa\u011flanm\u0131\u015ft\u0131r.<br \/>\nY\u00fcksek sindirilebilirlik sayesinde, su daha az kirlenir. Taneleri cips \u015feklindedir.<br \/>\nTetra Pro Energy, bal\u0131\u011f\u0131n sa\u011fl\u0131kl\u0131 geli\u015fimini sa\u011flamas\u0131n\u0131n yan\u0131 s\u0131ra ekstra enerji art\u0131\u015f\u0131 sa\u011flamak i\u00e7in de y\u00fcksek kaliteli omega 3 ya\u011f asitleri i\u00e7erir. Tropikal bal\u0131klar i\u00e7in g\u00fcnl\u00fck bal\u0131k yemi, canl\u0131n\u0131n m\u00fckemmel kondisyonunu korurken kaslara g\u00fc\u00e7 sa\u011flayan proteinler i\u00e7erir.<br \/>\n\u0130\u00e7eri\u011fi;<br \/>\nBal\u0131k ve bal\u0131k yan \u00fcr\u00fcnleri, tah\u0131llar, bitkisel alb\u00fcmin ekstrakt\u0131, mayalar, s\u0131v\u0131 ve kat\u0131 ya\u011flar, yumu\u015fak\u00e7alar ve kabuklu hayvanlar, yosunlar \u015feker.<br \/>\n\u00dcr\u00fcn Analiz Sonu\u00e7lar\u0131;<br \/>\nHam protein % 46,00, ham ya\u011f % 12,00, ham lif % 2,00, nem oran\u0131 % 9,00, vitamin A 29880 IE\/kg, vitamin D3 1865 IE\/kg, L-carnitine 123 mg\/kg, mangan 67 mg\/kg, \u00e7inko 40 mg\/kg, demir 26 mg\/kg, kobalt 0,50 mg\/kg<br \/>\nDozaj;<br \/>\nK\u00fc\u00e7\u00fck miktarlarda g\u00fcnde birka\u00e7 kez besleyin.<br \/>\nMiktar;<br \/>\n12 gr<\/p>","protected":false},"featured_media":47052,"comment_status":"open","ping_status":"closed","template":"","meta":{"_acf_changed":false},"product_brand":[],"product_cat":[2388],"product_tag":[],"class_list":{"0":"post-46365","1":"product","2":"type-product","3":"status-publish","4":"has-post-thumbnail","6":"product_cat-genel-yemler","8":"first","9":"instock","10":"shipping-taxable","11":"product-type-simple"},"acf":[],"yoast_head":"<!-- This site is optimized with the Yoast SEO plugin v27.4 - https:\/\/yoast.com\/product\/yoast-seo-wordpress\/ -->\n<title>Tetra Pro Energy Crisps S\u00fcs Bal\u0131k Yemi - 12GR - Anadolu Pet Grup<\/title>\n<meta name=\"robots\" content=\"index, follow, max-snippet:-1, max-image-preview:large, max-video-preview:-1\" \/>\n<link rel=\"canonical\" href=\"https:\/\/anadolupet.com.tr\/en\/product\/tetra-pro-energy-crisps-sus-balik-yemi-12gr\/\" \/>\n<meta property=\"og:locale\" content=\"en_US\" \/>\n<meta property=\"og:type\" content=\"article\" \/>\n<meta property=\"og:title\" content=\"Tetra Pro Energy Crisps S\u00fcs Bal\u0131k Yemi - 12GR - Anadolu Pet Grup\" \/>\n<meta property=\"og:description\" content=\"Tetra Pro Energy Crisps, t\u00fcm s\u00fcs bal\u0131klar\u0131nda kullan\u0131labilen ideal beslenme ve temiz bir su i\u00e7in yeni jenerasyon bal\u0131k yemidir. Optimal protein-ya\u011f oran\u0131 ile daha fazla enerji sa\u011flar. D\u00fc\u015f\u00fck \u0131s\u0131 y\u00f6ntemi ile haz\u0131rlanm\u0131\u015f olmas\u0131 sayesinde vitamin ve besin de\u011ferlerinin maksimum korunmas\u0131 sa\u011flanm\u0131\u015ft\u0131r. Y\u00fcksek sindirilebilirlik sayesinde, su daha az kirlenir. Taneleri cips \u015feklindedir. Tetra Pro Energy, bal\u0131\u011f\u0131n sa\u011fl\u0131kl\u0131 geli\u015fimini sa\u011flamas\u0131n\u0131n yan\u0131 s\u0131ra ekstra enerji art\u0131\u015f\u0131 sa\u011flamak i\u00e7in de y\u00fcksek kaliteli omega 3 ya\u011f asitleri i\u00e7erir. Tropikal bal\u0131klar i\u00e7in g\u00fcnl\u00fck bal\u0131k yemi, canl\u0131n\u0131n m\u00fckemmel kondisyonunu korurken kaslara g\u00fc\u00e7 sa\u011flayan proteinler i\u00e7erir. \u0130\u00e7eri\u011fi; Bal\u0131k ve bal\u0131k yan \u00fcr\u00fcnleri, tah\u0131llar, bitkisel alb\u00fcmin ekstrakt\u0131, mayalar, s\u0131v\u0131 ve kat\u0131 ya\u011flar, yumu\u015fak\u00e7alar ve kabuklu hayvanlar, yosunlar \u015feker. \u00dcr\u00fcn Analiz Sonu\u00e7lar\u0131; Ham protein % 46,00, ham ya\u011f % 12,00, ham lif % 2,00, nem oran\u0131 % 9,00, vitamin A 29880 IE\/kg, vitamin D3 1865 IE\/kg, L-carnitine 123 mg\/kg, mangan 67 mg\/kg, \u00e7inko 40 mg\/kg, demir 26 mg\/kg, kobalt 0,50 mg\/kg Dozaj; K\u00fc\u00e7\u00fck miktarlarda g\u00fcnde birka\u00e7 kez besleyin. Miktar; 12 gr\" \/>\n<meta property=\"og:url\" content=\"https:\/\/anadolupet.com.tr\/en\/product\/tetra-pro-energy-crisps-sus-balik-yemi-12gr\/\" \/>\n<meta property=\"og:site_name\" content=\"Anadolu Pet Grup\" \/>\n<meta property=\"article:modified_time\" content=\"2026-02-23T16:49:24+00:00\" \/>\n<meta property=\"og:image\" content=\"https:\/\/anadolupet.com.tr\/wp-content\/uploads\/2026\/02\/400-160170.jpg\" \/>\n\t<meta property=\"og:image:width\" content=\"750\" \/>\n\t<meta property=\"og:image:height\" content=\"750\" \/>\n\t<meta property=\"og:image:type\" content=\"image\/jpeg\" \/>\n<meta name=\"twitter:card\" content=\"summary_large_image\" \/>\n<script type=\"application\/ld+json\" class=\"yoast-schema-graph\">{\"@context\":\"https:\\\/\\\/schema.org\",\"@graph\":[{\"@type\":\"WebPage\",\"@id\":\"https:\\\/\\\/anadolupet.com.tr\\\/urun\\\/tetra-pro-energy-crisps-sus-balik-yemi-12gr\\\/\",\"url\":\"https:\\\/\\\/anadolupet.com.tr\\\/urun\\\/tetra-pro-energy-crisps-sus-balik-yemi-12gr\\\/\",\"name\":\"Tetra Pro Energy Crisps S\u00fcs Bal\u0131k Yemi - 12GR - Anadolu Pet Grup\",\"isPartOf\":{\"@id\":\"https:\\\/\\\/anadolupet.com.tr\\\/#website\"},\"primaryImageOfPage\":{\"@id\":\"https:\\\/\\\/anadolupet.com.tr\\\/urun\\\/tetra-pro-energy-crisps-sus-balik-yemi-12gr\\\/#primaryimage\"},\"image\":{\"@id\":\"https:\\\/\\\/anadolupet.com.tr\\\/urun\\\/tetra-pro-energy-crisps-sus-balik-yemi-12gr\\\/#primaryimage\"},\"thumbnailUrl\":\"https:\\\/\\\/anadolupet.com.tr\\\/wp-content\\\/uploads\\\/2026\\\/02\\\/400-160170.jpg\",\"datePublished\":\"2026-02-14T14:46:31+00:00\",\"dateModified\":\"2026-02-23T16:49:24+00:00\",\"breadcrumb\":{\"@id\":\"https:\\\/\\\/anadolupet.com.tr\\\/urun\\\/tetra-pro-energy-crisps-sus-balik-yemi-12gr\\\/#breadcrumb\"},\"inLanguage\":\"en-US\",\"potentialAction\":[{\"@type\":\"ReadAction\",\"target\":[\"https:\\\/\\\/anadolupet.com.tr\\\/urun\\\/tetra-pro-energy-crisps-sus-balik-yemi-12gr\\\/\"]}]},{\"@type\":\"ImageObject\",\"inLanguage\":\"en-US\",\"@id\":\"https:\\\/\\\/anadolupet.com.tr\\\/urun\\\/tetra-pro-energy-crisps-sus-balik-yemi-12gr\\\/#primaryimage\",\"url\":\"https:\\\/\\\/anadolupet.com.tr\\\/wp-content\\\/uploads\\\/2026\\\/02\\\/400-160170.jpg\",\"contentUrl\":\"https:\\\/\\\/anadolupet.com.tr\\\/wp-content\\\/uploads\\\/2026\\\/02\\\/400-160170.jpg\",\"width\":750,\"height\":750},{\"@type\":\"BreadcrumbList\",\"@id\":\"https:\\\/\\\/anadolupet.com.tr\\\/urun\\\/tetra-pro-energy-crisps-sus-balik-yemi-12gr\\\/#breadcrumb\",\"itemListElement\":[{\"@type\":\"ListItem\",\"position\":1,\"name\":\"Anasayfa\",\"item\":\"https:\\\/\\\/anadolupet.com.tr\\\/\"},{\"@type\":\"ListItem\",\"position\":2,\"name\":\"\u00dcr\u00fcnler\",\"item\":\"https:\\\/\\\/anadolupet.com.tr\\\/urunler\\\/\"},{\"@type\":\"ListItem\",\"position\":3,\"name\":\"Tetra Pro Energy Crisps S\u00fcs Bal\u0131k Yemi &#8211; 12GR\"}]},{\"@type\":\"WebSite\",\"@id\":\"https:\\\/\\\/anadolupet.com.tr\\\/#website\",\"url\":\"https:\\\/\\\/anadolupet.com.tr\\\/\",\"name\":\"Anadolu Pet Grup\",\"description\":\"Her Can\u0131n \u0130yi Ya\u015fam\u0131 \u0130\u00e7in Biraraday\u0131z\",\"publisher\":{\"@id\":\"https:\\\/\\\/anadolupet.com.tr\\\/#organization\"},\"potentialAction\":[{\"@type\":\"SearchAction\",\"target\":{\"@type\":\"EntryPoint\",\"urlTemplate\":\"https:\\\/\\\/anadolupet.com.tr\\\/?s={search_term_string}\"},\"query-input\":{\"@type\":\"PropertyValueSpecification\",\"valueRequired\":true,\"valueName\":\"search_term_string\"}}],\"inLanguage\":\"en-US\"},{\"@type\":\"Organization\",\"@id\":\"https:\\\/\\\/anadolupet.com.tr\\\/#organization\",\"name\":\"Anadolu Pet Grup\",\"alternateName\":\"Anadolu Pet\",\"url\":\"https:\\\/\\\/anadolupet.com.tr\\\/\",\"logo\":{\"@type\":\"ImageObject\",\"inLanguage\":\"en-US\",\"@id\":\"https:\\\/\\\/anadolupet.com.tr\\\/#\\\/schema\\\/logo\\\/image\\\/\",\"url\":\"https:\\\/\\\/anadolupet.com.tr\\\/wp-content\\\/uploads\\\/2026\\\/03\\\/1614666743370.jpg\",\"contentUrl\":\"https:\\\/\\\/anadolupet.com.tr\\\/wp-content\\\/uploads\\\/2026\\\/03\\\/1614666743370.jpg\",\"width\":800,\"height\":571,\"caption\":\"Anadolu Pet Grup\"},\"image\":{\"@id\":\"https:\\\/\\\/anadolupet.com.tr\\\/#\\\/schema\\\/logo\\\/image\\\/\"}}]}<\/script>\n<!-- \/ Yoast SEO plugin. -->","yoast_head_json":{"title":"Tetra Pro Energy Crisps S\u00fcs Bal\u0131k Yemi - 12GR - Anadolu Pet Grup","robots":{"index":"index","follow":"follow","max-snippet":"max-snippet:-1","max-image-preview":"max-image-preview:large","max-video-preview":"max-video-preview:-1"},"canonical":"https:\/\/anadolupet.com.tr\/en\/product\/tetra-pro-energy-crisps-sus-balik-yemi-12gr\/","og_locale":"en_US","og_type":"article","og_title":"Tetra Pro Energy Crisps S\u00fcs Bal\u0131k Yemi - 12GR - Anadolu Pet Grup","og_description":"Tetra Pro Energy Crisps, t\u00fcm s\u00fcs bal\u0131klar\u0131nda kullan\u0131labilen ideal beslenme ve temiz bir su i\u00e7in yeni jenerasyon bal\u0131k yemidir. Optimal protein-ya\u011f oran\u0131 ile daha fazla enerji sa\u011flar. D\u00fc\u015f\u00fck \u0131s\u0131 y\u00f6ntemi ile haz\u0131rlanm\u0131\u015f olmas\u0131 sayesinde vitamin ve besin de\u011ferlerinin maksimum korunmas\u0131 sa\u011flanm\u0131\u015ft\u0131r. Y\u00fcksek sindirilebilirlik sayesinde, su daha az kirlenir. Taneleri cips \u015feklindedir. Tetra Pro Energy, bal\u0131\u011f\u0131n sa\u011fl\u0131kl\u0131 geli\u015fimini sa\u011flamas\u0131n\u0131n yan\u0131 s\u0131ra ekstra enerji art\u0131\u015f\u0131 sa\u011flamak i\u00e7in de y\u00fcksek kaliteli omega 3 ya\u011f asitleri i\u00e7erir. Tropikal bal\u0131klar i\u00e7in g\u00fcnl\u00fck bal\u0131k yemi, canl\u0131n\u0131n m\u00fckemmel kondisyonunu korurken kaslara g\u00fc\u00e7 sa\u011flayan proteinler i\u00e7erir. \u0130\u00e7eri\u011fi; Bal\u0131k ve bal\u0131k yan \u00fcr\u00fcnleri, tah\u0131llar, bitkisel alb\u00fcmin ekstrakt\u0131, mayalar, s\u0131v\u0131 ve kat\u0131 ya\u011flar, yumu\u015fak\u00e7alar ve kabuklu hayvanlar, yosunlar \u015feker. \u00dcr\u00fcn Analiz Sonu\u00e7lar\u0131; Ham protein % 46,00, ham ya\u011f % 12,00, ham lif % 2,00, nem oran\u0131 % 9,00, vitamin A 29880 IE\/kg, vitamin D3 1865 IE\/kg, L-carnitine 123 mg\/kg, mangan 67 mg\/kg, \u00e7inko 40 mg\/kg, demir 26 mg\/kg, kobalt 0,50 mg\/kg Dozaj; K\u00fc\u00e7\u00fck miktarlarda g\u00fcnde birka\u00e7 kez besleyin. Miktar; 12 gr","og_url":"https:\/\/anadolupet.com.tr\/en\/product\/tetra-pro-energy-crisps-sus-balik-yemi-12gr\/","og_site_name":"Anadolu Pet Grup","article_modified_time":"2026-02-23T16:49:24+00:00","og_image":[{"width":750,"height":750,"url":"https:\/\/anadolupet.com.tr\/wp-content\/uploads\/2026\/02\/400-160170.jpg","type":"image\/jpeg"}],"twitter_card":"summary_large_image","schema":{"@context":"https:\/\/schema.org","@graph":[{"@type":"WebPage","@id":"https:\/\/anadolupet.com.tr\/urun\/tetra-pro-energy-crisps-sus-balik-yemi-12gr\/","url":"https:\/\/anadolupet.com.tr\/urun\/tetra-pro-energy-crisps-sus-balik-yemi-12gr\/","name":"Tetra Pro Energy Crisps S\u00fcs Bal\u0131k Yemi - 12GR - Anadolu Pet Grup","isPartOf":{"@id":"https:\/\/anadolupet.com.tr\/#website"},"primaryImageOfPage":{"@id":"https:\/\/anadolupet.com.tr\/urun\/tetra-pro-energy-crisps-sus-balik-yemi-12gr\/#primaryimage"},"image":{"@id":"https:\/\/anadolupet.com.tr\/urun\/tetra-pro-energy-crisps-sus-balik-yemi-12gr\/#primaryimage"},"thumbnailUrl":"https:\/\/anadolupet.com.tr\/wp-content\/uploads\/2026\/02\/400-160170.jpg","datePublished":"2026-02-14T14:46:31+00:00","dateModified":"2026-02-23T16:49:24+00:00","breadcrumb":{"@id":"https:\/\/anadolupet.com.tr\/urun\/tetra-pro-energy-crisps-sus-balik-yemi-12gr\/#breadcrumb"},"inLanguage":"en-US","potentialAction":[{"@type":"ReadAction","target":["https:\/\/anadolupet.com.tr\/urun\/tetra-pro-energy-crisps-sus-balik-yemi-12gr\/"]}]},{"@type":"ImageObject","inLanguage":"en-US","@id":"https:\/\/anadolupet.com.tr\/urun\/tetra-pro-energy-crisps-sus-balik-yemi-12gr\/#primaryimage","url":"https:\/\/anadolupet.com.tr\/wp-content\/uploads\/2026\/02\/400-160170.jpg","contentUrl":"https:\/\/anadolupet.com.tr\/wp-content\/uploads\/2026\/02\/400-160170.jpg","width":750,"height":750},{"@type":"BreadcrumbList","@id":"https:\/\/anadolupet.com.tr\/urun\/tetra-pro-energy-crisps-sus-balik-yemi-12gr\/#breadcrumb","itemListElement":[{"@type":"ListItem","position":1,"name":"Anasayfa","item":"https:\/\/anadolupet.com.tr\/"},{"@type":"ListItem","position":2,"name":"\u00dcr\u00fcnler","item":"https:\/\/anadolupet.com.tr\/urunler\/"},{"@type":"ListItem","position":3,"name":"Tetra Pro Energy Crisps S\u00fcs Bal\u0131k Yemi &#8211; 12GR"}]},{"@type":"WebSite","@id":"https:\/\/anadolupet.com.tr\/#website","url":"https:\/\/anadolupet.com.tr\/","name":"Anadolu Pet Group","description":"We Stand Together for the Well-Being of Every Life","publisher":{"@id":"https:\/\/anadolupet.com.tr\/#organization"},"potentialAction":[{"@type":"SearchAction","target":{"@type":"EntryPoint","urlTemplate":"https:\/\/anadolupet.com.tr\/?s={search_term_string}"},"query-input":{"@type":"PropertyValueSpecification","valueRequired":true,"valueName":"search_term_string"}}],"inLanguage":"en-US"},{"@type":"Organization","@id":"https:\/\/anadolupet.com.tr\/#organization","name":"Anadolu Pet Group","alternateName":"Anadolu Pet","url":"https:\/\/anadolupet.com.tr\/","logo":{"@type":"ImageObject","inLanguage":"en-US","@id":"https:\/\/anadolupet.com.tr\/#\/schema\/logo\/image\/","url":"https:\/\/anadolupet.com.tr\/wp-content\/uploads\/2026\/03\/1614666743370.jpg","contentUrl":"https:\/\/anadolupet.com.tr\/wp-content\/uploads\/2026\/03\/1614666743370.jpg","width":800,"height":571,"caption":"Anadolu Pet Grup"},"image":{"@id":"https:\/\/anadolupet.com.tr\/#\/schema\/logo\/image\/"}}]}},"_links":{"self":[{"href":"https:\/\/anadolupet.com.tr\/en\/wp-json\/wp\/v2\/product\/46365","targetHints":{"allow":["GET"]}}],"collection":[{"href":"https:\/\/anadolupet.com.tr\/en\/wp-json\/wp\/v2\/product"}],"about":[{"href":"https:\/\/anadolupet.com.tr\/en\/wp-json\/wp\/v2\/types\/product"}],"replies":[{"embeddable":true,"href":"https:\/\/anadolupet.com.tr\/en\/wp-json\/wp\/v2\/comments?post=46365"}],"wp:featuredmedia":[{"embeddable":true,"href":"https:\/\/anadolupet.com.tr\/en\/wp-json\/wp\/v2\/media\/47052"}],"wp:attachment":[{"href":"https:\/\/anadolupet.com.tr\/en\/wp-json\/wp\/v2\/media?parent=46365"}],"wp:term":[{"taxonomy":"product_brand","embeddable":true,"href":"https:\/\/anadolupet.com.tr\/en\/wp-json\/wp\/v2\/product_brand?post=46365"},{"taxonomy":"product_cat","embeddable":true,"href":"https:\/\/anadolupet.com.tr\/en\/wp-json\/wp\/v2\/product_cat?post=46365"},{"taxonomy":"product_tag","embeddable":true,"href":"https:\/\/anadolupet.com.tr\/en\/wp-json\/wp\/v2\/product_tag?post=46365"}],"curies":[{"name":"wp","href":"https:\/\/api.w.org\/{rel}","templated":true}]}}