{"id":46369,"date":"2026-02-14T14:46:31","date_gmt":"2026-02-14T14:46:31","guid":{"rendered":"https:\/\/anadolupet.com.tr\/?post_type=product&#038;p=46369"},"modified":"2026-02-23T16:49:24","modified_gmt":"2026-02-23T16:49:24","slug":"tetra-redparrot-cichlid-papagan-balik-yemi-1lt","status":"publish","type":"product","link":"https:\/\/anadolupet.com.tr\/en\/urun\/tetra-redparrot-cichlid-papagan-balik-yemi-1lt\/","title":{"rendered":"Tetra RedParrot Cichlid Papa\u011fan Bal\u0131k Yemi &#8211; 1LT"},"content":{"rendered":"","protected":false},"excerpt":{"rendered":"<p>Tetra Red Parrot papa\u011fan \u00e7iklet t\u00fcr\u00fc bal\u0131klar\u0131n \u00f6zel besinsel ihtiya\u00e7lar\u0131n\u0131 kar\u015f\u0131lamak i\u00e7in \u00f6zel olarak form\u00fcle edilerek geli\u015ftirilmi\u015f gran\u00fcl bir yemdir. \u0130\u00e7erdi\u011fi konsantre do\u011fal renk geli\u015ftiriciler sayesinde en az 15 g\u00fcnl\u00fck kullan\u0131m sonras\u0131nda bal\u0131\u011f\u0131n\u0131z\u0131n renginin \u00e7ok daha do\u011fal ve parlak bir hale geldi\u011fini g\u00f6zlemleyebilirsiniz. Tetra RedParrot&#8217;un i\u00e7erdi\u011fi vitamin ve besin maddelerinin y\u00fcksek sindirilebilirli\u011fi sayesinde, akvaryum suyunuz \u00e7ok daha az kirlenir.<br \/>\nDetaylar;<br \/>\n*Konsantre do\u011fal renk art\u0131r\u0131c\u0131lar parlak k\u0131rm\u0131z\u0131 rengi geli\u015ftirir.<br \/>\n*Tetra Red Parrot ile beslendikten sonra olumlu etkiler sadece iki hafta sonras\u0131nda g\u00f6r\u00fclebilir.<br \/>\n*Optimize edilmi\u015f form\u00fcl b\u00fcy\u00fcmenin devaml\u0131l\u0131\u011f\u0131 i\u00e7in y\u00fcksek sindirilebilirli\u011fi garanti eder.<br \/>\nDozaj;<br \/>\nG\u00fcnde 2 &#8211; 3 kez bal\u0131klar\u0131n\u0131z\u0131n bir ka\u00e7 dakika i\u00e7erisinde t\u00fcketebilece\u011fi miktarda verilmesi tavsiye edilir.<br \/>\nMiktar;<br \/>\n1 Lt<\/p>","protected":false},"featured_media":47018,"comment_status":"open","ping_status":"closed","template":"","meta":{"_acf_changed":false},"product_brand":[],"product_cat":[2418],"product_tag":[],"class_list":{"0":"post-46369","1":"product","2":"type-product","3":"status-publish","4":"has-post-thumbnail","6":"product_cat-ture-ozel-yemler","8":"first","9":"instock","10":"shipping-taxable","11":"product-type-simple"},"acf":[],"yoast_head":"<!-- This site is optimized with the Yoast SEO plugin v27.5 - https:\/\/yoast.com\/product\/yoast-seo-wordpress\/ -->\n<title>Tetra RedParrot Cichlid Papa\u011fan Bal\u0131k Yemi - 1LT - Anadolu Pet Grup<\/title>\n<meta name=\"robots\" content=\"index, follow, max-snippet:-1, max-image-preview:large, max-video-preview:-1\" \/>\n<link rel=\"canonical\" href=\"https:\/\/anadolupet.com.tr\/en\/product\/tetra-redparrot-cichlid-papagan-balik-yemi-1lt\/\" \/>\n<meta property=\"og:locale\" content=\"en_US\" \/>\n<meta property=\"og:type\" content=\"article\" \/>\n<meta property=\"og:title\" content=\"Tetra RedParrot Cichlid Papa\u011fan Bal\u0131k Yemi - 1LT - Anadolu Pet Grup\" \/>\n<meta property=\"og:description\" content=\"Tetra Red Parrot papa\u011fan \u00e7iklet t\u00fcr\u00fc bal\u0131klar\u0131n \u00f6zel besinsel ihtiya\u00e7lar\u0131n\u0131 kar\u015f\u0131lamak i\u00e7in \u00f6zel olarak form\u00fcle edilerek geli\u015ftirilmi\u015f gran\u00fcl bir yemdir. \u0130\u00e7erdi\u011fi konsantre do\u011fal renk geli\u015ftiriciler sayesinde en az 15 g\u00fcnl\u00fck kullan\u0131m sonras\u0131nda bal\u0131\u011f\u0131n\u0131z\u0131n renginin \u00e7ok daha do\u011fal ve parlak bir hale geldi\u011fini g\u00f6zlemleyebilirsiniz. Tetra RedParrot&#039;un i\u00e7erdi\u011fi vitamin ve besin maddelerinin y\u00fcksek sindirilebilirli\u011fi sayesinde, akvaryum suyunuz \u00e7ok daha az kirlenir. Detaylar; *Konsantre do\u011fal renk art\u0131r\u0131c\u0131lar parlak k\u0131rm\u0131z\u0131 rengi geli\u015ftirir. *Tetra Red Parrot ile beslendikten sonra olumlu etkiler sadece iki hafta sonras\u0131nda g\u00f6r\u00fclebilir. *Optimize edilmi\u015f form\u00fcl b\u00fcy\u00fcmenin devaml\u0131l\u0131\u011f\u0131 i\u00e7in y\u00fcksek sindirilebilirli\u011fi garanti eder. Dozaj; G\u00fcnde 2 - 3 kez bal\u0131klar\u0131n\u0131z\u0131n bir ka\u00e7 dakika i\u00e7erisinde t\u00fcketebilece\u011fi miktarda verilmesi tavsiye edilir. Miktar; 1 Lt\" \/>\n<meta property=\"og:url\" content=\"https:\/\/anadolupet.com.tr\/en\/product\/tetra-redparrot-cichlid-papagan-balik-yemi-1lt\/\" \/>\n<meta property=\"og:site_name\" content=\"Anadolu Pet Grup\" \/>\n<meta property=\"article:modified_time\" content=\"2026-02-23T16:49:24+00:00\" \/>\n<meta property=\"og:image\" content=\"https:\/\/anadolupet.com.tr\/wp-content\/uploads\/2026\/02\/400-101029.jpg\" \/>\n\t<meta property=\"og:image:width\" content=\"750\" \/>\n\t<meta property=\"og:image:height\" content=\"750\" \/>\n\t<meta property=\"og:image:type\" content=\"image\/jpeg\" \/>\n<meta name=\"twitter:card\" content=\"summary_large_image\" \/>\n<script type=\"application\/ld+json\" class=\"yoast-schema-graph\">{\"@context\":\"https:\\\/\\\/schema.org\",\"@graph\":[{\"@type\":\"WebPage\",\"@id\":\"https:\\\/\\\/anadolupet.com.tr\\\/urun\\\/tetra-redparrot-cichlid-papagan-balik-yemi-1lt\\\/\",\"url\":\"https:\\\/\\\/anadolupet.com.tr\\\/urun\\\/tetra-redparrot-cichlid-papagan-balik-yemi-1lt\\\/\",\"name\":\"Tetra RedParrot Cichlid Papa\u011fan Bal\u0131k Yemi - 1LT - Anadolu Pet Grup\",\"isPartOf\":{\"@id\":\"https:\\\/\\\/anadolupet.com.tr\\\/#website\"},\"primaryImageOfPage\":{\"@id\":\"https:\\\/\\\/anadolupet.com.tr\\\/urun\\\/tetra-redparrot-cichlid-papagan-balik-yemi-1lt\\\/#primaryimage\"},\"image\":{\"@id\":\"https:\\\/\\\/anadolupet.com.tr\\\/urun\\\/tetra-redparrot-cichlid-papagan-balik-yemi-1lt\\\/#primaryimage\"},\"thumbnailUrl\":\"https:\\\/\\\/anadolupet.com.tr\\\/wp-content\\\/uploads\\\/2026\\\/02\\\/400-101029.jpg\",\"datePublished\":\"2026-02-14T14:46:31+00:00\",\"dateModified\":\"2026-02-23T16:49:24+00:00\",\"breadcrumb\":{\"@id\":\"https:\\\/\\\/anadolupet.com.tr\\\/urun\\\/tetra-redparrot-cichlid-papagan-balik-yemi-1lt\\\/#breadcrumb\"},\"inLanguage\":\"en-US\",\"potentialAction\":[{\"@type\":\"ReadAction\",\"target\":[\"https:\\\/\\\/anadolupet.com.tr\\\/urun\\\/tetra-redparrot-cichlid-papagan-balik-yemi-1lt\\\/\"]}]},{\"@type\":\"ImageObject\",\"inLanguage\":\"en-US\",\"@id\":\"https:\\\/\\\/anadolupet.com.tr\\\/urun\\\/tetra-redparrot-cichlid-papagan-balik-yemi-1lt\\\/#primaryimage\",\"url\":\"https:\\\/\\\/anadolupet.com.tr\\\/wp-content\\\/uploads\\\/2026\\\/02\\\/400-101029.jpg\",\"contentUrl\":\"https:\\\/\\\/anadolupet.com.tr\\\/wp-content\\\/uploads\\\/2026\\\/02\\\/400-101029.jpg\",\"width\":750,\"height\":750},{\"@type\":\"BreadcrumbList\",\"@id\":\"https:\\\/\\\/anadolupet.com.tr\\\/urun\\\/tetra-redparrot-cichlid-papagan-balik-yemi-1lt\\\/#breadcrumb\",\"itemListElement\":[{\"@type\":\"ListItem\",\"position\":1,\"name\":\"Anasayfa\",\"item\":\"https:\\\/\\\/anadolupet.com.tr\\\/\"},{\"@type\":\"ListItem\",\"position\":2,\"name\":\"\u00dcr\u00fcnler\",\"item\":\"https:\\\/\\\/anadolupet.com.tr\\\/urunler\\\/\"},{\"@type\":\"ListItem\",\"position\":3,\"name\":\"Tetra RedParrot Cichlid Papa\u011fan Bal\u0131k Yemi &#8211; 1LT\"}]},{\"@type\":\"WebSite\",\"@id\":\"https:\\\/\\\/anadolupet.com.tr\\\/#website\",\"url\":\"https:\\\/\\\/anadolupet.com.tr\\\/\",\"name\":\"Anadolu Pet Grup\",\"description\":\"Her Can\u0131n \u0130yi Ya\u015fam\u0131 \u0130\u00e7in Biraraday\u0131z\",\"publisher\":{\"@id\":\"https:\\\/\\\/anadolupet.com.tr\\\/#organization\"},\"potentialAction\":[{\"@type\":\"SearchAction\",\"target\":{\"@type\":\"EntryPoint\",\"urlTemplate\":\"https:\\\/\\\/anadolupet.com.tr\\\/?s={search_term_string}\"},\"query-input\":{\"@type\":\"PropertyValueSpecification\",\"valueRequired\":true,\"valueName\":\"search_term_string\"}}],\"inLanguage\":\"en-US\"},{\"@type\":\"Organization\",\"@id\":\"https:\\\/\\\/anadolupet.com.tr\\\/#organization\",\"name\":\"Anadolu Pet Grup\",\"alternateName\":\"Anadolu Pet\",\"url\":\"https:\\\/\\\/anadolupet.com.tr\\\/\",\"logo\":{\"@type\":\"ImageObject\",\"inLanguage\":\"en-US\",\"@id\":\"https:\\\/\\\/anadolupet.com.tr\\\/#\\\/schema\\\/logo\\\/image\\\/\",\"url\":\"https:\\\/\\\/anadolupet.com.tr\\\/wp-content\\\/uploads\\\/2026\\\/03\\\/1614666743370.jpg\",\"contentUrl\":\"https:\\\/\\\/anadolupet.com.tr\\\/wp-content\\\/uploads\\\/2026\\\/03\\\/1614666743370.jpg\",\"width\":800,\"height\":571,\"caption\":\"Anadolu Pet Grup\"},\"image\":{\"@id\":\"https:\\\/\\\/anadolupet.com.tr\\\/#\\\/schema\\\/logo\\\/image\\\/\"}}]}<\/script>\n<!-- \/ Yoast SEO plugin. -->","yoast_head_json":{"title":"Tetra RedParrot Cichlid Papa\u011fan Bal\u0131k Yemi - 1LT - Anadolu Pet Grup","robots":{"index":"index","follow":"follow","max-snippet":"max-snippet:-1","max-image-preview":"max-image-preview:large","max-video-preview":"max-video-preview:-1"},"canonical":"https:\/\/anadolupet.com.tr\/en\/product\/tetra-redparrot-cichlid-papagan-balik-yemi-1lt\/","og_locale":"en_US","og_type":"article","og_title":"Tetra RedParrot Cichlid Papa\u011fan Bal\u0131k Yemi - 1LT - Anadolu Pet Grup","og_description":"Tetra Red Parrot papa\u011fan \u00e7iklet t\u00fcr\u00fc bal\u0131klar\u0131n \u00f6zel besinsel ihtiya\u00e7lar\u0131n\u0131 kar\u015f\u0131lamak i\u00e7in \u00f6zel olarak form\u00fcle edilerek geli\u015ftirilmi\u015f gran\u00fcl bir yemdir. \u0130\u00e7erdi\u011fi konsantre do\u011fal renk geli\u015ftiriciler sayesinde en az 15 g\u00fcnl\u00fck kullan\u0131m sonras\u0131nda bal\u0131\u011f\u0131n\u0131z\u0131n renginin \u00e7ok daha do\u011fal ve parlak bir hale geldi\u011fini g\u00f6zlemleyebilirsiniz. Tetra RedParrot'un i\u00e7erdi\u011fi vitamin ve besin maddelerinin y\u00fcksek sindirilebilirli\u011fi sayesinde, akvaryum suyunuz \u00e7ok daha az kirlenir. Detaylar; *Konsantre do\u011fal renk art\u0131r\u0131c\u0131lar parlak k\u0131rm\u0131z\u0131 rengi geli\u015ftirir. *Tetra Red Parrot ile beslendikten sonra olumlu etkiler sadece iki hafta sonras\u0131nda g\u00f6r\u00fclebilir. *Optimize edilmi\u015f form\u00fcl b\u00fcy\u00fcmenin devaml\u0131l\u0131\u011f\u0131 i\u00e7in y\u00fcksek sindirilebilirli\u011fi garanti eder. Dozaj; G\u00fcnde 2 - 3 kez bal\u0131klar\u0131n\u0131z\u0131n bir ka\u00e7 dakika i\u00e7erisinde t\u00fcketebilece\u011fi miktarda verilmesi tavsiye edilir. Miktar; 1 Lt","og_url":"https:\/\/anadolupet.com.tr\/en\/product\/tetra-redparrot-cichlid-papagan-balik-yemi-1lt\/","og_site_name":"Anadolu Pet Grup","article_modified_time":"2026-02-23T16:49:24+00:00","og_image":[{"width":750,"height":750,"url":"https:\/\/anadolupet.com.tr\/wp-content\/uploads\/2026\/02\/400-101029.jpg","type":"image\/jpeg"}],"twitter_card":"summary_large_image","schema":{"@context":"https:\/\/schema.org","@graph":[{"@type":"WebPage","@id":"https:\/\/anadolupet.com.tr\/urun\/tetra-redparrot-cichlid-papagan-balik-yemi-1lt\/","url":"https:\/\/anadolupet.com.tr\/urun\/tetra-redparrot-cichlid-papagan-balik-yemi-1lt\/","name":"Tetra RedParrot Cichlid Papa\u011fan Bal\u0131k Yemi - 1LT - Anadolu Pet Grup","isPartOf":{"@id":"https:\/\/anadolupet.com.tr\/#website"},"primaryImageOfPage":{"@id":"https:\/\/anadolupet.com.tr\/urun\/tetra-redparrot-cichlid-papagan-balik-yemi-1lt\/#primaryimage"},"image":{"@id":"https:\/\/anadolupet.com.tr\/urun\/tetra-redparrot-cichlid-papagan-balik-yemi-1lt\/#primaryimage"},"thumbnailUrl":"https:\/\/anadolupet.com.tr\/wp-content\/uploads\/2026\/02\/400-101029.jpg","datePublished":"2026-02-14T14:46:31+00:00","dateModified":"2026-02-23T16:49:24+00:00","breadcrumb":{"@id":"https:\/\/anadolupet.com.tr\/urun\/tetra-redparrot-cichlid-papagan-balik-yemi-1lt\/#breadcrumb"},"inLanguage":"en-US","potentialAction":[{"@type":"ReadAction","target":["https:\/\/anadolupet.com.tr\/urun\/tetra-redparrot-cichlid-papagan-balik-yemi-1lt\/"]}]},{"@type":"ImageObject","inLanguage":"en-US","@id":"https:\/\/anadolupet.com.tr\/urun\/tetra-redparrot-cichlid-papagan-balik-yemi-1lt\/#primaryimage","url":"https:\/\/anadolupet.com.tr\/wp-content\/uploads\/2026\/02\/400-101029.jpg","contentUrl":"https:\/\/anadolupet.com.tr\/wp-content\/uploads\/2026\/02\/400-101029.jpg","width":750,"height":750},{"@type":"BreadcrumbList","@id":"https:\/\/anadolupet.com.tr\/urun\/tetra-redparrot-cichlid-papagan-balik-yemi-1lt\/#breadcrumb","itemListElement":[{"@type":"ListItem","position":1,"name":"Anasayfa","item":"https:\/\/anadolupet.com.tr\/"},{"@type":"ListItem","position":2,"name":"\u00dcr\u00fcnler","item":"https:\/\/anadolupet.com.tr\/urunler\/"},{"@type":"ListItem","position":3,"name":"Tetra RedParrot Cichlid Papa\u011fan Bal\u0131k Yemi &#8211; 1LT"}]},{"@type":"WebSite","@id":"https:\/\/anadolupet.com.tr\/#website","url":"https:\/\/anadolupet.com.tr\/","name":"Anadolu Pet Group","description":"We Stand Together for the Well-Being of Every Life","publisher":{"@id":"https:\/\/anadolupet.com.tr\/#organization"},"potentialAction":[{"@type":"SearchAction","target":{"@type":"EntryPoint","urlTemplate":"https:\/\/anadolupet.com.tr\/?s={search_term_string}"},"query-input":{"@type":"PropertyValueSpecification","valueRequired":true,"valueName":"search_term_string"}}],"inLanguage":"en-US"},{"@type":"Organization","@id":"https:\/\/anadolupet.com.tr\/#organization","name":"Anadolu Pet Group","alternateName":"Anadolu Pet","url":"https:\/\/anadolupet.com.tr\/","logo":{"@type":"ImageObject","inLanguage":"en-US","@id":"https:\/\/anadolupet.com.tr\/#\/schema\/logo\/image\/","url":"https:\/\/anadolupet.com.tr\/wp-content\/uploads\/2026\/03\/1614666743370.jpg","contentUrl":"https:\/\/anadolupet.com.tr\/wp-content\/uploads\/2026\/03\/1614666743370.jpg","width":800,"height":571,"caption":"Anadolu Pet Grup"},"image":{"@id":"https:\/\/anadolupet.com.tr\/#\/schema\/logo\/image\/"}}]}},"_links":{"self":[{"href":"https:\/\/anadolupet.com.tr\/en\/wp-json\/wp\/v2\/product\/46369","targetHints":{"allow":["GET"]}}],"collection":[{"href":"https:\/\/anadolupet.com.tr\/en\/wp-json\/wp\/v2\/product"}],"about":[{"href":"https:\/\/anadolupet.com.tr\/en\/wp-json\/wp\/v2\/types\/product"}],"replies":[{"embeddable":true,"href":"https:\/\/anadolupet.com.tr\/en\/wp-json\/wp\/v2\/comments?post=46369"}],"wp:featuredmedia":[{"embeddable":true,"href":"https:\/\/anadolupet.com.tr\/en\/wp-json\/wp\/v2\/media\/47018"}],"wp:attachment":[{"href":"https:\/\/anadolupet.com.tr\/en\/wp-json\/wp\/v2\/media?parent=46369"}],"wp:term":[{"taxonomy":"product_brand","embeddable":true,"href":"https:\/\/anadolupet.com.tr\/en\/wp-json\/wp\/v2\/product_brand?post=46369"},{"taxonomy":"product_cat","embeddable":true,"href":"https:\/\/anadolupet.com.tr\/en\/wp-json\/wp\/v2\/product_cat?post=46369"},{"taxonomy":"product_tag","embeddable":true,"href":"https:\/\/anadolupet.com.tr\/en\/wp-json\/wp\/v2\/product_tag?post=46369"}],"curies":[{"name":"wp","href":"https:\/\/api.w.org\/{rel}","templated":true}]}}