{"id":46374,"date":"2026-02-14T14:46:32","date_gmt":"2026-02-14T14:46:32","guid":{"rendered":"https:\/\/anadolupet.com.tr\/?post_type=product&#038;p=46374"},"modified":"2026-02-23T16:49:24","modified_gmt":"2026-02-23T16:49:24","slug":"tetra-reptomin-cubuk-kaplumbaga-yemi-250ml","status":"publish","type":"product","link":"https:\/\/anadolupet.com.tr\/en\/urun\/tetra-reptomin-cubuk-kaplumbaga-yemi-250ml\/","title":{"rendered":"Tetra Reptomin \u00c7ubuk Kaplumba\u011fa Yemi &#8211; 250ML"},"content":{"rendered":"","protected":false},"excerpt":{"rendered":"<p>Tetra ReptoMin, su kaplumba\u011falar\u0131n\u0131n beslenme al\u0131\u015fkanl\u0131klar\u0131na uygun olarak geli\u015ftirilmi\u015f, sa\u011fl\u0131kl\u0131, lezzetli stick formda ana yemdir. Kaplumba\u011falar i\u00e7in t\u00fcm gerekli besinleri i\u00e7erir. Zengin kalsiyum i\u00e7eri\u011fi sayesinde, sa\u011fl\u0131kl\u0131 bir kabuk olu\u015fumu ve g\u00fc\u00e7l\u00fc kemik geli\u015fimi sa\u011flar. Y\u00fcksek oranda, kolay sindirilebilir protein i\u00e7erir.<br \/>\nDetaylar;<br \/>\n*Optimum kalsiyum &#8211; fosfor oran\u0131 sayesinde sa\u011fl\u0131kl\u0131 kabuklar ve g\u00fc\u00e7l\u00fc kemikler.<br \/>\n*T\u00fcre uygun besleme i\u00e7in \u00f6zel solucan \u015fekilli \u00e7ubuklar.<br \/>\n*Yucca Extract Form\u00fcl\u00fc ile istenmeyen tank kokular\u0131n\u0131 azalt\u0131r.<br \/>\n*Y\u00fcksek derecede sindirilebilir olmas\u0131 neticesinde su temiz kal\u0131r.<br \/>\n\u00dcr\u00fcn\u00fcn \u0130\u00e7eri\u011fi;<br \/>\nBitkisel \u00fcr\u00fcnler, bal\u0131k ve bal\u0131k \u00fcr\u00fcnleri, maya, ya\u011flar, yosun, yumu\u015fak ve sert kabuklu deniz \u00fcr\u00fcnleri, vitamin ve mineraller.<br \/>\nDozaj;<br \/>\nG\u00fcnl\u00fck olarak k\u00fc\u00e7\u00fck bir porsiyon verilmesi tavsiye edilir.<br \/>\nMiktar;<br \/>\n250 ml<\/p>","protected":false},"featured_media":47050,"comment_status":"open","ping_status":"closed","template":"","meta":{"_acf_changed":false},"product_brand":[],"product_cat":[2394],"product_tag":[],"class_list":{"0":"post-46374","1":"product","2":"type-product","3":"status-publish","4":"has-post-thumbnail","6":"product_cat-kaplumbaga-yemleri","8":"first","9":"instock","10":"shipping-taxable","11":"product-type-simple"},"acf":[],"yoast_head":"<!-- This site is optimized with the Yoast SEO plugin v27.4 - https:\/\/yoast.com\/product\/yoast-seo-wordpress\/ -->\n<title>Tetra Reptomin \u00c7ubuk Kaplumba\u011fa Yemi - 250ML - Anadolu Pet Grup<\/title>\n<meta name=\"robots\" content=\"index, follow, max-snippet:-1, max-image-preview:large, max-video-preview:-1\" \/>\n<link rel=\"canonical\" href=\"https:\/\/anadolupet.com.tr\/en\/product\/tetra-reptomin-cubuk-kaplumbaga-yemi-250ml\/\" \/>\n<meta property=\"og:locale\" content=\"en_US\" \/>\n<meta property=\"og:type\" content=\"article\" \/>\n<meta property=\"og:title\" content=\"Tetra Reptomin \u00c7ubuk Kaplumba\u011fa Yemi - 250ML - Anadolu Pet Grup\" \/>\n<meta property=\"og:description\" content=\"Tetra ReptoMin, su kaplumba\u011falar\u0131n\u0131n beslenme al\u0131\u015fkanl\u0131klar\u0131na uygun olarak geli\u015ftirilmi\u015f, sa\u011fl\u0131kl\u0131, lezzetli stick formda ana yemdir. Kaplumba\u011falar i\u00e7in t\u00fcm gerekli besinleri i\u00e7erir. Zengin kalsiyum i\u00e7eri\u011fi sayesinde, sa\u011fl\u0131kl\u0131 bir kabuk olu\u015fumu ve g\u00fc\u00e7l\u00fc kemik geli\u015fimi sa\u011flar. Y\u00fcksek oranda, kolay sindirilebilir protein i\u00e7erir. Detaylar; *Optimum kalsiyum - fosfor oran\u0131 sayesinde sa\u011fl\u0131kl\u0131 kabuklar ve g\u00fc\u00e7l\u00fc kemikler. *T\u00fcre uygun besleme i\u00e7in \u00f6zel solucan \u015fekilli \u00e7ubuklar. *Yucca Extract Form\u00fcl\u00fc ile istenmeyen tank kokular\u0131n\u0131 azalt\u0131r. *Y\u00fcksek derecede sindirilebilir olmas\u0131 neticesinde su temiz kal\u0131r. \u00dcr\u00fcn\u00fcn \u0130\u00e7eri\u011fi; Bitkisel \u00fcr\u00fcnler, bal\u0131k ve bal\u0131k \u00fcr\u00fcnleri, maya, ya\u011flar, yosun, yumu\u015fak ve sert kabuklu deniz \u00fcr\u00fcnleri, vitamin ve mineraller. Dozaj; G\u00fcnl\u00fck olarak k\u00fc\u00e7\u00fck bir porsiyon verilmesi tavsiye edilir. Miktar; 250 ml\" \/>\n<meta property=\"og:url\" content=\"https:\/\/anadolupet.com.tr\/en\/product\/tetra-reptomin-cubuk-kaplumbaga-yemi-250ml\/\" \/>\n<meta property=\"og:site_name\" content=\"Anadolu Pet Grup\" \/>\n<meta property=\"article:modified_time\" content=\"2026-02-23T16:49:24+00:00\" \/>\n<meta property=\"og:image\" content=\"https:\/\/anadolupet.com.tr\/wp-content\/uploads\/2026\/02\/400-160057.jpg\" \/>\n\t<meta property=\"og:image:width\" content=\"750\" \/>\n\t<meta property=\"og:image:height\" content=\"750\" \/>\n\t<meta property=\"og:image:type\" content=\"image\/jpeg\" \/>\n<meta name=\"twitter:card\" content=\"summary_large_image\" \/>\n<script type=\"application\/ld+json\" class=\"yoast-schema-graph\">{\"@context\":\"https:\\\/\\\/schema.org\",\"@graph\":[{\"@type\":\"WebPage\",\"@id\":\"https:\\\/\\\/anadolupet.com.tr\\\/urun\\\/tetra-reptomin-cubuk-kaplumbaga-yemi-250ml\\\/\",\"url\":\"https:\\\/\\\/anadolupet.com.tr\\\/urun\\\/tetra-reptomin-cubuk-kaplumbaga-yemi-250ml\\\/\",\"name\":\"Tetra Reptomin \u00c7ubuk Kaplumba\u011fa Yemi - 250ML - Anadolu Pet Grup\",\"isPartOf\":{\"@id\":\"https:\\\/\\\/anadolupet.com.tr\\\/#website\"},\"primaryImageOfPage\":{\"@id\":\"https:\\\/\\\/anadolupet.com.tr\\\/urun\\\/tetra-reptomin-cubuk-kaplumbaga-yemi-250ml\\\/#primaryimage\"},\"image\":{\"@id\":\"https:\\\/\\\/anadolupet.com.tr\\\/urun\\\/tetra-reptomin-cubuk-kaplumbaga-yemi-250ml\\\/#primaryimage\"},\"thumbnailUrl\":\"https:\\\/\\\/anadolupet.com.tr\\\/wp-content\\\/uploads\\\/2026\\\/02\\\/400-160057.jpg\",\"datePublished\":\"2026-02-14T14:46:32+00:00\",\"dateModified\":\"2026-02-23T16:49:24+00:00\",\"breadcrumb\":{\"@id\":\"https:\\\/\\\/anadolupet.com.tr\\\/urun\\\/tetra-reptomin-cubuk-kaplumbaga-yemi-250ml\\\/#breadcrumb\"},\"inLanguage\":\"en-US\",\"potentialAction\":[{\"@type\":\"ReadAction\",\"target\":[\"https:\\\/\\\/anadolupet.com.tr\\\/urun\\\/tetra-reptomin-cubuk-kaplumbaga-yemi-250ml\\\/\"]}]},{\"@type\":\"ImageObject\",\"inLanguage\":\"en-US\",\"@id\":\"https:\\\/\\\/anadolupet.com.tr\\\/urun\\\/tetra-reptomin-cubuk-kaplumbaga-yemi-250ml\\\/#primaryimage\",\"url\":\"https:\\\/\\\/anadolupet.com.tr\\\/wp-content\\\/uploads\\\/2026\\\/02\\\/400-160057.jpg\",\"contentUrl\":\"https:\\\/\\\/anadolupet.com.tr\\\/wp-content\\\/uploads\\\/2026\\\/02\\\/400-160057.jpg\",\"width\":750,\"height\":750},{\"@type\":\"BreadcrumbList\",\"@id\":\"https:\\\/\\\/anadolupet.com.tr\\\/urun\\\/tetra-reptomin-cubuk-kaplumbaga-yemi-250ml\\\/#breadcrumb\",\"itemListElement\":[{\"@type\":\"ListItem\",\"position\":1,\"name\":\"Anasayfa\",\"item\":\"https:\\\/\\\/anadolupet.com.tr\\\/\"},{\"@type\":\"ListItem\",\"position\":2,\"name\":\"\u00dcr\u00fcnler\",\"item\":\"https:\\\/\\\/anadolupet.com.tr\\\/urunler\\\/\"},{\"@type\":\"ListItem\",\"position\":3,\"name\":\"Tetra Reptomin \u00c7ubuk Kaplumba\u011fa Yemi &#8211; 250ML\"}]},{\"@type\":\"WebSite\",\"@id\":\"https:\\\/\\\/anadolupet.com.tr\\\/#website\",\"url\":\"https:\\\/\\\/anadolupet.com.tr\\\/\",\"name\":\"Anadolu Pet Grup\",\"description\":\"Her Can\u0131n \u0130yi Ya\u015fam\u0131 \u0130\u00e7in Biraraday\u0131z\",\"publisher\":{\"@id\":\"https:\\\/\\\/anadolupet.com.tr\\\/#organization\"},\"potentialAction\":[{\"@type\":\"SearchAction\",\"target\":{\"@type\":\"EntryPoint\",\"urlTemplate\":\"https:\\\/\\\/anadolupet.com.tr\\\/?s={search_term_string}\"},\"query-input\":{\"@type\":\"PropertyValueSpecification\",\"valueRequired\":true,\"valueName\":\"search_term_string\"}}],\"inLanguage\":\"en-US\"},{\"@type\":\"Organization\",\"@id\":\"https:\\\/\\\/anadolupet.com.tr\\\/#organization\",\"name\":\"Anadolu Pet Grup\",\"alternateName\":\"Anadolu Pet\",\"url\":\"https:\\\/\\\/anadolupet.com.tr\\\/\",\"logo\":{\"@type\":\"ImageObject\",\"inLanguage\":\"en-US\",\"@id\":\"https:\\\/\\\/anadolupet.com.tr\\\/#\\\/schema\\\/logo\\\/image\\\/\",\"url\":\"https:\\\/\\\/anadolupet.com.tr\\\/wp-content\\\/uploads\\\/2026\\\/03\\\/1614666743370.jpg\",\"contentUrl\":\"https:\\\/\\\/anadolupet.com.tr\\\/wp-content\\\/uploads\\\/2026\\\/03\\\/1614666743370.jpg\",\"width\":800,\"height\":571,\"caption\":\"Anadolu Pet Grup\"},\"image\":{\"@id\":\"https:\\\/\\\/anadolupet.com.tr\\\/#\\\/schema\\\/logo\\\/image\\\/\"}}]}<\/script>\n<!-- \/ Yoast SEO plugin. -->","yoast_head_json":{"title":"Tetra Reptomin \u00c7ubuk Kaplumba\u011fa Yemi - 250ML - Anadolu Pet Grup","robots":{"index":"index","follow":"follow","max-snippet":"max-snippet:-1","max-image-preview":"max-image-preview:large","max-video-preview":"max-video-preview:-1"},"canonical":"https:\/\/anadolupet.com.tr\/en\/product\/tetra-reptomin-cubuk-kaplumbaga-yemi-250ml\/","og_locale":"en_US","og_type":"article","og_title":"Tetra Reptomin \u00c7ubuk Kaplumba\u011fa Yemi - 250ML - Anadolu Pet Grup","og_description":"Tetra ReptoMin, su kaplumba\u011falar\u0131n\u0131n beslenme al\u0131\u015fkanl\u0131klar\u0131na uygun olarak geli\u015ftirilmi\u015f, sa\u011fl\u0131kl\u0131, lezzetli stick formda ana yemdir. Kaplumba\u011falar i\u00e7in t\u00fcm gerekli besinleri i\u00e7erir. Zengin kalsiyum i\u00e7eri\u011fi sayesinde, sa\u011fl\u0131kl\u0131 bir kabuk olu\u015fumu ve g\u00fc\u00e7l\u00fc kemik geli\u015fimi sa\u011flar. Y\u00fcksek oranda, kolay sindirilebilir protein i\u00e7erir. Detaylar; *Optimum kalsiyum - fosfor oran\u0131 sayesinde sa\u011fl\u0131kl\u0131 kabuklar ve g\u00fc\u00e7l\u00fc kemikler. *T\u00fcre uygun besleme i\u00e7in \u00f6zel solucan \u015fekilli \u00e7ubuklar. *Yucca Extract Form\u00fcl\u00fc ile istenmeyen tank kokular\u0131n\u0131 azalt\u0131r. *Y\u00fcksek derecede sindirilebilir olmas\u0131 neticesinde su temiz kal\u0131r. \u00dcr\u00fcn\u00fcn \u0130\u00e7eri\u011fi; Bitkisel \u00fcr\u00fcnler, bal\u0131k ve bal\u0131k \u00fcr\u00fcnleri, maya, ya\u011flar, yosun, yumu\u015fak ve sert kabuklu deniz \u00fcr\u00fcnleri, vitamin ve mineraller. Dozaj; G\u00fcnl\u00fck olarak k\u00fc\u00e7\u00fck bir porsiyon verilmesi tavsiye edilir. Miktar; 250 ml","og_url":"https:\/\/anadolupet.com.tr\/en\/product\/tetra-reptomin-cubuk-kaplumbaga-yemi-250ml\/","og_site_name":"Anadolu Pet Grup","article_modified_time":"2026-02-23T16:49:24+00:00","og_image":[{"width":750,"height":750,"url":"https:\/\/anadolupet.com.tr\/wp-content\/uploads\/2026\/02\/400-160057.jpg","type":"image\/jpeg"}],"twitter_card":"summary_large_image","schema":{"@context":"https:\/\/schema.org","@graph":[{"@type":"WebPage","@id":"https:\/\/anadolupet.com.tr\/urun\/tetra-reptomin-cubuk-kaplumbaga-yemi-250ml\/","url":"https:\/\/anadolupet.com.tr\/urun\/tetra-reptomin-cubuk-kaplumbaga-yemi-250ml\/","name":"Tetra Reptomin \u00c7ubuk Kaplumba\u011fa Yemi - 250ML - Anadolu Pet Grup","isPartOf":{"@id":"https:\/\/anadolupet.com.tr\/#website"},"primaryImageOfPage":{"@id":"https:\/\/anadolupet.com.tr\/urun\/tetra-reptomin-cubuk-kaplumbaga-yemi-250ml\/#primaryimage"},"image":{"@id":"https:\/\/anadolupet.com.tr\/urun\/tetra-reptomin-cubuk-kaplumbaga-yemi-250ml\/#primaryimage"},"thumbnailUrl":"https:\/\/anadolupet.com.tr\/wp-content\/uploads\/2026\/02\/400-160057.jpg","datePublished":"2026-02-14T14:46:32+00:00","dateModified":"2026-02-23T16:49:24+00:00","breadcrumb":{"@id":"https:\/\/anadolupet.com.tr\/urun\/tetra-reptomin-cubuk-kaplumbaga-yemi-250ml\/#breadcrumb"},"inLanguage":"en-US","potentialAction":[{"@type":"ReadAction","target":["https:\/\/anadolupet.com.tr\/urun\/tetra-reptomin-cubuk-kaplumbaga-yemi-250ml\/"]}]},{"@type":"ImageObject","inLanguage":"en-US","@id":"https:\/\/anadolupet.com.tr\/urun\/tetra-reptomin-cubuk-kaplumbaga-yemi-250ml\/#primaryimage","url":"https:\/\/anadolupet.com.tr\/wp-content\/uploads\/2026\/02\/400-160057.jpg","contentUrl":"https:\/\/anadolupet.com.tr\/wp-content\/uploads\/2026\/02\/400-160057.jpg","width":750,"height":750},{"@type":"BreadcrumbList","@id":"https:\/\/anadolupet.com.tr\/urun\/tetra-reptomin-cubuk-kaplumbaga-yemi-250ml\/#breadcrumb","itemListElement":[{"@type":"ListItem","position":1,"name":"Anasayfa","item":"https:\/\/anadolupet.com.tr\/"},{"@type":"ListItem","position":2,"name":"\u00dcr\u00fcnler","item":"https:\/\/anadolupet.com.tr\/urunler\/"},{"@type":"ListItem","position":3,"name":"Tetra Reptomin \u00c7ubuk Kaplumba\u011fa Yemi &#8211; 250ML"}]},{"@type":"WebSite","@id":"https:\/\/anadolupet.com.tr\/#website","url":"https:\/\/anadolupet.com.tr\/","name":"Anadolu Pet Group","description":"We Stand Together for the Well-Being of Every Life","publisher":{"@id":"https:\/\/anadolupet.com.tr\/#organization"},"potentialAction":[{"@type":"SearchAction","target":{"@type":"EntryPoint","urlTemplate":"https:\/\/anadolupet.com.tr\/?s={search_term_string}"},"query-input":{"@type":"PropertyValueSpecification","valueRequired":true,"valueName":"search_term_string"}}],"inLanguage":"en-US"},{"@type":"Organization","@id":"https:\/\/anadolupet.com.tr\/#organization","name":"Anadolu Pet Group","alternateName":"Anadolu Pet","url":"https:\/\/anadolupet.com.tr\/","logo":{"@type":"ImageObject","inLanguage":"en-US","@id":"https:\/\/anadolupet.com.tr\/#\/schema\/logo\/image\/","url":"https:\/\/anadolupet.com.tr\/wp-content\/uploads\/2026\/03\/1614666743370.jpg","contentUrl":"https:\/\/anadolupet.com.tr\/wp-content\/uploads\/2026\/03\/1614666743370.jpg","width":800,"height":571,"caption":"Anadolu Pet Grup"},"image":{"@id":"https:\/\/anadolupet.com.tr\/#\/schema\/logo\/image\/"}}]}},"_links":{"self":[{"href":"https:\/\/anadolupet.com.tr\/en\/wp-json\/wp\/v2\/product\/46374","targetHints":{"allow":["GET"]}}],"collection":[{"href":"https:\/\/anadolupet.com.tr\/en\/wp-json\/wp\/v2\/product"}],"about":[{"href":"https:\/\/anadolupet.com.tr\/en\/wp-json\/wp\/v2\/types\/product"}],"replies":[{"embeddable":true,"href":"https:\/\/anadolupet.com.tr\/en\/wp-json\/wp\/v2\/comments?post=46374"}],"wp:featuredmedia":[{"embeddable":true,"href":"https:\/\/anadolupet.com.tr\/en\/wp-json\/wp\/v2\/media\/47050"}],"wp:attachment":[{"href":"https:\/\/anadolupet.com.tr\/en\/wp-json\/wp\/v2\/media?parent=46374"}],"wp:term":[{"taxonomy":"product_brand","embeddable":true,"href":"https:\/\/anadolupet.com.tr\/en\/wp-json\/wp\/v2\/product_brand?post=46374"},{"taxonomy":"product_cat","embeddable":true,"href":"https:\/\/anadolupet.com.tr\/en\/wp-json\/wp\/v2\/product_cat?post=46374"},{"taxonomy":"product_tag","embeddable":true,"href":"https:\/\/anadolupet.com.tr\/en\/wp-json\/wp\/v2\/product_tag?post=46374"}],"curies":[{"name":"wp","href":"https:\/\/api.w.org\/{rel}","templated":true}]}}