{"id":46383,"date":"2026-02-14T14:46:34","date_gmt":"2026-02-14T14:46:34","guid":{"rendered":"https:\/\/anadolupet.com.tr\/urun\/tetra-pro-energy-multi-cripis-yuksek-enerjili-tropikal-balik-yemi-500ml\/"},"modified":"2026-02-23T16:49:25","modified_gmt":"2026-02-23T16:49:25","slug":"tetra-pro-energy-multi-cripis-yuksek-enerjili-tropikal-balik-yemi-500ml","status":"publish","type":"product","link":"https:\/\/anadolupet.com.tr\/en\/urun\/tetra-pro-energy-multi-cripis-yuksek-enerjili-tropikal-balik-yemi-500ml\/","title":{"rendered":"Tetra Pro Energy Multi Cripis Y\u00fcksek Enerjili Tropikal Bal\u0131k Yemi &#8211; 500ML"},"content":{"rendered":"","protected":false},"excerpt":{"rendered":"<p>TetraPRO Energy Multi-Crisps 500 ml \/ 110 g<br \/>\nY\u00fcksek besin de\u011ferine sahip tam yem ile bal\u0131klar\u0131n\u0131z i\u00e7in en ideal beslenmeyi sa\u011flar.<br \/>\nD\u00fc\u015f\u00fck \u0131s\u0131da, \u00f6zel \u00fcretim s\u00fcreci sayesinde vitaminler korunur ve besin de\u011feri maksimum seviyede kal\u0131r.<br \/>\nEnerji konsantresi i\u00e7eri\u011fi bal\u0131klar\u0131n\u0131za daha fazla canl\u0131l\u0131k ve hareketlilik kazand\u0131r\u0131r.<br \/>\nPrebiyotik katk\u0131lar sindirimi destekler ve bal\u0131klar\u0131n genel sa\u011fl\u0131\u011f\u0131n\u0131 g\u00fc\u00e7lendirir.<br \/>\nVerimli yem kullan\u0131m\u0131 ile minimum at\u0131k olu\u015fur, suyun kirlenmesi \u00f6nlenir.<br \/>\nSa\u011fl\u0131kl\u0131 bal\u0131klar ve berrak su i\u00e7in \u00f6zel olarak form\u00fcle edilmi\u015ftir.<br \/>\nTetraPRO Energy Multi-Crisps, bal\u0131klar\u0131n\u0131z\u0131n sa\u011fl\u0131\u011f\u0131n\u0131, enerjisini ve suyun temizli\u011fini ayn\u0131 anda destekleyen \u00fcst\u00fcn kaliteli bir yemdir.<\/p>","protected":false},"featured_media":47070,"comment_status":"open","ping_status":"closed","template":"","meta":{"_acf_changed":false},"product_brand":[],"product_cat":[2388],"product_tag":[],"class_list":{"0":"post-46383","1":"product","2":"type-product","3":"status-publish","4":"has-post-thumbnail","6":"product_cat-genel-yemler","8":"first","9":"instock","10":"shipping-taxable","11":"product-type-simple"},"acf":[],"yoast_head":"<!-- This site is optimized with the Yoast SEO plugin v27.4 - https:\/\/yoast.com\/product\/yoast-seo-wordpress\/ -->\n<title>Tetra Pro Energy Multi Cripis Y\u00fcksek Enerjili Tropikal Bal\u0131k Yemi - 500ML - Anadolu Pet Grup<\/title>\n<meta name=\"robots\" content=\"index, follow, max-snippet:-1, max-image-preview:large, max-video-preview:-1\" \/>\n<link rel=\"canonical\" href=\"https:\/\/anadolupet.com.tr\/en\/product\/tetra-pro-energy-multi-cripis-yuksek-enerjili-tropikal-balik-yemi-500ml\/\" \/>\n<meta property=\"og:locale\" content=\"en_US\" \/>\n<meta property=\"og:type\" content=\"article\" \/>\n<meta property=\"og:title\" content=\"Tetra Pro Energy Multi Cripis Y\u00fcksek Enerjili Tropikal Bal\u0131k Yemi - 500ML - Anadolu Pet Grup\" \/>\n<meta property=\"og:description\" content=\"TetraPRO Energy Multi-Crisps 500 ml \/ 110 g Y\u00fcksek besin de\u011ferine sahip tam yem ile bal\u0131klar\u0131n\u0131z i\u00e7in en ideal beslenmeyi sa\u011flar. D\u00fc\u015f\u00fck \u0131s\u0131da, \u00f6zel \u00fcretim s\u00fcreci sayesinde vitaminler korunur ve besin de\u011feri maksimum seviyede kal\u0131r. Enerji konsantresi i\u00e7eri\u011fi bal\u0131klar\u0131n\u0131za daha fazla canl\u0131l\u0131k ve hareketlilik kazand\u0131r\u0131r. Prebiyotik katk\u0131lar sindirimi destekler ve bal\u0131klar\u0131n genel sa\u011fl\u0131\u011f\u0131n\u0131 g\u00fc\u00e7lendirir. Verimli yem kullan\u0131m\u0131 ile minimum at\u0131k olu\u015fur, suyun kirlenmesi \u00f6nlenir. Sa\u011fl\u0131kl\u0131 bal\u0131klar ve berrak su i\u00e7in \u00f6zel olarak form\u00fcle edilmi\u015ftir. TetraPRO Energy Multi-Crisps, bal\u0131klar\u0131n\u0131z\u0131n sa\u011fl\u0131\u011f\u0131n\u0131, enerjisini ve suyun temizli\u011fini ayn\u0131 anda destekleyen \u00fcst\u00fcn kaliteli bir yemdir.\" \/>\n<meta property=\"og:url\" content=\"https:\/\/anadolupet.com.tr\/en\/product\/tetra-pro-energy-multi-cripis-yuksek-enerjili-tropikal-balik-yemi-500ml\/\" \/>\n<meta property=\"og:site_name\" content=\"Anadolu Pet Grup\" \/>\n<meta property=\"article:modified_time\" content=\"2026-02-23T16:49:25+00:00\" \/>\n<meta property=\"og:image\" content=\"https:\/\/anadolupet.com.tr\/wp-content\/uploads\/2026\/02\/400-708507.jpg\" \/>\n\t<meta property=\"og:image:width\" content=\"750\" \/>\n\t<meta property=\"og:image:height\" content=\"750\" \/>\n\t<meta property=\"og:image:type\" content=\"image\/jpeg\" \/>\n<meta name=\"twitter:card\" content=\"summary_large_image\" \/>\n<script type=\"application\/ld+json\" class=\"yoast-schema-graph\">{\"@context\":\"https:\\\/\\\/schema.org\",\"@graph\":[{\"@type\":\"WebPage\",\"@id\":\"https:\\\/\\\/anadolupet.com.tr\\\/urun\\\/tetra-pro-energy-multi-cripis-yuksek-enerjili-tropikal-balik-yemi-500ml\\\/\",\"url\":\"https:\\\/\\\/anadolupet.com.tr\\\/urun\\\/tetra-pro-energy-multi-cripis-yuksek-enerjili-tropikal-balik-yemi-500ml\\\/\",\"name\":\"Tetra Pro Energy Multi Cripis Y\u00fcksek Enerjili Tropikal Bal\u0131k Yemi - 500ML - Anadolu Pet Grup\",\"isPartOf\":{\"@id\":\"https:\\\/\\\/anadolupet.com.tr\\\/#website\"},\"primaryImageOfPage\":{\"@id\":\"https:\\\/\\\/anadolupet.com.tr\\\/urun\\\/tetra-pro-energy-multi-cripis-yuksek-enerjili-tropikal-balik-yemi-500ml\\\/#primaryimage\"},\"image\":{\"@id\":\"https:\\\/\\\/anadolupet.com.tr\\\/urun\\\/tetra-pro-energy-multi-cripis-yuksek-enerjili-tropikal-balik-yemi-500ml\\\/#primaryimage\"},\"thumbnailUrl\":\"https:\\\/\\\/anadolupet.com.tr\\\/wp-content\\\/uploads\\\/2026\\\/02\\\/400-708507.jpg\",\"datePublished\":\"2026-02-14T14:46:34+00:00\",\"dateModified\":\"2026-02-23T16:49:25+00:00\",\"breadcrumb\":{\"@id\":\"https:\\\/\\\/anadolupet.com.tr\\\/urun\\\/tetra-pro-energy-multi-cripis-yuksek-enerjili-tropikal-balik-yemi-500ml\\\/#breadcrumb\"},\"inLanguage\":\"en-US\",\"potentialAction\":[{\"@type\":\"ReadAction\",\"target\":[\"https:\\\/\\\/anadolupet.com.tr\\\/urun\\\/tetra-pro-energy-multi-cripis-yuksek-enerjili-tropikal-balik-yemi-500ml\\\/\"]}]},{\"@type\":\"ImageObject\",\"inLanguage\":\"en-US\",\"@id\":\"https:\\\/\\\/anadolupet.com.tr\\\/urun\\\/tetra-pro-energy-multi-cripis-yuksek-enerjili-tropikal-balik-yemi-500ml\\\/#primaryimage\",\"url\":\"https:\\\/\\\/anadolupet.com.tr\\\/wp-content\\\/uploads\\\/2026\\\/02\\\/400-708507.jpg\",\"contentUrl\":\"https:\\\/\\\/anadolupet.com.tr\\\/wp-content\\\/uploads\\\/2026\\\/02\\\/400-708507.jpg\",\"width\":750,\"height\":750},{\"@type\":\"BreadcrumbList\",\"@id\":\"https:\\\/\\\/anadolupet.com.tr\\\/urun\\\/tetra-pro-energy-multi-cripis-yuksek-enerjili-tropikal-balik-yemi-500ml\\\/#breadcrumb\",\"itemListElement\":[{\"@type\":\"ListItem\",\"position\":1,\"name\":\"Anasayfa\",\"item\":\"https:\\\/\\\/anadolupet.com.tr\\\/\"},{\"@type\":\"ListItem\",\"position\":2,\"name\":\"\u00dcr\u00fcnler\",\"item\":\"https:\\\/\\\/anadolupet.com.tr\\\/urunler\\\/\"},{\"@type\":\"ListItem\",\"position\":3,\"name\":\"Tetra Pro Energy Multi Cripis Y\u00fcksek Enerjili Tropikal Bal\u0131k Yemi &#8211; 500ML\"}]},{\"@type\":\"WebSite\",\"@id\":\"https:\\\/\\\/anadolupet.com.tr\\\/#website\",\"url\":\"https:\\\/\\\/anadolupet.com.tr\\\/\",\"name\":\"Anadolu Pet Grup\",\"description\":\"Her Can\u0131n \u0130yi Ya\u015fam\u0131 \u0130\u00e7in Biraraday\u0131z\",\"publisher\":{\"@id\":\"https:\\\/\\\/anadolupet.com.tr\\\/#organization\"},\"potentialAction\":[{\"@type\":\"SearchAction\",\"target\":{\"@type\":\"EntryPoint\",\"urlTemplate\":\"https:\\\/\\\/anadolupet.com.tr\\\/?s={search_term_string}\"},\"query-input\":{\"@type\":\"PropertyValueSpecification\",\"valueRequired\":true,\"valueName\":\"search_term_string\"}}],\"inLanguage\":\"en-US\"},{\"@type\":\"Organization\",\"@id\":\"https:\\\/\\\/anadolupet.com.tr\\\/#organization\",\"name\":\"Anadolu Pet Grup\",\"alternateName\":\"Anadolu Pet\",\"url\":\"https:\\\/\\\/anadolupet.com.tr\\\/\",\"logo\":{\"@type\":\"ImageObject\",\"inLanguage\":\"en-US\",\"@id\":\"https:\\\/\\\/anadolupet.com.tr\\\/#\\\/schema\\\/logo\\\/image\\\/\",\"url\":\"https:\\\/\\\/anadolupet.com.tr\\\/wp-content\\\/uploads\\\/2026\\\/03\\\/1614666743370.jpg\",\"contentUrl\":\"https:\\\/\\\/anadolupet.com.tr\\\/wp-content\\\/uploads\\\/2026\\\/03\\\/1614666743370.jpg\",\"width\":800,\"height\":571,\"caption\":\"Anadolu Pet Grup\"},\"image\":{\"@id\":\"https:\\\/\\\/anadolupet.com.tr\\\/#\\\/schema\\\/logo\\\/image\\\/\"}}]}<\/script>\n<!-- \/ Yoast SEO plugin. -->","yoast_head_json":{"title":"Tetra Pro Energy Multi Cripis Y\u00fcksek Enerjili Tropikal Bal\u0131k Yemi - 500ML - Anadolu Pet Grup","robots":{"index":"index","follow":"follow","max-snippet":"max-snippet:-1","max-image-preview":"max-image-preview:large","max-video-preview":"max-video-preview:-1"},"canonical":"https:\/\/anadolupet.com.tr\/en\/product\/tetra-pro-energy-multi-cripis-yuksek-enerjili-tropikal-balik-yemi-500ml\/","og_locale":"en_US","og_type":"article","og_title":"Tetra Pro Energy Multi Cripis Y\u00fcksek Enerjili Tropikal Bal\u0131k Yemi - 500ML - Anadolu Pet Grup","og_description":"TetraPRO Energy Multi-Crisps 500 ml \/ 110 g Y\u00fcksek besin de\u011ferine sahip tam yem ile bal\u0131klar\u0131n\u0131z i\u00e7in en ideal beslenmeyi sa\u011flar. D\u00fc\u015f\u00fck \u0131s\u0131da, \u00f6zel \u00fcretim s\u00fcreci sayesinde vitaminler korunur ve besin de\u011feri maksimum seviyede kal\u0131r. Enerji konsantresi i\u00e7eri\u011fi bal\u0131klar\u0131n\u0131za daha fazla canl\u0131l\u0131k ve hareketlilik kazand\u0131r\u0131r. Prebiyotik katk\u0131lar sindirimi destekler ve bal\u0131klar\u0131n genel sa\u011fl\u0131\u011f\u0131n\u0131 g\u00fc\u00e7lendirir. Verimli yem kullan\u0131m\u0131 ile minimum at\u0131k olu\u015fur, suyun kirlenmesi \u00f6nlenir. Sa\u011fl\u0131kl\u0131 bal\u0131klar ve berrak su i\u00e7in \u00f6zel olarak form\u00fcle edilmi\u015ftir. TetraPRO Energy Multi-Crisps, bal\u0131klar\u0131n\u0131z\u0131n sa\u011fl\u0131\u011f\u0131n\u0131, enerjisini ve suyun temizli\u011fini ayn\u0131 anda destekleyen \u00fcst\u00fcn kaliteli bir yemdir.","og_url":"https:\/\/anadolupet.com.tr\/en\/product\/tetra-pro-energy-multi-cripis-yuksek-enerjili-tropikal-balik-yemi-500ml\/","og_site_name":"Anadolu Pet Grup","article_modified_time":"2026-02-23T16:49:25+00:00","og_image":[{"width":750,"height":750,"url":"https:\/\/anadolupet.com.tr\/wp-content\/uploads\/2026\/02\/400-708507.jpg","type":"image\/jpeg"}],"twitter_card":"summary_large_image","schema":{"@context":"https:\/\/schema.org","@graph":[{"@type":"WebPage","@id":"https:\/\/anadolupet.com.tr\/urun\/tetra-pro-energy-multi-cripis-yuksek-enerjili-tropikal-balik-yemi-500ml\/","url":"https:\/\/anadolupet.com.tr\/urun\/tetra-pro-energy-multi-cripis-yuksek-enerjili-tropikal-balik-yemi-500ml\/","name":"Tetra Pro Energy Multi Cripis Y\u00fcksek Enerjili Tropikal Bal\u0131k Yemi - 500ML - Anadolu Pet Grup","isPartOf":{"@id":"https:\/\/anadolupet.com.tr\/#website"},"primaryImageOfPage":{"@id":"https:\/\/anadolupet.com.tr\/urun\/tetra-pro-energy-multi-cripis-yuksek-enerjili-tropikal-balik-yemi-500ml\/#primaryimage"},"image":{"@id":"https:\/\/anadolupet.com.tr\/urun\/tetra-pro-energy-multi-cripis-yuksek-enerjili-tropikal-balik-yemi-500ml\/#primaryimage"},"thumbnailUrl":"https:\/\/anadolupet.com.tr\/wp-content\/uploads\/2026\/02\/400-708507.jpg","datePublished":"2026-02-14T14:46:34+00:00","dateModified":"2026-02-23T16:49:25+00:00","breadcrumb":{"@id":"https:\/\/anadolupet.com.tr\/urun\/tetra-pro-energy-multi-cripis-yuksek-enerjili-tropikal-balik-yemi-500ml\/#breadcrumb"},"inLanguage":"en-US","potentialAction":[{"@type":"ReadAction","target":["https:\/\/anadolupet.com.tr\/urun\/tetra-pro-energy-multi-cripis-yuksek-enerjili-tropikal-balik-yemi-500ml\/"]}]},{"@type":"ImageObject","inLanguage":"en-US","@id":"https:\/\/anadolupet.com.tr\/urun\/tetra-pro-energy-multi-cripis-yuksek-enerjili-tropikal-balik-yemi-500ml\/#primaryimage","url":"https:\/\/anadolupet.com.tr\/wp-content\/uploads\/2026\/02\/400-708507.jpg","contentUrl":"https:\/\/anadolupet.com.tr\/wp-content\/uploads\/2026\/02\/400-708507.jpg","width":750,"height":750},{"@type":"BreadcrumbList","@id":"https:\/\/anadolupet.com.tr\/urun\/tetra-pro-energy-multi-cripis-yuksek-enerjili-tropikal-balik-yemi-500ml\/#breadcrumb","itemListElement":[{"@type":"ListItem","position":1,"name":"Anasayfa","item":"https:\/\/anadolupet.com.tr\/"},{"@type":"ListItem","position":2,"name":"\u00dcr\u00fcnler","item":"https:\/\/anadolupet.com.tr\/urunler\/"},{"@type":"ListItem","position":3,"name":"Tetra Pro Energy Multi Cripis Y\u00fcksek Enerjili Tropikal Bal\u0131k Yemi &#8211; 500ML"}]},{"@type":"WebSite","@id":"https:\/\/anadolupet.com.tr\/#website","url":"https:\/\/anadolupet.com.tr\/","name":"Anadolu Pet Group","description":"We Stand Together for the Well-Being of Every Life","publisher":{"@id":"https:\/\/anadolupet.com.tr\/#organization"},"potentialAction":[{"@type":"SearchAction","target":{"@type":"EntryPoint","urlTemplate":"https:\/\/anadolupet.com.tr\/?s={search_term_string}"},"query-input":{"@type":"PropertyValueSpecification","valueRequired":true,"valueName":"search_term_string"}}],"inLanguage":"en-US"},{"@type":"Organization","@id":"https:\/\/anadolupet.com.tr\/#organization","name":"Anadolu Pet Group","alternateName":"Anadolu Pet","url":"https:\/\/anadolupet.com.tr\/","logo":{"@type":"ImageObject","inLanguage":"en-US","@id":"https:\/\/anadolupet.com.tr\/#\/schema\/logo\/image\/","url":"https:\/\/anadolupet.com.tr\/wp-content\/uploads\/2026\/03\/1614666743370.jpg","contentUrl":"https:\/\/anadolupet.com.tr\/wp-content\/uploads\/2026\/03\/1614666743370.jpg","width":800,"height":571,"caption":"Anadolu Pet Grup"},"image":{"@id":"https:\/\/anadolupet.com.tr\/#\/schema\/logo\/image\/"}}]}},"_links":{"self":[{"href":"https:\/\/anadolupet.com.tr\/en\/wp-json\/wp\/v2\/product\/46383","targetHints":{"allow":["GET"]}}],"collection":[{"href":"https:\/\/anadolupet.com.tr\/en\/wp-json\/wp\/v2\/product"}],"about":[{"href":"https:\/\/anadolupet.com.tr\/en\/wp-json\/wp\/v2\/types\/product"}],"replies":[{"embeddable":true,"href":"https:\/\/anadolupet.com.tr\/en\/wp-json\/wp\/v2\/comments?post=46383"}],"wp:featuredmedia":[{"embeddable":true,"href":"https:\/\/anadolupet.com.tr\/en\/wp-json\/wp\/v2\/media\/47070"}],"wp:attachment":[{"href":"https:\/\/anadolupet.com.tr\/en\/wp-json\/wp\/v2\/media?parent=46383"}],"wp:term":[{"taxonomy":"product_brand","embeddable":true,"href":"https:\/\/anadolupet.com.tr\/en\/wp-json\/wp\/v2\/product_brand?post=46383"},{"taxonomy":"product_cat","embeddable":true,"href":"https:\/\/anadolupet.com.tr\/en\/wp-json\/wp\/v2\/product_cat?post=46383"},{"taxonomy":"product_tag","embeddable":true,"href":"https:\/\/anadolupet.com.tr\/en\/wp-json\/wp\/v2\/product_tag?post=46383"}],"curies":[{"name":"wp","href":"https:\/\/api.w.org\/{rel}","templated":true}]}}