{"id":46384,"date":"2026-02-14T14:46:35","date_gmt":"2026-02-14T14:46:35","guid":{"rendered":"https:\/\/anadolupet.com.tr\/urun\/tetra-reptomin-menu-karisik-kaplumbaga-yemi-250ml\/"},"modified":"2026-02-23T16:49:25","modified_gmt":"2026-02-23T16:49:25","slug":"tetra-reptomin-menu-karisik-kaplumbaga-yemi-250ml","status":"publish","type":"product","link":"https:\/\/anadolupet.com.tr\/en\/urun\/tetra-reptomin-menu-karisik-kaplumbaga-yemi-250ml\/","title":{"rendered":"Tetra Reptomin Menu Kar\u0131\u015f\u0131k Kaplumba\u011fa Yemi &#8211; 250ML"},"content":{"rendered":"","protected":false},"excerpt":{"rendered":"<p>Tetra ReptoMin 3in1 Menu<br \/>\n3\u2019\u00fc 1 arada \u00f6zel yem kab\u0131 ile farkl\u0131 beslenme se\u00e7enekleri sunar.<br \/>\nBesin a\u00e7\u0131s\u0131ndan zengin yem \u00e7ubuklar\u0131 sayesinde dengeli ve sa\u011fl\u0131kl\u0131 beslenme sa\u011flar.<br \/>\nDo\u011fal protein kayna\u011f\u0131 karides i\u00e7eri\u011fiyle g\u00fc\u00e7l\u00fc geli\u015fimi destekler.<br \/>\nKrill katk\u0131s\u0131 ile ekstra enerji ve canl\u0131l\u0131k kazand\u0131r\u0131r.<br \/>\nRenklendirici i\u00e7ermez, tamamen do\u011fal form\u00fcl ile g\u00fcvenli beslenme sunar.<br \/>\nTetra ReptoMin 3in1 Menu, s\u00fcr\u00fcngenlerinizin sa\u011fl\u0131kl\u0131 b\u00fcy\u00fcmesi, enerjik ve dengeli beslenmesi i\u00e7in ideal bir yemdir.<\/p>","protected":false},"featured_media":47091,"comment_status":"open","ping_status":"closed","template":"","meta":{"_acf_changed":false},"product_brand":[],"product_cat":[2394],"product_tag":[],"class_list":{"0":"post-46384","1":"product","2":"type-product","3":"status-publish","4":"has-post-thumbnail","6":"product_cat-kaplumbaga-yemleri","8":"first","9":"instock","10":"shipping-taxable","11":"product-type-simple"},"acf":[],"yoast_head":"<!-- This site is optimized with the Yoast SEO plugin v27.4 - https:\/\/yoast.com\/product\/yoast-seo-wordpress\/ -->\n<title>Tetra Reptomin Menu Kar\u0131\u015f\u0131k Kaplumba\u011fa Yemi - 250ML - Anadolu Pet Grup<\/title>\n<meta name=\"robots\" content=\"index, follow, max-snippet:-1, max-image-preview:large, max-video-preview:-1\" \/>\n<link rel=\"canonical\" href=\"https:\/\/anadolupet.com.tr\/en\/product\/tetra-reptomin-menu-karisik-kaplumbaga-yemi-250ml\/\" \/>\n<meta property=\"og:locale\" content=\"en_US\" \/>\n<meta property=\"og:type\" content=\"article\" \/>\n<meta property=\"og:title\" content=\"Tetra Reptomin Menu Kar\u0131\u015f\u0131k Kaplumba\u011fa Yemi - 250ML - Anadolu Pet Grup\" \/>\n<meta property=\"og:description\" content=\"Tetra ReptoMin 3in1 Menu 3\u2019\u00fc 1 arada \u00f6zel yem kab\u0131 ile farkl\u0131 beslenme se\u00e7enekleri sunar. Besin a\u00e7\u0131s\u0131ndan zengin yem \u00e7ubuklar\u0131 sayesinde dengeli ve sa\u011fl\u0131kl\u0131 beslenme sa\u011flar. Do\u011fal protein kayna\u011f\u0131 karides i\u00e7eri\u011fiyle g\u00fc\u00e7l\u00fc geli\u015fimi destekler. Krill katk\u0131s\u0131 ile ekstra enerji ve canl\u0131l\u0131k kazand\u0131r\u0131r. Renklendirici i\u00e7ermez, tamamen do\u011fal form\u00fcl ile g\u00fcvenli beslenme sunar. Tetra ReptoMin 3in1 Menu, s\u00fcr\u00fcngenlerinizin sa\u011fl\u0131kl\u0131 b\u00fcy\u00fcmesi, enerjik ve dengeli beslenmesi i\u00e7in ideal bir yemdir.\" \/>\n<meta property=\"og:url\" content=\"https:\/\/anadolupet.com.tr\/en\/product\/tetra-reptomin-menu-karisik-kaplumbaga-yemi-250ml\/\" \/>\n<meta property=\"og:site_name\" content=\"Anadolu Pet Grup\" \/>\n<meta property=\"article:modified_time\" content=\"2026-02-23T16:49:25+00:00\" \/>\n<meta property=\"og:image\" content=\"https:\/\/anadolupet.com.tr\/wp-content\/uploads\/2026\/02\/400-709434.jpg\" \/>\n\t<meta property=\"og:image:width\" content=\"750\" \/>\n\t<meta property=\"og:image:height\" content=\"750\" \/>\n\t<meta property=\"og:image:type\" content=\"image\/jpeg\" \/>\n<meta name=\"twitter:card\" content=\"summary_large_image\" \/>\n<script type=\"application\/ld+json\" class=\"yoast-schema-graph\">{\"@context\":\"https:\\\/\\\/schema.org\",\"@graph\":[{\"@type\":\"WebPage\",\"@id\":\"https:\\\/\\\/anadolupet.com.tr\\\/urun\\\/tetra-reptomin-menu-karisik-kaplumbaga-yemi-250ml\\\/\",\"url\":\"https:\\\/\\\/anadolupet.com.tr\\\/urun\\\/tetra-reptomin-menu-karisik-kaplumbaga-yemi-250ml\\\/\",\"name\":\"Tetra Reptomin Menu Kar\u0131\u015f\u0131k Kaplumba\u011fa Yemi - 250ML - Anadolu Pet Grup\",\"isPartOf\":{\"@id\":\"https:\\\/\\\/anadolupet.com.tr\\\/#website\"},\"primaryImageOfPage\":{\"@id\":\"https:\\\/\\\/anadolupet.com.tr\\\/urun\\\/tetra-reptomin-menu-karisik-kaplumbaga-yemi-250ml\\\/#primaryimage\"},\"image\":{\"@id\":\"https:\\\/\\\/anadolupet.com.tr\\\/urun\\\/tetra-reptomin-menu-karisik-kaplumbaga-yemi-250ml\\\/#primaryimage\"},\"thumbnailUrl\":\"https:\\\/\\\/anadolupet.com.tr\\\/wp-content\\\/uploads\\\/2026\\\/02\\\/400-709434.jpg\",\"datePublished\":\"2026-02-14T14:46:35+00:00\",\"dateModified\":\"2026-02-23T16:49:25+00:00\",\"breadcrumb\":{\"@id\":\"https:\\\/\\\/anadolupet.com.tr\\\/urun\\\/tetra-reptomin-menu-karisik-kaplumbaga-yemi-250ml\\\/#breadcrumb\"},\"inLanguage\":\"en-US\",\"potentialAction\":[{\"@type\":\"ReadAction\",\"target\":[\"https:\\\/\\\/anadolupet.com.tr\\\/urun\\\/tetra-reptomin-menu-karisik-kaplumbaga-yemi-250ml\\\/\"]}]},{\"@type\":\"ImageObject\",\"inLanguage\":\"en-US\",\"@id\":\"https:\\\/\\\/anadolupet.com.tr\\\/urun\\\/tetra-reptomin-menu-karisik-kaplumbaga-yemi-250ml\\\/#primaryimage\",\"url\":\"https:\\\/\\\/anadolupet.com.tr\\\/wp-content\\\/uploads\\\/2026\\\/02\\\/400-709434.jpg\",\"contentUrl\":\"https:\\\/\\\/anadolupet.com.tr\\\/wp-content\\\/uploads\\\/2026\\\/02\\\/400-709434.jpg\",\"width\":750,\"height\":750},{\"@type\":\"BreadcrumbList\",\"@id\":\"https:\\\/\\\/anadolupet.com.tr\\\/urun\\\/tetra-reptomin-menu-karisik-kaplumbaga-yemi-250ml\\\/#breadcrumb\",\"itemListElement\":[{\"@type\":\"ListItem\",\"position\":1,\"name\":\"Anasayfa\",\"item\":\"https:\\\/\\\/anadolupet.com.tr\\\/\"},{\"@type\":\"ListItem\",\"position\":2,\"name\":\"\u00dcr\u00fcnler\",\"item\":\"https:\\\/\\\/anadolupet.com.tr\\\/urunler\\\/\"},{\"@type\":\"ListItem\",\"position\":3,\"name\":\"Tetra Reptomin Menu Kar\u0131\u015f\u0131k Kaplumba\u011fa Yemi &#8211; 250ML\"}]},{\"@type\":\"WebSite\",\"@id\":\"https:\\\/\\\/anadolupet.com.tr\\\/#website\",\"url\":\"https:\\\/\\\/anadolupet.com.tr\\\/\",\"name\":\"Anadolu Pet Grup\",\"description\":\"Her Can\u0131n \u0130yi Ya\u015fam\u0131 \u0130\u00e7in Biraraday\u0131z\",\"publisher\":{\"@id\":\"https:\\\/\\\/anadolupet.com.tr\\\/#organization\"},\"potentialAction\":[{\"@type\":\"SearchAction\",\"target\":{\"@type\":\"EntryPoint\",\"urlTemplate\":\"https:\\\/\\\/anadolupet.com.tr\\\/?s={search_term_string}\"},\"query-input\":{\"@type\":\"PropertyValueSpecification\",\"valueRequired\":true,\"valueName\":\"search_term_string\"}}],\"inLanguage\":\"en-US\"},{\"@type\":\"Organization\",\"@id\":\"https:\\\/\\\/anadolupet.com.tr\\\/#organization\",\"name\":\"Anadolu Pet Grup\",\"alternateName\":\"Anadolu Pet\",\"url\":\"https:\\\/\\\/anadolupet.com.tr\\\/\",\"logo\":{\"@type\":\"ImageObject\",\"inLanguage\":\"en-US\",\"@id\":\"https:\\\/\\\/anadolupet.com.tr\\\/#\\\/schema\\\/logo\\\/image\\\/\",\"url\":\"https:\\\/\\\/anadolupet.com.tr\\\/wp-content\\\/uploads\\\/2026\\\/03\\\/1614666743370.jpg\",\"contentUrl\":\"https:\\\/\\\/anadolupet.com.tr\\\/wp-content\\\/uploads\\\/2026\\\/03\\\/1614666743370.jpg\",\"width\":800,\"height\":571,\"caption\":\"Anadolu Pet Grup\"},\"image\":{\"@id\":\"https:\\\/\\\/anadolupet.com.tr\\\/#\\\/schema\\\/logo\\\/image\\\/\"}}]}<\/script>\n<!-- \/ Yoast SEO plugin. -->","yoast_head_json":{"title":"Tetra Reptomin Menu Kar\u0131\u015f\u0131k Kaplumba\u011fa Yemi - 250ML - Anadolu Pet Grup","robots":{"index":"index","follow":"follow","max-snippet":"max-snippet:-1","max-image-preview":"max-image-preview:large","max-video-preview":"max-video-preview:-1"},"canonical":"https:\/\/anadolupet.com.tr\/en\/product\/tetra-reptomin-menu-karisik-kaplumbaga-yemi-250ml\/","og_locale":"en_US","og_type":"article","og_title":"Tetra Reptomin Menu Kar\u0131\u015f\u0131k Kaplumba\u011fa Yemi - 250ML - Anadolu Pet Grup","og_description":"Tetra ReptoMin 3in1 Menu 3\u2019\u00fc 1 arada \u00f6zel yem kab\u0131 ile farkl\u0131 beslenme se\u00e7enekleri sunar. Besin a\u00e7\u0131s\u0131ndan zengin yem \u00e7ubuklar\u0131 sayesinde dengeli ve sa\u011fl\u0131kl\u0131 beslenme sa\u011flar. Do\u011fal protein kayna\u011f\u0131 karides i\u00e7eri\u011fiyle g\u00fc\u00e7l\u00fc geli\u015fimi destekler. Krill katk\u0131s\u0131 ile ekstra enerji ve canl\u0131l\u0131k kazand\u0131r\u0131r. Renklendirici i\u00e7ermez, tamamen do\u011fal form\u00fcl ile g\u00fcvenli beslenme sunar. Tetra ReptoMin 3in1 Menu, s\u00fcr\u00fcngenlerinizin sa\u011fl\u0131kl\u0131 b\u00fcy\u00fcmesi, enerjik ve dengeli beslenmesi i\u00e7in ideal bir yemdir.","og_url":"https:\/\/anadolupet.com.tr\/en\/product\/tetra-reptomin-menu-karisik-kaplumbaga-yemi-250ml\/","og_site_name":"Anadolu Pet Grup","article_modified_time":"2026-02-23T16:49:25+00:00","og_image":[{"width":750,"height":750,"url":"https:\/\/anadolupet.com.tr\/wp-content\/uploads\/2026\/02\/400-709434.jpg","type":"image\/jpeg"}],"twitter_card":"summary_large_image","schema":{"@context":"https:\/\/schema.org","@graph":[{"@type":"WebPage","@id":"https:\/\/anadolupet.com.tr\/urun\/tetra-reptomin-menu-karisik-kaplumbaga-yemi-250ml\/","url":"https:\/\/anadolupet.com.tr\/urun\/tetra-reptomin-menu-karisik-kaplumbaga-yemi-250ml\/","name":"Tetra Reptomin Menu Kar\u0131\u015f\u0131k Kaplumba\u011fa Yemi - 250ML - Anadolu Pet Grup","isPartOf":{"@id":"https:\/\/anadolupet.com.tr\/#website"},"primaryImageOfPage":{"@id":"https:\/\/anadolupet.com.tr\/urun\/tetra-reptomin-menu-karisik-kaplumbaga-yemi-250ml\/#primaryimage"},"image":{"@id":"https:\/\/anadolupet.com.tr\/urun\/tetra-reptomin-menu-karisik-kaplumbaga-yemi-250ml\/#primaryimage"},"thumbnailUrl":"https:\/\/anadolupet.com.tr\/wp-content\/uploads\/2026\/02\/400-709434.jpg","datePublished":"2026-02-14T14:46:35+00:00","dateModified":"2026-02-23T16:49:25+00:00","breadcrumb":{"@id":"https:\/\/anadolupet.com.tr\/urun\/tetra-reptomin-menu-karisik-kaplumbaga-yemi-250ml\/#breadcrumb"},"inLanguage":"en-US","potentialAction":[{"@type":"ReadAction","target":["https:\/\/anadolupet.com.tr\/urun\/tetra-reptomin-menu-karisik-kaplumbaga-yemi-250ml\/"]}]},{"@type":"ImageObject","inLanguage":"en-US","@id":"https:\/\/anadolupet.com.tr\/urun\/tetra-reptomin-menu-karisik-kaplumbaga-yemi-250ml\/#primaryimage","url":"https:\/\/anadolupet.com.tr\/wp-content\/uploads\/2026\/02\/400-709434.jpg","contentUrl":"https:\/\/anadolupet.com.tr\/wp-content\/uploads\/2026\/02\/400-709434.jpg","width":750,"height":750},{"@type":"BreadcrumbList","@id":"https:\/\/anadolupet.com.tr\/urun\/tetra-reptomin-menu-karisik-kaplumbaga-yemi-250ml\/#breadcrumb","itemListElement":[{"@type":"ListItem","position":1,"name":"Anasayfa","item":"https:\/\/anadolupet.com.tr\/"},{"@type":"ListItem","position":2,"name":"\u00dcr\u00fcnler","item":"https:\/\/anadolupet.com.tr\/urunler\/"},{"@type":"ListItem","position":3,"name":"Tetra Reptomin Menu Kar\u0131\u015f\u0131k Kaplumba\u011fa Yemi &#8211; 250ML"}]},{"@type":"WebSite","@id":"https:\/\/anadolupet.com.tr\/#website","url":"https:\/\/anadolupet.com.tr\/","name":"Anadolu Pet Group","description":"We Stand Together for the Well-Being of Every Life","publisher":{"@id":"https:\/\/anadolupet.com.tr\/#organization"},"potentialAction":[{"@type":"SearchAction","target":{"@type":"EntryPoint","urlTemplate":"https:\/\/anadolupet.com.tr\/?s={search_term_string}"},"query-input":{"@type":"PropertyValueSpecification","valueRequired":true,"valueName":"search_term_string"}}],"inLanguage":"en-US"},{"@type":"Organization","@id":"https:\/\/anadolupet.com.tr\/#organization","name":"Anadolu Pet Group","alternateName":"Anadolu Pet","url":"https:\/\/anadolupet.com.tr\/","logo":{"@type":"ImageObject","inLanguage":"en-US","@id":"https:\/\/anadolupet.com.tr\/#\/schema\/logo\/image\/","url":"https:\/\/anadolupet.com.tr\/wp-content\/uploads\/2026\/03\/1614666743370.jpg","contentUrl":"https:\/\/anadolupet.com.tr\/wp-content\/uploads\/2026\/03\/1614666743370.jpg","width":800,"height":571,"caption":"Anadolu Pet Grup"},"image":{"@id":"https:\/\/anadolupet.com.tr\/#\/schema\/logo\/image\/"}}]}},"_links":{"self":[{"href":"https:\/\/anadolupet.com.tr\/en\/wp-json\/wp\/v2\/product\/46384","targetHints":{"allow":["GET"]}}],"collection":[{"href":"https:\/\/anadolupet.com.tr\/en\/wp-json\/wp\/v2\/product"}],"about":[{"href":"https:\/\/anadolupet.com.tr\/en\/wp-json\/wp\/v2\/types\/product"}],"replies":[{"embeddable":true,"href":"https:\/\/anadolupet.com.tr\/en\/wp-json\/wp\/v2\/comments?post=46384"}],"wp:featuredmedia":[{"embeddable":true,"href":"https:\/\/anadolupet.com.tr\/en\/wp-json\/wp\/v2\/media\/47091"}],"wp:attachment":[{"href":"https:\/\/anadolupet.com.tr\/en\/wp-json\/wp\/v2\/media?parent=46384"}],"wp:term":[{"taxonomy":"product_brand","embeddable":true,"href":"https:\/\/anadolupet.com.tr\/en\/wp-json\/wp\/v2\/product_brand?post=46384"},{"taxonomy":"product_cat","embeddable":true,"href":"https:\/\/anadolupet.com.tr\/en\/wp-json\/wp\/v2\/product_cat?post=46384"},{"taxonomy":"product_tag","embeddable":true,"href":"https:\/\/anadolupet.com.tr\/en\/wp-json\/wp\/v2\/product_tag?post=46384"}],"curies":[{"name":"wp","href":"https:\/\/api.w.org\/{rel}","templated":true}]}}