{"id":46389,"date":"2026-02-14T14:46:37","date_gmt":"2026-02-14T14:46:37","guid":{"rendered":"https:\/\/anadolupet.com.tr\/?post_type=product&#038;p=46389"},"modified":"2026-02-23T16:49:26","modified_gmt":"2026-02-23T16:49:26","slug":"tetra-starter-line-led-akvaryum-seti-80lt","status":"publish","type":"product","link":"https:\/\/anadolupet.com.tr\/en\/urun\/tetra-starter-line-led-akvaryum-seti-80lt\/","title":{"rendered":"Tetra Starter Line Led Akvaryum Seti &#8211; 80LT"},"content":{"rendered":"","protected":false},"excerpt":{"rendered":"<p>Tetra Starter Line akvaryumlar, bal\u0131k besleme d\u00fcnyas\u0131na yeni ba\u015flayanlar i\u00e7in idealdir. Set i\u00e7eri\u011fi Is\u0131t\u0131c\u0131, \u0130\u00e7 filtre, Su d\u00fczenleyici, Yem, pratik bir besleme kapa\u011f\u0131 ve akvaryumunuzu parlak ve do\u011fal bir \u015fekilde ayd\u0131nlatan enerji tasarruflu bir LED \u0131\u015f\u0131k (g\u00fcnd\u00fcz\/gece modu ile) dahil olmak \u00fczere t\u00fcm gerekli teknik donan\u0131ma sahiptir. G\u00fc\u00e7l\u00fc Tetra EasyCrystal \u0130\u00e7 Filtre, suyu temiz ve berrak tutar. 54 ve 80 litrelik akvaryumlar\u0131n komple setlerinde bulunan g\u00fcvenilir \u0131s\u0131t\u0131c\u0131, su s\u0131cakl\u0131\u011f\u0131n\u0131 25\u00b0C&#8217;de sabit tutar. Basit kurulum ve etkileyici teknik ekipman, Tetra Starter Line akvaryumu su alt\u0131 d\u00fcnyas\u0131na yeni ad\u0131m atanlar i\u00e7in ideal bir se\u00e7im haline getiriyor. Detaylar;<\/p>","protected":false},"featured_media":47239,"comment_status":"open","ping_status":"closed","template":"","meta":{"_acf_changed":false},"product_brand":[],"product_cat":[2401],"product_tag":[],"class_list":{"0":"post-46389","1":"product","2":"type-product","3":"status-publish","4":"has-post-thumbnail","6":"product_cat-mobilyasiz-akvaryumlar","8":"first","9":"instock","10":"shipping-taxable","11":"product-type-simple"},"acf":[],"yoast_head":"<!-- This site is optimized with the Yoast SEO plugin v27.4 - https:\/\/yoast.com\/product\/yoast-seo-wordpress\/ -->\n<title>Tetra Starter Line Led Akvaryum Seti - 80LT - Anadolu Pet Grup<\/title>\n<meta name=\"robots\" content=\"index, follow, max-snippet:-1, max-image-preview:large, max-video-preview:-1\" \/>\n<link rel=\"canonical\" href=\"https:\/\/anadolupet.com.tr\/en\/product\/tetra-starter-line-led-akvaryum-seti-80lt\/\" \/>\n<meta property=\"og:locale\" content=\"en_US\" \/>\n<meta property=\"og:type\" content=\"article\" \/>\n<meta property=\"og:title\" content=\"Tetra Starter Line Led Akvaryum Seti - 80LT - Anadolu Pet Grup\" \/>\n<meta property=\"og:description\" content=\"Tetra Starter Line akvaryumlar, bal\u0131k besleme d\u00fcnyas\u0131na yeni ba\u015flayanlar i\u00e7in idealdir. Set i\u00e7eri\u011fi Is\u0131t\u0131c\u0131, \u0130\u00e7 filtre, Su d\u00fczenleyici, Yem, pratik bir besleme kapa\u011f\u0131 ve akvaryumunuzu parlak ve do\u011fal bir \u015fekilde ayd\u0131nlatan enerji tasarruflu bir LED \u0131\u015f\u0131k (g\u00fcnd\u00fcz\/gece modu ile) dahil olmak \u00fczere t\u00fcm gerekli teknik donan\u0131ma sahiptir. G\u00fc\u00e7l\u00fc Tetra EasyCrystal \u0130\u00e7 Filtre, suyu temiz ve berrak tutar. 54 ve 80 litrelik akvaryumlar\u0131n komple setlerinde bulunan g\u00fcvenilir \u0131s\u0131t\u0131c\u0131, su s\u0131cakl\u0131\u011f\u0131n\u0131 25\u00b0C&#039;de sabit tutar. Basit kurulum ve etkileyici teknik ekipman, Tetra Starter Line akvaryumu su alt\u0131 d\u00fcnyas\u0131na yeni ad\u0131m atanlar i\u00e7in ideal bir se\u00e7im haline getiriyor. Detaylar;\" \/>\n<meta property=\"og:url\" content=\"https:\/\/anadolupet.com.tr\/en\/product\/tetra-starter-line-led-akvaryum-seti-80lt\/\" \/>\n<meta property=\"og:site_name\" content=\"Anadolu Pet Grup\" \/>\n<meta property=\"article:modified_time\" content=\"2026-02-23T16:49:26+00:00\" \/>\n<meta property=\"og:image\" content=\"https:\/\/anadolupet.com.tr\/wp-content\/uploads\/2026\/02\/402-712175.jpg\" \/>\n\t<meta property=\"og:image:width\" content=\"750\" \/>\n\t<meta property=\"og:image:height\" content=\"750\" \/>\n\t<meta property=\"og:image:type\" content=\"image\/jpeg\" \/>\n<meta name=\"twitter:card\" content=\"summary_large_image\" \/>\n<script type=\"application\/ld+json\" class=\"yoast-schema-graph\">{\"@context\":\"https:\\\/\\\/schema.org\",\"@graph\":[{\"@type\":\"WebPage\",\"@id\":\"https:\\\/\\\/anadolupet.com.tr\\\/urun\\\/tetra-starter-line-led-akvaryum-seti-80lt\\\/\",\"url\":\"https:\\\/\\\/anadolupet.com.tr\\\/urun\\\/tetra-starter-line-led-akvaryum-seti-80lt\\\/\",\"name\":\"Tetra Starter Line Led Akvaryum Seti - 80LT - Anadolu Pet Grup\",\"isPartOf\":{\"@id\":\"https:\\\/\\\/anadolupet.com.tr\\\/#website\"},\"primaryImageOfPage\":{\"@id\":\"https:\\\/\\\/anadolupet.com.tr\\\/urun\\\/tetra-starter-line-led-akvaryum-seti-80lt\\\/#primaryimage\"},\"image\":{\"@id\":\"https:\\\/\\\/anadolupet.com.tr\\\/urun\\\/tetra-starter-line-led-akvaryum-seti-80lt\\\/#primaryimage\"},\"thumbnailUrl\":\"https:\\\/\\\/anadolupet.com.tr\\\/wp-content\\\/uploads\\\/2026\\\/02\\\/402-712175.jpg\",\"datePublished\":\"2026-02-14T14:46:37+00:00\",\"dateModified\":\"2026-02-23T16:49:26+00:00\",\"breadcrumb\":{\"@id\":\"https:\\\/\\\/anadolupet.com.tr\\\/urun\\\/tetra-starter-line-led-akvaryum-seti-80lt\\\/#breadcrumb\"},\"inLanguage\":\"en-US\",\"potentialAction\":[{\"@type\":\"ReadAction\",\"target\":[\"https:\\\/\\\/anadolupet.com.tr\\\/urun\\\/tetra-starter-line-led-akvaryum-seti-80lt\\\/\"]}]},{\"@type\":\"ImageObject\",\"inLanguage\":\"en-US\",\"@id\":\"https:\\\/\\\/anadolupet.com.tr\\\/urun\\\/tetra-starter-line-led-akvaryum-seti-80lt\\\/#primaryimage\",\"url\":\"https:\\\/\\\/anadolupet.com.tr\\\/wp-content\\\/uploads\\\/2026\\\/02\\\/402-712175.jpg\",\"contentUrl\":\"https:\\\/\\\/anadolupet.com.tr\\\/wp-content\\\/uploads\\\/2026\\\/02\\\/402-712175.jpg\",\"width\":750,\"height\":750},{\"@type\":\"BreadcrumbList\",\"@id\":\"https:\\\/\\\/anadolupet.com.tr\\\/urun\\\/tetra-starter-line-led-akvaryum-seti-80lt\\\/#breadcrumb\",\"itemListElement\":[{\"@type\":\"ListItem\",\"position\":1,\"name\":\"Anasayfa\",\"item\":\"https:\\\/\\\/anadolupet.com.tr\\\/\"},{\"@type\":\"ListItem\",\"position\":2,\"name\":\"\u00dcr\u00fcnler\",\"item\":\"https:\\\/\\\/anadolupet.com.tr\\\/urunler\\\/\"},{\"@type\":\"ListItem\",\"position\":3,\"name\":\"Tetra Starter Line Led Akvaryum Seti &#8211; 80LT\"}]},{\"@type\":\"WebSite\",\"@id\":\"https:\\\/\\\/anadolupet.com.tr\\\/#website\",\"url\":\"https:\\\/\\\/anadolupet.com.tr\\\/\",\"name\":\"Anadolu Pet Grup\",\"description\":\"Her Can\u0131n \u0130yi Ya\u015fam\u0131 \u0130\u00e7in Biraraday\u0131z\",\"publisher\":{\"@id\":\"https:\\\/\\\/anadolupet.com.tr\\\/#organization\"},\"potentialAction\":[{\"@type\":\"SearchAction\",\"target\":{\"@type\":\"EntryPoint\",\"urlTemplate\":\"https:\\\/\\\/anadolupet.com.tr\\\/?s={search_term_string}\"},\"query-input\":{\"@type\":\"PropertyValueSpecification\",\"valueRequired\":true,\"valueName\":\"search_term_string\"}}],\"inLanguage\":\"en-US\"},{\"@type\":\"Organization\",\"@id\":\"https:\\\/\\\/anadolupet.com.tr\\\/#organization\",\"name\":\"Anadolu Pet Grup\",\"alternateName\":\"Anadolu Pet\",\"url\":\"https:\\\/\\\/anadolupet.com.tr\\\/\",\"logo\":{\"@type\":\"ImageObject\",\"inLanguage\":\"en-US\",\"@id\":\"https:\\\/\\\/anadolupet.com.tr\\\/#\\\/schema\\\/logo\\\/image\\\/\",\"url\":\"https:\\\/\\\/anadolupet.com.tr\\\/wp-content\\\/uploads\\\/2026\\\/03\\\/1614666743370.jpg\",\"contentUrl\":\"https:\\\/\\\/anadolupet.com.tr\\\/wp-content\\\/uploads\\\/2026\\\/03\\\/1614666743370.jpg\",\"width\":800,\"height\":571,\"caption\":\"Anadolu Pet Grup\"},\"image\":{\"@id\":\"https:\\\/\\\/anadolupet.com.tr\\\/#\\\/schema\\\/logo\\\/image\\\/\"}}]}<\/script>\n<!-- \/ Yoast SEO plugin. -->","yoast_head_json":{"title":"Tetra Starter Line Led Akvaryum Seti - 80LT - Anadolu Pet Grup","robots":{"index":"index","follow":"follow","max-snippet":"max-snippet:-1","max-image-preview":"max-image-preview:large","max-video-preview":"max-video-preview:-1"},"canonical":"https:\/\/anadolupet.com.tr\/en\/product\/tetra-starter-line-led-akvaryum-seti-80lt\/","og_locale":"en_US","og_type":"article","og_title":"Tetra Starter Line Led Akvaryum Seti - 80LT - Anadolu Pet Grup","og_description":"Tetra Starter Line akvaryumlar, bal\u0131k besleme d\u00fcnyas\u0131na yeni ba\u015flayanlar i\u00e7in idealdir. Set i\u00e7eri\u011fi Is\u0131t\u0131c\u0131, \u0130\u00e7 filtre, Su d\u00fczenleyici, Yem, pratik bir besleme kapa\u011f\u0131 ve akvaryumunuzu parlak ve do\u011fal bir \u015fekilde ayd\u0131nlatan enerji tasarruflu bir LED \u0131\u015f\u0131k (g\u00fcnd\u00fcz\/gece modu ile) dahil olmak \u00fczere t\u00fcm gerekli teknik donan\u0131ma sahiptir. G\u00fc\u00e7l\u00fc Tetra EasyCrystal \u0130\u00e7 Filtre, suyu temiz ve berrak tutar. 54 ve 80 litrelik akvaryumlar\u0131n komple setlerinde bulunan g\u00fcvenilir \u0131s\u0131t\u0131c\u0131, su s\u0131cakl\u0131\u011f\u0131n\u0131 25\u00b0C'de sabit tutar. Basit kurulum ve etkileyici teknik ekipman, Tetra Starter Line akvaryumu su alt\u0131 d\u00fcnyas\u0131na yeni ad\u0131m atanlar i\u00e7in ideal bir se\u00e7im haline getiriyor. Detaylar;","og_url":"https:\/\/anadolupet.com.tr\/en\/product\/tetra-starter-line-led-akvaryum-seti-80lt\/","og_site_name":"Anadolu Pet Grup","article_modified_time":"2026-02-23T16:49:26+00:00","og_image":[{"width":750,"height":750,"url":"https:\/\/anadolupet.com.tr\/wp-content\/uploads\/2026\/02\/402-712175.jpg","type":"image\/jpeg"}],"twitter_card":"summary_large_image","schema":{"@context":"https:\/\/schema.org","@graph":[{"@type":"WebPage","@id":"https:\/\/anadolupet.com.tr\/urun\/tetra-starter-line-led-akvaryum-seti-80lt\/","url":"https:\/\/anadolupet.com.tr\/urun\/tetra-starter-line-led-akvaryum-seti-80lt\/","name":"Tetra Starter Line Led Akvaryum Seti - 80LT - Anadolu Pet Grup","isPartOf":{"@id":"https:\/\/anadolupet.com.tr\/#website"},"primaryImageOfPage":{"@id":"https:\/\/anadolupet.com.tr\/urun\/tetra-starter-line-led-akvaryum-seti-80lt\/#primaryimage"},"image":{"@id":"https:\/\/anadolupet.com.tr\/urun\/tetra-starter-line-led-akvaryum-seti-80lt\/#primaryimage"},"thumbnailUrl":"https:\/\/anadolupet.com.tr\/wp-content\/uploads\/2026\/02\/402-712175.jpg","datePublished":"2026-02-14T14:46:37+00:00","dateModified":"2026-02-23T16:49:26+00:00","breadcrumb":{"@id":"https:\/\/anadolupet.com.tr\/urun\/tetra-starter-line-led-akvaryum-seti-80lt\/#breadcrumb"},"inLanguage":"en-US","potentialAction":[{"@type":"ReadAction","target":["https:\/\/anadolupet.com.tr\/urun\/tetra-starter-line-led-akvaryum-seti-80lt\/"]}]},{"@type":"ImageObject","inLanguage":"en-US","@id":"https:\/\/anadolupet.com.tr\/urun\/tetra-starter-line-led-akvaryum-seti-80lt\/#primaryimage","url":"https:\/\/anadolupet.com.tr\/wp-content\/uploads\/2026\/02\/402-712175.jpg","contentUrl":"https:\/\/anadolupet.com.tr\/wp-content\/uploads\/2026\/02\/402-712175.jpg","width":750,"height":750},{"@type":"BreadcrumbList","@id":"https:\/\/anadolupet.com.tr\/urun\/tetra-starter-line-led-akvaryum-seti-80lt\/#breadcrumb","itemListElement":[{"@type":"ListItem","position":1,"name":"Anasayfa","item":"https:\/\/anadolupet.com.tr\/"},{"@type":"ListItem","position":2,"name":"\u00dcr\u00fcnler","item":"https:\/\/anadolupet.com.tr\/urunler\/"},{"@type":"ListItem","position":3,"name":"Tetra Starter Line Led Akvaryum Seti &#8211; 80LT"}]},{"@type":"WebSite","@id":"https:\/\/anadolupet.com.tr\/#website","url":"https:\/\/anadolupet.com.tr\/","name":"Anadolu Pet Group","description":"We Stand Together for the Well-Being of Every Life","publisher":{"@id":"https:\/\/anadolupet.com.tr\/#organization"},"potentialAction":[{"@type":"SearchAction","target":{"@type":"EntryPoint","urlTemplate":"https:\/\/anadolupet.com.tr\/?s={search_term_string}"},"query-input":{"@type":"PropertyValueSpecification","valueRequired":true,"valueName":"search_term_string"}}],"inLanguage":"en-US"},{"@type":"Organization","@id":"https:\/\/anadolupet.com.tr\/#organization","name":"Anadolu Pet Group","alternateName":"Anadolu Pet","url":"https:\/\/anadolupet.com.tr\/","logo":{"@type":"ImageObject","inLanguage":"en-US","@id":"https:\/\/anadolupet.com.tr\/#\/schema\/logo\/image\/","url":"https:\/\/anadolupet.com.tr\/wp-content\/uploads\/2026\/03\/1614666743370.jpg","contentUrl":"https:\/\/anadolupet.com.tr\/wp-content\/uploads\/2026\/03\/1614666743370.jpg","width":800,"height":571,"caption":"Anadolu Pet Grup"},"image":{"@id":"https:\/\/anadolupet.com.tr\/#\/schema\/logo\/image\/"}}]}},"_links":{"self":[{"href":"https:\/\/anadolupet.com.tr\/en\/wp-json\/wp\/v2\/product\/46389","targetHints":{"allow":["GET"]}}],"collection":[{"href":"https:\/\/anadolupet.com.tr\/en\/wp-json\/wp\/v2\/product"}],"about":[{"href":"https:\/\/anadolupet.com.tr\/en\/wp-json\/wp\/v2\/types\/product"}],"replies":[{"embeddable":true,"href":"https:\/\/anadolupet.com.tr\/en\/wp-json\/wp\/v2\/comments?post=46389"}],"wp:featuredmedia":[{"embeddable":true,"href":"https:\/\/anadolupet.com.tr\/en\/wp-json\/wp\/v2\/media\/47239"}],"wp:attachment":[{"href":"https:\/\/anadolupet.com.tr\/en\/wp-json\/wp\/v2\/media?parent=46389"}],"wp:term":[{"taxonomy":"product_brand","embeddable":true,"href":"https:\/\/anadolupet.com.tr\/en\/wp-json\/wp\/v2\/product_brand?post=46389"},{"taxonomy":"product_cat","embeddable":true,"href":"https:\/\/anadolupet.com.tr\/en\/wp-json\/wp\/v2\/product_cat?post=46389"},{"taxonomy":"product_tag","embeddable":true,"href":"https:\/\/anadolupet.com.tr\/en\/wp-json\/wp\/v2\/product_tag?post=46389"}],"curies":[{"name":"wp","href":"https:\/\/api.w.org\/{rel}","templated":true}]}}