{"id":46396,"date":"2026-02-14T14:46:37","date_gmt":"2026-02-14T14:46:37","guid":{"rendered":"https:\/\/anadolupet.com.tr\/?post_type=product&#038;p=46396"},"modified":"2026-02-23T16:49:27","modified_gmt":"2026-02-23T16:49:27","slug":"tetra-tetramin-holiday-14-gunluk-tatil-balik-yemi-30gr","status":"publish","type":"product","link":"https:\/\/anadolupet.com.tr\/en\/urun\/tetra-tetramin-holiday-14-gunluk-tatil-balik-yemi-30gr\/","title":{"rendered":"Tetra TetraMin Holiday 14 G\u00fcnl\u00fck Tatil Bal\u0131k Yemi &#8211; 30GR"},"content":{"rendered":"","protected":false},"excerpt":{"rendered":"<p>TetraMin Holiday, t\u00fcm tropikal s\u00fcs bal\u0131klar\u0131 i\u00e7in 14 g\u00fcne kadar olan tatilleriniz boyunca y\u00fcksek besin de\u011feri ve dengeli i\u00e7eri\u011fi sayesinde bal\u0131klar\u0131n\u0131z\u0131n t\u00fcm ihtiya\u00e7lar\u0131n\u0131 eksiksiz kar\u015f\u0131layabilen tablet bal\u0131k yemidir. TetraMin Holiday, y\u00fcksek oranda protein, mineraller ve dengeli oranda esansiyel ya\u011f asitleri i\u00e7erir. S\u0131k\u0131\u015ft\u0131r\u0131larak \u00fcretilmi\u015f tablet yem \u00fcretim tekni\u011fi sayesinde uzun s\u00fcre da\u011f\u0131lmadan kalabilir. \u0130\u00e7eri\u011fi;<br \/>\nYumu\u015fak\u00e7alar ve kabuklular, mineraller, maya, vitaminler, do\u011fal renklendiriciler, do\u011fal katk\u0131lar.<br \/>\nDetaylar;<br \/>\n*14 g\u00fcne kadar ideal tatil bal\u0131k yemi.<br \/>\n*T\u00fcm gerekli vitaminleri, eser elementleri ve mineralleri i\u00e7erir.<br \/>\n*Ekstra lezzetli su piresi ile zenginle\u015ftirilmi\u015ftir.<br \/>\n*Suyu bulan\u0131kla\u015ft\u0131rmadan optimum su de\u011ferleri sa\u011flar.<br \/>\nDozaj;<br \/>\nTablet say\u0131s\u0131 bal\u0131klar\u0131n say\u0131s\u0131na ve b\u00fcy\u00fckl\u00fc\u011f\u00fcne, s\u00fcreye ve akvaryum b\u00fcy\u00fckl\u00fc\u011f\u00fcne ba\u011fl\u0131d\u0131r.<br \/>\nMiktar;<br \/>\n30 gr<\/p>","protected":false},"featured_media":47038,"comment_status":"open","ping_status":"closed","template":"","meta":{"_acf_changed":false},"product_brand":[],"product_cat":[2415],"product_tag":[],"class_list":{"0":"post-46396","1":"product","2":"type-product","3":"status-publish","4":"has-post-thumbnail","6":"product_cat-tatil-yemleri","8":"first","9":"instock","10":"shipping-taxable","11":"product-type-simple"},"acf":[],"yoast_head":"<!-- This site is optimized with the Yoast SEO plugin v27.4 - https:\/\/yoast.com\/product\/yoast-seo-wordpress\/ -->\n<title>Tetra TetraMin Holiday 14 G\u00fcnl\u00fck Tatil Bal\u0131k Yemi - 30GR - Anadolu Pet Grup<\/title>\n<meta name=\"robots\" content=\"index, follow, max-snippet:-1, max-image-preview:large, max-video-preview:-1\" \/>\n<link rel=\"canonical\" href=\"https:\/\/anadolupet.com.tr\/en\/product\/tetra-tetramin-holiday-14-gunluk-tatil-balik-yemi-30gr\/\" \/>\n<meta property=\"og:locale\" content=\"en_US\" \/>\n<meta property=\"og:type\" content=\"article\" \/>\n<meta property=\"og:title\" content=\"Tetra TetraMin Holiday 14 G\u00fcnl\u00fck Tatil Bal\u0131k Yemi - 30GR - Anadolu Pet Grup\" \/>\n<meta property=\"og:description\" content=\"TetraMin Holiday, t\u00fcm tropikal s\u00fcs bal\u0131klar\u0131 i\u00e7in 14 g\u00fcne kadar olan tatilleriniz boyunca y\u00fcksek besin de\u011feri ve dengeli i\u00e7eri\u011fi sayesinde bal\u0131klar\u0131n\u0131z\u0131n t\u00fcm ihtiya\u00e7lar\u0131n\u0131 eksiksiz kar\u015f\u0131layabilen tablet bal\u0131k yemidir. TetraMin Holiday, y\u00fcksek oranda protein, mineraller ve dengeli oranda esansiyel ya\u011f asitleri i\u00e7erir. S\u0131k\u0131\u015ft\u0131r\u0131larak \u00fcretilmi\u015f tablet yem \u00fcretim tekni\u011fi sayesinde uzun s\u00fcre da\u011f\u0131lmadan kalabilir. \u0130\u00e7eri\u011fi; Yumu\u015fak\u00e7alar ve kabuklular, mineraller, maya, vitaminler, do\u011fal renklendiriciler, do\u011fal katk\u0131lar. Detaylar; *14 g\u00fcne kadar ideal tatil bal\u0131k yemi. *T\u00fcm gerekli vitaminleri, eser elementleri ve mineralleri i\u00e7erir. *Ekstra lezzetli su piresi ile zenginle\u015ftirilmi\u015ftir. *Suyu bulan\u0131kla\u015ft\u0131rmadan optimum su de\u011ferleri sa\u011flar. Dozaj; Tablet say\u0131s\u0131 bal\u0131klar\u0131n say\u0131s\u0131na ve b\u00fcy\u00fckl\u00fc\u011f\u00fcne, s\u00fcreye ve akvaryum b\u00fcy\u00fckl\u00fc\u011f\u00fcne ba\u011fl\u0131d\u0131r. Miktar; 30 gr\" \/>\n<meta property=\"og:url\" content=\"https:\/\/anadolupet.com.tr\/en\/product\/tetra-tetramin-holiday-14-gunluk-tatil-balik-yemi-30gr\/\" \/>\n<meta property=\"og:site_name\" content=\"Anadolu Pet Grup\" \/>\n<meta property=\"article:modified_time\" content=\"2026-02-23T16:49:27+00:00\" \/>\n<meta property=\"og:image\" content=\"https:\/\/anadolupet.com.tr\/wp-content\/uploads\/2026\/02\/400-158405.jpg\" \/>\n\t<meta property=\"og:image:width\" content=\"750\" \/>\n\t<meta property=\"og:image:height\" content=\"750\" \/>\n\t<meta property=\"og:image:type\" content=\"image\/jpeg\" \/>\n<meta name=\"twitter:card\" content=\"summary_large_image\" \/>\n<script type=\"application\/ld+json\" class=\"yoast-schema-graph\">{\"@context\":\"https:\\\/\\\/schema.org\",\"@graph\":[{\"@type\":\"WebPage\",\"@id\":\"https:\\\/\\\/anadolupet.com.tr\\\/urun\\\/tetra-tetramin-holiday-14-gunluk-tatil-balik-yemi-30gr\\\/\",\"url\":\"https:\\\/\\\/anadolupet.com.tr\\\/urun\\\/tetra-tetramin-holiday-14-gunluk-tatil-balik-yemi-30gr\\\/\",\"name\":\"Tetra TetraMin Holiday 14 G\u00fcnl\u00fck Tatil Bal\u0131k Yemi - 30GR - Anadolu Pet Grup\",\"isPartOf\":{\"@id\":\"https:\\\/\\\/anadolupet.com.tr\\\/#website\"},\"primaryImageOfPage\":{\"@id\":\"https:\\\/\\\/anadolupet.com.tr\\\/urun\\\/tetra-tetramin-holiday-14-gunluk-tatil-balik-yemi-30gr\\\/#primaryimage\"},\"image\":{\"@id\":\"https:\\\/\\\/anadolupet.com.tr\\\/urun\\\/tetra-tetramin-holiday-14-gunluk-tatil-balik-yemi-30gr\\\/#primaryimage\"},\"thumbnailUrl\":\"https:\\\/\\\/anadolupet.com.tr\\\/wp-content\\\/uploads\\\/2026\\\/02\\\/400-158405.jpg\",\"datePublished\":\"2026-02-14T14:46:37+00:00\",\"dateModified\":\"2026-02-23T16:49:27+00:00\",\"breadcrumb\":{\"@id\":\"https:\\\/\\\/anadolupet.com.tr\\\/urun\\\/tetra-tetramin-holiday-14-gunluk-tatil-balik-yemi-30gr\\\/#breadcrumb\"},\"inLanguage\":\"en-US\",\"potentialAction\":[{\"@type\":\"ReadAction\",\"target\":[\"https:\\\/\\\/anadolupet.com.tr\\\/urun\\\/tetra-tetramin-holiday-14-gunluk-tatil-balik-yemi-30gr\\\/\"]}]},{\"@type\":\"ImageObject\",\"inLanguage\":\"en-US\",\"@id\":\"https:\\\/\\\/anadolupet.com.tr\\\/urun\\\/tetra-tetramin-holiday-14-gunluk-tatil-balik-yemi-30gr\\\/#primaryimage\",\"url\":\"https:\\\/\\\/anadolupet.com.tr\\\/wp-content\\\/uploads\\\/2026\\\/02\\\/400-158405.jpg\",\"contentUrl\":\"https:\\\/\\\/anadolupet.com.tr\\\/wp-content\\\/uploads\\\/2026\\\/02\\\/400-158405.jpg\",\"width\":750,\"height\":750},{\"@type\":\"BreadcrumbList\",\"@id\":\"https:\\\/\\\/anadolupet.com.tr\\\/urun\\\/tetra-tetramin-holiday-14-gunluk-tatil-balik-yemi-30gr\\\/#breadcrumb\",\"itemListElement\":[{\"@type\":\"ListItem\",\"position\":1,\"name\":\"Anasayfa\",\"item\":\"https:\\\/\\\/anadolupet.com.tr\\\/\"},{\"@type\":\"ListItem\",\"position\":2,\"name\":\"\u00dcr\u00fcnler\",\"item\":\"https:\\\/\\\/anadolupet.com.tr\\\/urunler\\\/\"},{\"@type\":\"ListItem\",\"position\":3,\"name\":\"Tetra TetraMin Holiday 14 G\u00fcnl\u00fck Tatil Bal\u0131k Yemi &#8211; 30GR\"}]},{\"@type\":\"WebSite\",\"@id\":\"https:\\\/\\\/anadolupet.com.tr\\\/#website\",\"url\":\"https:\\\/\\\/anadolupet.com.tr\\\/\",\"name\":\"Anadolu Pet Grup\",\"description\":\"Her Can\u0131n \u0130yi Ya\u015fam\u0131 \u0130\u00e7in Biraraday\u0131z\",\"publisher\":{\"@id\":\"https:\\\/\\\/anadolupet.com.tr\\\/#organization\"},\"potentialAction\":[{\"@type\":\"SearchAction\",\"target\":{\"@type\":\"EntryPoint\",\"urlTemplate\":\"https:\\\/\\\/anadolupet.com.tr\\\/?s={search_term_string}\"},\"query-input\":{\"@type\":\"PropertyValueSpecification\",\"valueRequired\":true,\"valueName\":\"search_term_string\"}}],\"inLanguage\":\"en-US\"},{\"@type\":\"Organization\",\"@id\":\"https:\\\/\\\/anadolupet.com.tr\\\/#organization\",\"name\":\"Anadolu Pet Grup\",\"alternateName\":\"Anadolu Pet\",\"url\":\"https:\\\/\\\/anadolupet.com.tr\\\/\",\"logo\":{\"@type\":\"ImageObject\",\"inLanguage\":\"en-US\",\"@id\":\"https:\\\/\\\/anadolupet.com.tr\\\/#\\\/schema\\\/logo\\\/image\\\/\",\"url\":\"https:\\\/\\\/anadolupet.com.tr\\\/wp-content\\\/uploads\\\/2026\\\/03\\\/1614666743370.jpg\",\"contentUrl\":\"https:\\\/\\\/anadolupet.com.tr\\\/wp-content\\\/uploads\\\/2026\\\/03\\\/1614666743370.jpg\",\"width\":800,\"height\":571,\"caption\":\"Anadolu Pet Grup\"},\"image\":{\"@id\":\"https:\\\/\\\/anadolupet.com.tr\\\/#\\\/schema\\\/logo\\\/image\\\/\"}}]}<\/script>\n<!-- \/ Yoast SEO plugin. -->","yoast_head_json":{"title":"Tetra TetraMin Holiday 14 G\u00fcnl\u00fck Tatil Bal\u0131k Yemi - 30GR - Anadolu Pet Grup","robots":{"index":"index","follow":"follow","max-snippet":"max-snippet:-1","max-image-preview":"max-image-preview:large","max-video-preview":"max-video-preview:-1"},"canonical":"https:\/\/anadolupet.com.tr\/en\/product\/tetra-tetramin-holiday-14-gunluk-tatil-balik-yemi-30gr\/","og_locale":"en_US","og_type":"article","og_title":"Tetra TetraMin Holiday 14 G\u00fcnl\u00fck Tatil Bal\u0131k Yemi - 30GR - Anadolu Pet Grup","og_description":"TetraMin Holiday, t\u00fcm tropikal s\u00fcs bal\u0131klar\u0131 i\u00e7in 14 g\u00fcne kadar olan tatilleriniz boyunca y\u00fcksek besin de\u011feri ve dengeli i\u00e7eri\u011fi sayesinde bal\u0131klar\u0131n\u0131z\u0131n t\u00fcm ihtiya\u00e7lar\u0131n\u0131 eksiksiz kar\u015f\u0131layabilen tablet bal\u0131k yemidir. TetraMin Holiday, y\u00fcksek oranda protein, mineraller ve dengeli oranda esansiyel ya\u011f asitleri i\u00e7erir. S\u0131k\u0131\u015ft\u0131r\u0131larak \u00fcretilmi\u015f tablet yem \u00fcretim tekni\u011fi sayesinde uzun s\u00fcre da\u011f\u0131lmadan kalabilir. \u0130\u00e7eri\u011fi; Yumu\u015fak\u00e7alar ve kabuklular, mineraller, maya, vitaminler, do\u011fal renklendiriciler, do\u011fal katk\u0131lar. Detaylar; *14 g\u00fcne kadar ideal tatil bal\u0131k yemi. *T\u00fcm gerekli vitaminleri, eser elementleri ve mineralleri i\u00e7erir. *Ekstra lezzetli su piresi ile zenginle\u015ftirilmi\u015ftir. *Suyu bulan\u0131kla\u015ft\u0131rmadan optimum su de\u011ferleri sa\u011flar. Dozaj; Tablet say\u0131s\u0131 bal\u0131klar\u0131n say\u0131s\u0131na ve b\u00fcy\u00fckl\u00fc\u011f\u00fcne, s\u00fcreye ve akvaryum b\u00fcy\u00fckl\u00fc\u011f\u00fcne ba\u011fl\u0131d\u0131r. Miktar; 30 gr","og_url":"https:\/\/anadolupet.com.tr\/en\/product\/tetra-tetramin-holiday-14-gunluk-tatil-balik-yemi-30gr\/","og_site_name":"Anadolu Pet Grup","article_modified_time":"2026-02-23T16:49:27+00:00","og_image":[{"width":750,"height":750,"url":"https:\/\/anadolupet.com.tr\/wp-content\/uploads\/2026\/02\/400-158405.jpg","type":"image\/jpeg"}],"twitter_card":"summary_large_image","schema":{"@context":"https:\/\/schema.org","@graph":[{"@type":"WebPage","@id":"https:\/\/anadolupet.com.tr\/urun\/tetra-tetramin-holiday-14-gunluk-tatil-balik-yemi-30gr\/","url":"https:\/\/anadolupet.com.tr\/urun\/tetra-tetramin-holiday-14-gunluk-tatil-balik-yemi-30gr\/","name":"Tetra TetraMin Holiday 14 G\u00fcnl\u00fck Tatil Bal\u0131k Yemi - 30GR - Anadolu Pet Grup","isPartOf":{"@id":"https:\/\/anadolupet.com.tr\/#website"},"primaryImageOfPage":{"@id":"https:\/\/anadolupet.com.tr\/urun\/tetra-tetramin-holiday-14-gunluk-tatil-balik-yemi-30gr\/#primaryimage"},"image":{"@id":"https:\/\/anadolupet.com.tr\/urun\/tetra-tetramin-holiday-14-gunluk-tatil-balik-yemi-30gr\/#primaryimage"},"thumbnailUrl":"https:\/\/anadolupet.com.tr\/wp-content\/uploads\/2026\/02\/400-158405.jpg","datePublished":"2026-02-14T14:46:37+00:00","dateModified":"2026-02-23T16:49:27+00:00","breadcrumb":{"@id":"https:\/\/anadolupet.com.tr\/urun\/tetra-tetramin-holiday-14-gunluk-tatil-balik-yemi-30gr\/#breadcrumb"},"inLanguage":"en-US","potentialAction":[{"@type":"ReadAction","target":["https:\/\/anadolupet.com.tr\/urun\/tetra-tetramin-holiday-14-gunluk-tatil-balik-yemi-30gr\/"]}]},{"@type":"ImageObject","inLanguage":"en-US","@id":"https:\/\/anadolupet.com.tr\/urun\/tetra-tetramin-holiday-14-gunluk-tatil-balik-yemi-30gr\/#primaryimage","url":"https:\/\/anadolupet.com.tr\/wp-content\/uploads\/2026\/02\/400-158405.jpg","contentUrl":"https:\/\/anadolupet.com.tr\/wp-content\/uploads\/2026\/02\/400-158405.jpg","width":750,"height":750},{"@type":"BreadcrumbList","@id":"https:\/\/anadolupet.com.tr\/urun\/tetra-tetramin-holiday-14-gunluk-tatil-balik-yemi-30gr\/#breadcrumb","itemListElement":[{"@type":"ListItem","position":1,"name":"Anasayfa","item":"https:\/\/anadolupet.com.tr\/"},{"@type":"ListItem","position":2,"name":"\u00dcr\u00fcnler","item":"https:\/\/anadolupet.com.tr\/urunler\/"},{"@type":"ListItem","position":3,"name":"Tetra TetraMin Holiday 14 G\u00fcnl\u00fck Tatil Bal\u0131k Yemi &#8211; 30GR"}]},{"@type":"WebSite","@id":"https:\/\/anadolupet.com.tr\/#website","url":"https:\/\/anadolupet.com.tr\/","name":"Anadolu Pet Group","description":"We Stand Together for the Well-Being of Every Life","publisher":{"@id":"https:\/\/anadolupet.com.tr\/#organization"},"potentialAction":[{"@type":"SearchAction","target":{"@type":"EntryPoint","urlTemplate":"https:\/\/anadolupet.com.tr\/?s={search_term_string}"},"query-input":{"@type":"PropertyValueSpecification","valueRequired":true,"valueName":"search_term_string"}}],"inLanguage":"en-US"},{"@type":"Organization","@id":"https:\/\/anadolupet.com.tr\/#organization","name":"Anadolu Pet Group","alternateName":"Anadolu Pet","url":"https:\/\/anadolupet.com.tr\/","logo":{"@type":"ImageObject","inLanguage":"en-US","@id":"https:\/\/anadolupet.com.tr\/#\/schema\/logo\/image\/","url":"https:\/\/anadolupet.com.tr\/wp-content\/uploads\/2026\/03\/1614666743370.jpg","contentUrl":"https:\/\/anadolupet.com.tr\/wp-content\/uploads\/2026\/03\/1614666743370.jpg","width":800,"height":571,"caption":"Anadolu Pet Grup"},"image":{"@id":"https:\/\/anadolupet.com.tr\/#\/schema\/logo\/image\/"}}]}},"_links":{"self":[{"href":"https:\/\/anadolupet.com.tr\/en\/wp-json\/wp\/v2\/product\/46396","targetHints":{"allow":["GET"]}}],"collection":[{"href":"https:\/\/anadolupet.com.tr\/en\/wp-json\/wp\/v2\/product"}],"about":[{"href":"https:\/\/anadolupet.com.tr\/en\/wp-json\/wp\/v2\/types\/product"}],"replies":[{"embeddable":true,"href":"https:\/\/anadolupet.com.tr\/en\/wp-json\/wp\/v2\/comments?post=46396"}],"wp:featuredmedia":[{"embeddable":true,"href":"https:\/\/anadolupet.com.tr\/en\/wp-json\/wp\/v2\/media\/47038"}],"wp:attachment":[{"href":"https:\/\/anadolupet.com.tr\/en\/wp-json\/wp\/v2\/media?parent=46396"}],"wp:term":[{"taxonomy":"product_brand","embeddable":true,"href":"https:\/\/anadolupet.com.tr\/en\/wp-json\/wp\/v2\/product_brand?post=46396"},{"taxonomy":"product_cat","embeddable":true,"href":"https:\/\/anadolupet.com.tr\/en\/wp-json\/wp\/v2\/product_cat?post=46396"},{"taxonomy":"product_tag","embeddable":true,"href":"https:\/\/anadolupet.com.tr\/en\/wp-json\/wp\/v2\/product_tag?post=46396"}],"curies":[{"name":"wp","href":"https:\/\/api.w.org\/{rel}","templated":true}]}}