{"id":46398,"date":"2026-02-14T14:46:37","date_gmt":"2026-02-14T14:46:37","guid":{"rendered":"https:\/\/anadolupet.com.tr\/?post_type=product&#038;p=46398"},"modified":"2026-02-23T16:49:27","modified_gmt":"2026-02-23T16:49:27","slug":"tetra-tetramin-pro-crisps-cips-sus-balik-yemi-250ml","status":"publish","type":"product","link":"https:\/\/anadolupet.com.tr\/en\/urun\/tetra-tetramin-pro-crisps-cips-sus-balik-yemi-250ml\/","title":{"rendered":"Tetra TetraMin Pro Crisps Cips S\u00fcs Bal\u0131k Yemi &#8211; 250ML"},"content":{"rendered":"","protected":false},"excerpt":{"rendered":"<p>TetraMin Crisps, t\u00fcm s\u00fcs bal\u0131klar\u0131n\u0131n g\u00fcnl\u00fck beslenmesi i\u00e7in tam bir diyet sa\u011flayan, y\u00fcksek kaliteli, i\u015flevsel besinler ile gevrek bir kar\u0131\u015f\u0131m formunda eksiksiz bir yemdir. Sa\u011fl\u0131kl\u0131 bal\u0131k b\u00fcy\u00fcmesini ve renk canl\u0131l\u0131\u011f\u0131n\u0131 destekler.<br \/>\nDetaylar;<br \/>\n* T\u00fcm s\u00fcs bal\u0131klar\u0131 i\u00e7in enerji, renk yo\u011funlu\u011fu ve ya\u015famsal gereksinmeler a\u00e7\u0131s\u0131ndan dengelenmi\u015f pul bal\u0131k yemi.<br \/>\n* Daha y\u00fcksek besin de\u011feri i\u00e7in Tetra hassas d\u00fc\u015f\u00fck s\u0131cakl\u0131k i\u015flemi ile \u00fcretilmi\u015ftir.<br \/>\n* T\u00fcm ya\u015famsal besinleri, vitaminleri ve gerekli iz elementleri i\u00e7erir.<br \/>\n* Stabilize edilmi\u015f vitamin C hastal\u0131klara kar\u015f\u0131 direnci artt\u0131r\u0131r.<br \/>\n* Sa\u011fl\u0131kl\u0131 bir ba\u011f\u0131\u015f\u0131kl\u0131k sistemi i\u00e7in BioActive form\u00fcl, geli\u015fimi destekler ve beslenme eksikli\u011finden do\u011facak rahats\u0131zl\u0131klar\u0131n olu\u015fumunu \u00f6nler.<br \/>\n* Yedi \u00f6zel tabaka sayesinde zengin bir diyet garanti eder. * 40&#8217;tan fazla y\u00fcksek kaliteli hammadde kar\u0131\u015f\u0131m\u0131 i\u00e7erir.<br \/>\n* Standart ve geni\u015f pul tabakalar\u0131, her boy s\u00fcs bal\u0131klar\u0131 i\u00e7in ideal bir beslenme sa\u011flar.<br \/>\nDozaj;<br \/>\nK\u00fc\u00e7\u00fck miktarlarda g\u00fcnde birka\u00e7 kez besleyin.<br \/>\nMiktar;<br \/>\n250 ml<\/p>","protected":false},"featured_media":47032,"comment_status":"open","ping_status":"closed","template":"","meta":{"_acf_changed":false},"product_brand":[],"product_cat":[2388],"product_tag":[],"class_list":{"0":"post-46398","1":"product","2":"type-product","3":"status-publish","4":"has-post-thumbnail","6":"product_cat-genel-yemler","8":"first","9":"instock","10":"shipping-taxable","11":"product-type-simple"},"acf":[],"yoast_head":"<!-- This site is optimized with the Yoast SEO plugin v27.4 - https:\/\/yoast.com\/product\/yoast-seo-wordpress\/ -->\n<title>Tetra TetraMin Pro Crisps Cips S\u00fcs Bal\u0131k Yemi - 250ML - Anadolu Pet Grup<\/title>\n<meta name=\"robots\" content=\"index, follow, max-snippet:-1, max-image-preview:large, max-video-preview:-1\" \/>\n<link rel=\"canonical\" href=\"https:\/\/anadolupet.com.tr\/en\/product\/tetra-tetramin-pro-crisps-cips-sus-balik-yemi-250ml\/\" \/>\n<meta property=\"og:locale\" content=\"en_US\" \/>\n<meta property=\"og:type\" content=\"article\" \/>\n<meta property=\"og:title\" content=\"Tetra TetraMin Pro Crisps Cips S\u00fcs Bal\u0131k Yemi - 250ML - Anadolu Pet Grup\" \/>\n<meta property=\"og:description\" content=\"TetraMin Crisps, t\u00fcm s\u00fcs bal\u0131klar\u0131n\u0131n g\u00fcnl\u00fck beslenmesi i\u00e7in tam bir diyet sa\u011flayan, y\u00fcksek kaliteli, i\u015flevsel besinler ile gevrek bir kar\u0131\u015f\u0131m formunda eksiksiz bir yemdir. Sa\u011fl\u0131kl\u0131 bal\u0131k b\u00fcy\u00fcmesini ve renk canl\u0131l\u0131\u011f\u0131n\u0131 destekler. Detaylar; * T\u00fcm s\u00fcs bal\u0131klar\u0131 i\u00e7in enerji, renk yo\u011funlu\u011fu ve ya\u015famsal gereksinmeler a\u00e7\u0131s\u0131ndan dengelenmi\u015f pul bal\u0131k yemi. * Daha y\u00fcksek besin de\u011feri i\u00e7in Tetra hassas d\u00fc\u015f\u00fck s\u0131cakl\u0131k i\u015flemi ile \u00fcretilmi\u015ftir. * T\u00fcm ya\u015famsal besinleri, vitaminleri ve gerekli iz elementleri i\u00e7erir. * Stabilize edilmi\u015f vitamin C hastal\u0131klara kar\u015f\u0131 direnci artt\u0131r\u0131r. * Sa\u011fl\u0131kl\u0131 bir ba\u011f\u0131\u015f\u0131kl\u0131k sistemi i\u00e7in BioActive form\u00fcl, geli\u015fimi destekler ve beslenme eksikli\u011finden do\u011facak rahats\u0131zl\u0131klar\u0131n olu\u015fumunu \u00f6nler. * Yedi \u00f6zel tabaka sayesinde zengin bir diyet garanti eder. * 40&#039;tan fazla y\u00fcksek kaliteli hammadde kar\u0131\u015f\u0131m\u0131 i\u00e7erir. * Standart ve geni\u015f pul tabakalar\u0131, her boy s\u00fcs bal\u0131klar\u0131 i\u00e7in ideal bir beslenme sa\u011flar. Dozaj; K\u00fc\u00e7\u00fck miktarlarda g\u00fcnde birka\u00e7 kez besleyin. Miktar; 250 ml\" \/>\n<meta property=\"og:url\" content=\"https:\/\/anadolupet.com.tr\/en\/product\/tetra-tetramin-pro-crisps-cips-sus-balik-yemi-250ml\/\" \/>\n<meta property=\"og:site_name\" content=\"Anadolu Pet Grup\" \/>\n<meta property=\"article:modified_time\" content=\"2026-02-23T16:49:27+00:00\" \/>\n<meta property=\"og:image\" content=\"https:\/\/anadolupet.com.tr\/wp-content\/uploads\/2026\/02\/400-140738.jpg\" \/>\n\t<meta property=\"og:image:width\" content=\"750\" \/>\n\t<meta property=\"og:image:height\" content=\"750\" \/>\n\t<meta property=\"og:image:type\" content=\"image\/jpeg\" \/>\n<meta name=\"twitter:card\" content=\"summary_large_image\" \/>\n<script type=\"application\/ld+json\" class=\"yoast-schema-graph\">{\"@context\":\"https:\\\/\\\/schema.org\",\"@graph\":[{\"@type\":\"WebPage\",\"@id\":\"https:\\\/\\\/anadolupet.com.tr\\\/urun\\\/tetra-tetramin-pro-crisps-cips-sus-balik-yemi-250ml\\\/\",\"url\":\"https:\\\/\\\/anadolupet.com.tr\\\/urun\\\/tetra-tetramin-pro-crisps-cips-sus-balik-yemi-250ml\\\/\",\"name\":\"Tetra TetraMin Pro Crisps Cips S\u00fcs Bal\u0131k Yemi - 250ML - Anadolu Pet Grup\",\"isPartOf\":{\"@id\":\"https:\\\/\\\/anadolupet.com.tr\\\/#website\"},\"primaryImageOfPage\":{\"@id\":\"https:\\\/\\\/anadolupet.com.tr\\\/urun\\\/tetra-tetramin-pro-crisps-cips-sus-balik-yemi-250ml\\\/#primaryimage\"},\"image\":{\"@id\":\"https:\\\/\\\/anadolupet.com.tr\\\/urun\\\/tetra-tetramin-pro-crisps-cips-sus-balik-yemi-250ml\\\/#primaryimage\"},\"thumbnailUrl\":\"https:\\\/\\\/anadolupet.com.tr\\\/wp-content\\\/uploads\\\/2026\\\/02\\\/400-140738.jpg\",\"datePublished\":\"2026-02-14T14:46:37+00:00\",\"dateModified\":\"2026-02-23T16:49:27+00:00\",\"breadcrumb\":{\"@id\":\"https:\\\/\\\/anadolupet.com.tr\\\/urun\\\/tetra-tetramin-pro-crisps-cips-sus-balik-yemi-250ml\\\/#breadcrumb\"},\"inLanguage\":\"en-US\",\"potentialAction\":[{\"@type\":\"ReadAction\",\"target\":[\"https:\\\/\\\/anadolupet.com.tr\\\/urun\\\/tetra-tetramin-pro-crisps-cips-sus-balik-yemi-250ml\\\/\"]}]},{\"@type\":\"ImageObject\",\"inLanguage\":\"en-US\",\"@id\":\"https:\\\/\\\/anadolupet.com.tr\\\/urun\\\/tetra-tetramin-pro-crisps-cips-sus-balik-yemi-250ml\\\/#primaryimage\",\"url\":\"https:\\\/\\\/anadolupet.com.tr\\\/wp-content\\\/uploads\\\/2026\\\/02\\\/400-140738.jpg\",\"contentUrl\":\"https:\\\/\\\/anadolupet.com.tr\\\/wp-content\\\/uploads\\\/2026\\\/02\\\/400-140738.jpg\",\"width\":750,\"height\":750},{\"@type\":\"BreadcrumbList\",\"@id\":\"https:\\\/\\\/anadolupet.com.tr\\\/urun\\\/tetra-tetramin-pro-crisps-cips-sus-balik-yemi-250ml\\\/#breadcrumb\",\"itemListElement\":[{\"@type\":\"ListItem\",\"position\":1,\"name\":\"Anasayfa\",\"item\":\"https:\\\/\\\/anadolupet.com.tr\\\/\"},{\"@type\":\"ListItem\",\"position\":2,\"name\":\"\u00dcr\u00fcnler\",\"item\":\"https:\\\/\\\/anadolupet.com.tr\\\/urunler\\\/\"},{\"@type\":\"ListItem\",\"position\":3,\"name\":\"Tetra TetraMin Pro Crisps Cips S\u00fcs Bal\u0131k Yemi &#8211; 250ML\"}]},{\"@type\":\"WebSite\",\"@id\":\"https:\\\/\\\/anadolupet.com.tr\\\/#website\",\"url\":\"https:\\\/\\\/anadolupet.com.tr\\\/\",\"name\":\"Anadolu Pet Grup\",\"description\":\"Her Can\u0131n \u0130yi Ya\u015fam\u0131 \u0130\u00e7in Biraraday\u0131z\",\"publisher\":{\"@id\":\"https:\\\/\\\/anadolupet.com.tr\\\/#organization\"},\"potentialAction\":[{\"@type\":\"SearchAction\",\"target\":{\"@type\":\"EntryPoint\",\"urlTemplate\":\"https:\\\/\\\/anadolupet.com.tr\\\/?s={search_term_string}\"},\"query-input\":{\"@type\":\"PropertyValueSpecification\",\"valueRequired\":true,\"valueName\":\"search_term_string\"}}],\"inLanguage\":\"en-US\"},{\"@type\":\"Organization\",\"@id\":\"https:\\\/\\\/anadolupet.com.tr\\\/#organization\",\"name\":\"Anadolu Pet Grup\",\"alternateName\":\"Anadolu Pet\",\"url\":\"https:\\\/\\\/anadolupet.com.tr\\\/\",\"logo\":{\"@type\":\"ImageObject\",\"inLanguage\":\"en-US\",\"@id\":\"https:\\\/\\\/anadolupet.com.tr\\\/#\\\/schema\\\/logo\\\/image\\\/\",\"url\":\"https:\\\/\\\/anadolupet.com.tr\\\/wp-content\\\/uploads\\\/2026\\\/03\\\/1614666743370.jpg\",\"contentUrl\":\"https:\\\/\\\/anadolupet.com.tr\\\/wp-content\\\/uploads\\\/2026\\\/03\\\/1614666743370.jpg\",\"width\":800,\"height\":571,\"caption\":\"Anadolu Pet Grup\"},\"image\":{\"@id\":\"https:\\\/\\\/anadolupet.com.tr\\\/#\\\/schema\\\/logo\\\/image\\\/\"}}]}<\/script>\n<!-- \/ Yoast SEO plugin. -->","yoast_head_json":{"title":"Tetra TetraMin Pro Crisps Cips S\u00fcs Bal\u0131k Yemi - 250ML - Anadolu Pet Grup","robots":{"index":"index","follow":"follow","max-snippet":"max-snippet:-1","max-image-preview":"max-image-preview:large","max-video-preview":"max-video-preview:-1"},"canonical":"https:\/\/anadolupet.com.tr\/en\/product\/tetra-tetramin-pro-crisps-cips-sus-balik-yemi-250ml\/","og_locale":"en_US","og_type":"article","og_title":"Tetra TetraMin Pro Crisps Cips S\u00fcs Bal\u0131k Yemi - 250ML - Anadolu Pet Grup","og_description":"TetraMin Crisps, t\u00fcm s\u00fcs bal\u0131klar\u0131n\u0131n g\u00fcnl\u00fck beslenmesi i\u00e7in tam bir diyet sa\u011flayan, y\u00fcksek kaliteli, i\u015flevsel besinler ile gevrek bir kar\u0131\u015f\u0131m formunda eksiksiz bir yemdir. Sa\u011fl\u0131kl\u0131 bal\u0131k b\u00fcy\u00fcmesini ve renk canl\u0131l\u0131\u011f\u0131n\u0131 destekler. Detaylar; * T\u00fcm s\u00fcs bal\u0131klar\u0131 i\u00e7in enerji, renk yo\u011funlu\u011fu ve ya\u015famsal gereksinmeler a\u00e7\u0131s\u0131ndan dengelenmi\u015f pul bal\u0131k yemi. * Daha y\u00fcksek besin de\u011feri i\u00e7in Tetra hassas d\u00fc\u015f\u00fck s\u0131cakl\u0131k i\u015flemi ile \u00fcretilmi\u015ftir. * T\u00fcm ya\u015famsal besinleri, vitaminleri ve gerekli iz elementleri i\u00e7erir. * Stabilize edilmi\u015f vitamin C hastal\u0131klara kar\u015f\u0131 direnci artt\u0131r\u0131r. * Sa\u011fl\u0131kl\u0131 bir ba\u011f\u0131\u015f\u0131kl\u0131k sistemi i\u00e7in BioActive form\u00fcl, geli\u015fimi destekler ve beslenme eksikli\u011finden do\u011facak rahats\u0131zl\u0131klar\u0131n olu\u015fumunu \u00f6nler. * Yedi \u00f6zel tabaka sayesinde zengin bir diyet garanti eder. * 40'tan fazla y\u00fcksek kaliteli hammadde kar\u0131\u015f\u0131m\u0131 i\u00e7erir. * Standart ve geni\u015f pul tabakalar\u0131, her boy s\u00fcs bal\u0131klar\u0131 i\u00e7in ideal bir beslenme sa\u011flar. Dozaj; K\u00fc\u00e7\u00fck miktarlarda g\u00fcnde birka\u00e7 kez besleyin. Miktar; 250 ml","og_url":"https:\/\/anadolupet.com.tr\/en\/product\/tetra-tetramin-pro-crisps-cips-sus-balik-yemi-250ml\/","og_site_name":"Anadolu Pet Grup","article_modified_time":"2026-02-23T16:49:27+00:00","og_image":[{"width":750,"height":750,"url":"https:\/\/anadolupet.com.tr\/wp-content\/uploads\/2026\/02\/400-140738.jpg","type":"image\/jpeg"}],"twitter_card":"summary_large_image","schema":{"@context":"https:\/\/schema.org","@graph":[{"@type":"WebPage","@id":"https:\/\/anadolupet.com.tr\/urun\/tetra-tetramin-pro-crisps-cips-sus-balik-yemi-250ml\/","url":"https:\/\/anadolupet.com.tr\/urun\/tetra-tetramin-pro-crisps-cips-sus-balik-yemi-250ml\/","name":"Tetra TetraMin Pro Crisps Cips S\u00fcs Bal\u0131k Yemi - 250ML - Anadolu Pet Grup","isPartOf":{"@id":"https:\/\/anadolupet.com.tr\/#website"},"primaryImageOfPage":{"@id":"https:\/\/anadolupet.com.tr\/urun\/tetra-tetramin-pro-crisps-cips-sus-balik-yemi-250ml\/#primaryimage"},"image":{"@id":"https:\/\/anadolupet.com.tr\/urun\/tetra-tetramin-pro-crisps-cips-sus-balik-yemi-250ml\/#primaryimage"},"thumbnailUrl":"https:\/\/anadolupet.com.tr\/wp-content\/uploads\/2026\/02\/400-140738.jpg","datePublished":"2026-02-14T14:46:37+00:00","dateModified":"2026-02-23T16:49:27+00:00","breadcrumb":{"@id":"https:\/\/anadolupet.com.tr\/urun\/tetra-tetramin-pro-crisps-cips-sus-balik-yemi-250ml\/#breadcrumb"},"inLanguage":"en-US","potentialAction":[{"@type":"ReadAction","target":["https:\/\/anadolupet.com.tr\/urun\/tetra-tetramin-pro-crisps-cips-sus-balik-yemi-250ml\/"]}]},{"@type":"ImageObject","inLanguage":"en-US","@id":"https:\/\/anadolupet.com.tr\/urun\/tetra-tetramin-pro-crisps-cips-sus-balik-yemi-250ml\/#primaryimage","url":"https:\/\/anadolupet.com.tr\/wp-content\/uploads\/2026\/02\/400-140738.jpg","contentUrl":"https:\/\/anadolupet.com.tr\/wp-content\/uploads\/2026\/02\/400-140738.jpg","width":750,"height":750},{"@type":"BreadcrumbList","@id":"https:\/\/anadolupet.com.tr\/urun\/tetra-tetramin-pro-crisps-cips-sus-balik-yemi-250ml\/#breadcrumb","itemListElement":[{"@type":"ListItem","position":1,"name":"Anasayfa","item":"https:\/\/anadolupet.com.tr\/"},{"@type":"ListItem","position":2,"name":"\u00dcr\u00fcnler","item":"https:\/\/anadolupet.com.tr\/urunler\/"},{"@type":"ListItem","position":3,"name":"Tetra TetraMin Pro Crisps Cips S\u00fcs Bal\u0131k Yemi &#8211; 250ML"}]},{"@type":"WebSite","@id":"https:\/\/anadolupet.com.tr\/#website","url":"https:\/\/anadolupet.com.tr\/","name":"Anadolu Pet Group","description":"We Stand Together for the Well-Being of Every Life","publisher":{"@id":"https:\/\/anadolupet.com.tr\/#organization"},"potentialAction":[{"@type":"SearchAction","target":{"@type":"EntryPoint","urlTemplate":"https:\/\/anadolupet.com.tr\/?s={search_term_string}"},"query-input":{"@type":"PropertyValueSpecification","valueRequired":true,"valueName":"search_term_string"}}],"inLanguage":"en-US"},{"@type":"Organization","@id":"https:\/\/anadolupet.com.tr\/#organization","name":"Anadolu Pet Group","alternateName":"Anadolu Pet","url":"https:\/\/anadolupet.com.tr\/","logo":{"@type":"ImageObject","inLanguage":"en-US","@id":"https:\/\/anadolupet.com.tr\/#\/schema\/logo\/image\/","url":"https:\/\/anadolupet.com.tr\/wp-content\/uploads\/2026\/03\/1614666743370.jpg","contentUrl":"https:\/\/anadolupet.com.tr\/wp-content\/uploads\/2026\/03\/1614666743370.jpg","width":800,"height":571,"caption":"Anadolu Pet Grup"},"image":{"@id":"https:\/\/anadolupet.com.tr\/#\/schema\/logo\/image\/"}}]}},"_links":{"self":[{"href":"https:\/\/anadolupet.com.tr\/en\/wp-json\/wp\/v2\/product\/46398","targetHints":{"allow":["GET"]}}],"collection":[{"href":"https:\/\/anadolupet.com.tr\/en\/wp-json\/wp\/v2\/product"}],"about":[{"href":"https:\/\/anadolupet.com.tr\/en\/wp-json\/wp\/v2\/types\/product"}],"replies":[{"embeddable":true,"href":"https:\/\/anadolupet.com.tr\/en\/wp-json\/wp\/v2\/comments?post=46398"}],"wp:featuredmedia":[{"embeddable":true,"href":"https:\/\/anadolupet.com.tr\/en\/wp-json\/wp\/v2\/media\/47032"}],"wp:attachment":[{"href":"https:\/\/anadolupet.com.tr\/en\/wp-json\/wp\/v2\/media?parent=46398"}],"wp:term":[{"taxonomy":"product_brand","embeddable":true,"href":"https:\/\/anadolupet.com.tr\/en\/wp-json\/wp\/v2\/product_brand?post=46398"},{"taxonomy":"product_cat","embeddable":true,"href":"https:\/\/anadolupet.com.tr\/en\/wp-json\/wp\/v2\/product_cat?post=46398"},{"taxonomy":"product_tag","embeddable":true,"href":"https:\/\/anadolupet.com.tr\/en\/wp-json\/wp\/v2\/product_tag?post=46398"}],"curies":[{"name":"wp","href":"https:\/\/api.w.org\/{rel}","templated":true}]}}