{"id":46402,"date":"2026-02-14T14:46:38","date_gmt":"2026-02-14T14:46:38","guid":{"rendered":"https:\/\/anadolupet.com.tr\/?post_type=product&#038;p=46402"},"modified":"2026-02-23T16:49:27","modified_gmt":"2026-02-23T16:49:27","slug":"tetra-tetramin-pul-sus-balik-yemi-12gr","status":"publish","type":"product","link":"https:\/\/anadolupet.com.tr\/en\/urun\/tetra-tetramin-pul-sus-balik-yemi-12gr\/","title":{"rendered":"Tetra Tetramin Pul S\u00fcs Bal\u0131k Yemi &#8211; 12GR"},"content":{"rendered":"","protected":false},"excerpt":{"rendered":"<p>TetraMin Flakes, s\u00fcs bal\u0131klar\u0131n\u0131n g\u00fcnl\u00fck beslenmesi i\u00e7in ideal bir diyet sa\u011flayan, y\u00fcksek kaliteli, fonksiyonel besinler i\u00e7eren pul kar\u0131\u015f\u0131m\u0131 formunda eksiksiz bir yemdir. Sa\u011fl\u0131kl\u0131 bal\u0131k b\u00fcy\u00fcmesini ve renk canl\u0131l\u0131\u011f\u0131n\u0131 destekler.<br \/>\nTetraMin Flakes,temiz su ve sa\u011fl\u0131kl\u0131 bal\u0131klar i\u00e7in ideal bir yemdir. Dengelenmi\u015f form\u00fcl\u00fcyle bal\u0131klar\u0131n beslenme gereksinimlerini kar\u015f\u0131larken do\u011fal renklerini ve hareketliliklerini destekler.<br \/>\nDetaylar;<br \/>\n*Tatl\u0131 su s\u00fcs bal\u0131klar\u0131 i\u00e7in pul kar\u0131\u015f\u0131m\u0131 \u015feklinde tam yem.<br \/>\n*Yedi farkl\u0131 pul yemin ve 40&#8217;\u0131n \u00fczerinde y\u00fcksek kaliteli hammaddenin kar\u0131\u015f\u0131m\u0131.<br \/>\n*V\u00fccut fonksiyonlar\u0131n\u0131 ve yiyecek d\u00f6n\u00fc\u015f\u00fcm\u00fcn\u00fc desteklemeye yard\u0131mc\u0131 olan prebiyotikler.<br \/>\n*Sa\u011fl\u0131kl\u0131 bir ba\u011f\u0131\u015f\u0131kl\u0131k sistemi i\u00e7in BioActive form\u00fcl.<br \/>\n*D\u00fc\u015f\u00fck at\u0131k form\u00fcl\u00fc sayesinde temiz su.<br \/>\n*Sa\u011fl\u0131k, renk ve canl\u0131l\u0131k i\u00e7in dengeli beslenme.<br \/>\n*Patentli dozaj ba\u015fl\u0131\u011f\u0131 ile beslemesi kolay.<br \/>\n\u0130\u00e7eri\u011fi;<br \/>\nBal\u0131k ve bal\u0131k \u00fcr\u00fcnleri, maya, sebze protein ekstrakt\u0131, bitkisel ve hayvansal ya\u011flar, yosun, lesitin ve vitaminler.<br \/>\nDozaj;<br \/>\nK\u00fc\u00e7\u00fck miktarlarda g\u00fcnde birka\u00e7 kez besleyin.<br \/>\nMiktar;<br \/>\n12 gr<\/p>","protected":false},"featured_media":47039,"comment_status":"open","ping_status":"closed","template":"","meta":{"_acf_changed":false},"product_brand":[],"product_cat":[2388],"product_tag":[],"class_list":{"0":"post-46402","1":"product","2":"type-product","3":"status-publish","4":"has-post-thumbnail","6":"product_cat-genel-yemler","8":"first","9":"instock","10":"shipping-taxable","11":"product-type-simple"},"acf":[],"yoast_head":"<!-- This site is optimized with the Yoast SEO plugin v27.4 - https:\/\/yoast.com\/product\/yoast-seo-wordpress\/ -->\n<title>Tetra Tetramin Pul S\u00fcs Bal\u0131k Yemi - 12GR - Anadolu Pet Grup<\/title>\n<meta name=\"robots\" content=\"index, follow, max-snippet:-1, max-image-preview:large, max-video-preview:-1\" \/>\n<link rel=\"canonical\" href=\"https:\/\/anadolupet.com.tr\/en\/product\/tetra-tetramin-pul-sus-balik-yemi-12gr\/\" \/>\n<meta property=\"og:locale\" content=\"en_US\" \/>\n<meta property=\"og:type\" content=\"article\" \/>\n<meta property=\"og:title\" content=\"Tetra Tetramin Pul S\u00fcs Bal\u0131k Yemi - 12GR - Anadolu Pet Grup\" \/>\n<meta property=\"og:description\" content=\"TetraMin Flakes, s\u00fcs bal\u0131klar\u0131n\u0131n g\u00fcnl\u00fck beslenmesi i\u00e7in ideal bir diyet sa\u011flayan, y\u00fcksek kaliteli, fonksiyonel besinler i\u00e7eren pul kar\u0131\u015f\u0131m\u0131 formunda eksiksiz bir yemdir. Sa\u011fl\u0131kl\u0131 bal\u0131k b\u00fcy\u00fcmesini ve renk canl\u0131l\u0131\u011f\u0131n\u0131 destekler. TetraMin Flakes,temiz su ve sa\u011fl\u0131kl\u0131 bal\u0131klar i\u00e7in ideal bir yemdir. Dengelenmi\u015f form\u00fcl\u00fcyle bal\u0131klar\u0131n beslenme gereksinimlerini kar\u015f\u0131larken do\u011fal renklerini ve hareketliliklerini destekler. Detaylar; *Tatl\u0131 su s\u00fcs bal\u0131klar\u0131 i\u00e7in pul kar\u0131\u015f\u0131m\u0131 \u015feklinde tam yem. *Yedi farkl\u0131 pul yemin ve 40&#039;\u0131n \u00fczerinde y\u00fcksek kaliteli hammaddenin kar\u0131\u015f\u0131m\u0131. *V\u00fccut fonksiyonlar\u0131n\u0131 ve yiyecek d\u00f6n\u00fc\u015f\u00fcm\u00fcn\u00fc desteklemeye yard\u0131mc\u0131 olan prebiyotikler. *Sa\u011fl\u0131kl\u0131 bir ba\u011f\u0131\u015f\u0131kl\u0131k sistemi i\u00e7in BioActive form\u00fcl. *D\u00fc\u015f\u00fck at\u0131k form\u00fcl\u00fc sayesinde temiz su. *Sa\u011fl\u0131k, renk ve canl\u0131l\u0131k i\u00e7in dengeli beslenme. *Patentli dozaj ba\u015fl\u0131\u011f\u0131 ile beslemesi kolay. \u0130\u00e7eri\u011fi; Bal\u0131k ve bal\u0131k \u00fcr\u00fcnleri, maya, sebze protein ekstrakt\u0131, bitkisel ve hayvansal ya\u011flar, yosun, lesitin ve vitaminler. Dozaj; K\u00fc\u00e7\u00fck miktarlarda g\u00fcnde birka\u00e7 kez besleyin. Miktar; 12 gr\" \/>\n<meta property=\"og:url\" content=\"https:\/\/anadolupet.com.tr\/en\/product\/tetra-tetramin-pul-sus-balik-yemi-12gr\/\" \/>\n<meta property=\"og:site_name\" content=\"Anadolu Pet Grup\" \/>\n<meta property=\"article:modified_time\" content=\"2026-02-23T16:49:27+00:00\" \/>\n<meta property=\"og:image\" content=\"https:\/\/anadolupet.com.tr\/wp-content\/uploads\/2026\/02\/400-159501.jpg\" \/>\n\t<meta property=\"og:image:width\" content=\"750\" \/>\n\t<meta property=\"og:image:height\" content=\"750\" \/>\n\t<meta property=\"og:image:type\" content=\"image\/jpeg\" \/>\n<meta name=\"twitter:card\" content=\"summary_large_image\" \/>\n<script type=\"application\/ld+json\" class=\"yoast-schema-graph\">{\"@context\":\"https:\\\/\\\/schema.org\",\"@graph\":[{\"@type\":\"WebPage\",\"@id\":\"https:\\\/\\\/anadolupet.com.tr\\\/urun\\\/tetra-tetramin-pul-sus-balik-yemi-12gr\\\/\",\"url\":\"https:\\\/\\\/anadolupet.com.tr\\\/urun\\\/tetra-tetramin-pul-sus-balik-yemi-12gr\\\/\",\"name\":\"Tetra Tetramin Pul S\u00fcs Bal\u0131k Yemi - 12GR - Anadolu Pet Grup\",\"isPartOf\":{\"@id\":\"https:\\\/\\\/anadolupet.com.tr\\\/#website\"},\"primaryImageOfPage\":{\"@id\":\"https:\\\/\\\/anadolupet.com.tr\\\/urun\\\/tetra-tetramin-pul-sus-balik-yemi-12gr\\\/#primaryimage\"},\"image\":{\"@id\":\"https:\\\/\\\/anadolupet.com.tr\\\/urun\\\/tetra-tetramin-pul-sus-balik-yemi-12gr\\\/#primaryimage\"},\"thumbnailUrl\":\"https:\\\/\\\/anadolupet.com.tr\\\/wp-content\\\/uploads\\\/2026\\\/02\\\/400-159501.jpg\",\"datePublished\":\"2026-02-14T14:46:38+00:00\",\"dateModified\":\"2026-02-23T16:49:27+00:00\",\"breadcrumb\":{\"@id\":\"https:\\\/\\\/anadolupet.com.tr\\\/urun\\\/tetra-tetramin-pul-sus-balik-yemi-12gr\\\/#breadcrumb\"},\"inLanguage\":\"en-US\",\"potentialAction\":[{\"@type\":\"ReadAction\",\"target\":[\"https:\\\/\\\/anadolupet.com.tr\\\/urun\\\/tetra-tetramin-pul-sus-balik-yemi-12gr\\\/\"]}]},{\"@type\":\"ImageObject\",\"inLanguage\":\"en-US\",\"@id\":\"https:\\\/\\\/anadolupet.com.tr\\\/urun\\\/tetra-tetramin-pul-sus-balik-yemi-12gr\\\/#primaryimage\",\"url\":\"https:\\\/\\\/anadolupet.com.tr\\\/wp-content\\\/uploads\\\/2026\\\/02\\\/400-159501.jpg\",\"contentUrl\":\"https:\\\/\\\/anadolupet.com.tr\\\/wp-content\\\/uploads\\\/2026\\\/02\\\/400-159501.jpg\",\"width\":750,\"height\":750},{\"@type\":\"BreadcrumbList\",\"@id\":\"https:\\\/\\\/anadolupet.com.tr\\\/urun\\\/tetra-tetramin-pul-sus-balik-yemi-12gr\\\/#breadcrumb\",\"itemListElement\":[{\"@type\":\"ListItem\",\"position\":1,\"name\":\"Anasayfa\",\"item\":\"https:\\\/\\\/anadolupet.com.tr\\\/\"},{\"@type\":\"ListItem\",\"position\":2,\"name\":\"\u00dcr\u00fcnler\",\"item\":\"https:\\\/\\\/anadolupet.com.tr\\\/urunler\\\/\"},{\"@type\":\"ListItem\",\"position\":3,\"name\":\"Tetra Tetramin Pul S\u00fcs Bal\u0131k Yemi &#8211; 12GR\"}]},{\"@type\":\"WebSite\",\"@id\":\"https:\\\/\\\/anadolupet.com.tr\\\/#website\",\"url\":\"https:\\\/\\\/anadolupet.com.tr\\\/\",\"name\":\"Anadolu Pet Grup\",\"description\":\"Her Can\u0131n \u0130yi Ya\u015fam\u0131 \u0130\u00e7in Biraraday\u0131z\",\"publisher\":{\"@id\":\"https:\\\/\\\/anadolupet.com.tr\\\/#organization\"},\"potentialAction\":[{\"@type\":\"SearchAction\",\"target\":{\"@type\":\"EntryPoint\",\"urlTemplate\":\"https:\\\/\\\/anadolupet.com.tr\\\/?s={search_term_string}\"},\"query-input\":{\"@type\":\"PropertyValueSpecification\",\"valueRequired\":true,\"valueName\":\"search_term_string\"}}],\"inLanguage\":\"en-US\"},{\"@type\":\"Organization\",\"@id\":\"https:\\\/\\\/anadolupet.com.tr\\\/#organization\",\"name\":\"Anadolu Pet Grup\",\"alternateName\":\"Anadolu Pet\",\"url\":\"https:\\\/\\\/anadolupet.com.tr\\\/\",\"logo\":{\"@type\":\"ImageObject\",\"inLanguage\":\"en-US\",\"@id\":\"https:\\\/\\\/anadolupet.com.tr\\\/#\\\/schema\\\/logo\\\/image\\\/\",\"url\":\"https:\\\/\\\/anadolupet.com.tr\\\/wp-content\\\/uploads\\\/2026\\\/03\\\/1614666743370.jpg\",\"contentUrl\":\"https:\\\/\\\/anadolupet.com.tr\\\/wp-content\\\/uploads\\\/2026\\\/03\\\/1614666743370.jpg\",\"width\":800,\"height\":571,\"caption\":\"Anadolu Pet Grup\"},\"image\":{\"@id\":\"https:\\\/\\\/anadolupet.com.tr\\\/#\\\/schema\\\/logo\\\/image\\\/\"}}]}<\/script>\n<!-- \/ Yoast SEO plugin. -->","yoast_head_json":{"title":"Tetra Tetramin Pul S\u00fcs Bal\u0131k Yemi - 12GR - Anadolu Pet Grup","robots":{"index":"index","follow":"follow","max-snippet":"max-snippet:-1","max-image-preview":"max-image-preview:large","max-video-preview":"max-video-preview:-1"},"canonical":"https:\/\/anadolupet.com.tr\/en\/product\/tetra-tetramin-pul-sus-balik-yemi-12gr\/","og_locale":"en_US","og_type":"article","og_title":"Tetra Tetramin Pul S\u00fcs Bal\u0131k Yemi - 12GR - Anadolu Pet Grup","og_description":"TetraMin Flakes, s\u00fcs bal\u0131klar\u0131n\u0131n g\u00fcnl\u00fck beslenmesi i\u00e7in ideal bir diyet sa\u011flayan, y\u00fcksek kaliteli, fonksiyonel besinler i\u00e7eren pul kar\u0131\u015f\u0131m\u0131 formunda eksiksiz bir yemdir. Sa\u011fl\u0131kl\u0131 bal\u0131k b\u00fcy\u00fcmesini ve renk canl\u0131l\u0131\u011f\u0131n\u0131 destekler. TetraMin Flakes,temiz su ve sa\u011fl\u0131kl\u0131 bal\u0131klar i\u00e7in ideal bir yemdir. Dengelenmi\u015f form\u00fcl\u00fcyle bal\u0131klar\u0131n beslenme gereksinimlerini kar\u015f\u0131larken do\u011fal renklerini ve hareketliliklerini destekler. Detaylar; *Tatl\u0131 su s\u00fcs bal\u0131klar\u0131 i\u00e7in pul kar\u0131\u015f\u0131m\u0131 \u015feklinde tam yem. *Yedi farkl\u0131 pul yemin ve 40'\u0131n \u00fczerinde y\u00fcksek kaliteli hammaddenin kar\u0131\u015f\u0131m\u0131. *V\u00fccut fonksiyonlar\u0131n\u0131 ve yiyecek d\u00f6n\u00fc\u015f\u00fcm\u00fcn\u00fc desteklemeye yard\u0131mc\u0131 olan prebiyotikler. *Sa\u011fl\u0131kl\u0131 bir ba\u011f\u0131\u015f\u0131kl\u0131k sistemi i\u00e7in BioActive form\u00fcl. *D\u00fc\u015f\u00fck at\u0131k form\u00fcl\u00fc sayesinde temiz su. *Sa\u011fl\u0131k, renk ve canl\u0131l\u0131k i\u00e7in dengeli beslenme. *Patentli dozaj ba\u015fl\u0131\u011f\u0131 ile beslemesi kolay. \u0130\u00e7eri\u011fi; Bal\u0131k ve bal\u0131k \u00fcr\u00fcnleri, maya, sebze protein ekstrakt\u0131, bitkisel ve hayvansal ya\u011flar, yosun, lesitin ve vitaminler. Dozaj; K\u00fc\u00e7\u00fck miktarlarda g\u00fcnde birka\u00e7 kez besleyin. Miktar; 12 gr","og_url":"https:\/\/anadolupet.com.tr\/en\/product\/tetra-tetramin-pul-sus-balik-yemi-12gr\/","og_site_name":"Anadolu Pet Grup","article_modified_time":"2026-02-23T16:49:27+00:00","og_image":[{"width":750,"height":750,"url":"https:\/\/anadolupet.com.tr\/wp-content\/uploads\/2026\/02\/400-159501.jpg","type":"image\/jpeg"}],"twitter_card":"summary_large_image","schema":{"@context":"https:\/\/schema.org","@graph":[{"@type":"WebPage","@id":"https:\/\/anadolupet.com.tr\/urun\/tetra-tetramin-pul-sus-balik-yemi-12gr\/","url":"https:\/\/anadolupet.com.tr\/urun\/tetra-tetramin-pul-sus-balik-yemi-12gr\/","name":"Tetra Tetramin Pul S\u00fcs Bal\u0131k Yemi - 12GR - Anadolu Pet Grup","isPartOf":{"@id":"https:\/\/anadolupet.com.tr\/#website"},"primaryImageOfPage":{"@id":"https:\/\/anadolupet.com.tr\/urun\/tetra-tetramin-pul-sus-balik-yemi-12gr\/#primaryimage"},"image":{"@id":"https:\/\/anadolupet.com.tr\/urun\/tetra-tetramin-pul-sus-balik-yemi-12gr\/#primaryimage"},"thumbnailUrl":"https:\/\/anadolupet.com.tr\/wp-content\/uploads\/2026\/02\/400-159501.jpg","datePublished":"2026-02-14T14:46:38+00:00","dateModified":"2026-02-23T16:49:27+00:00","breadcrumb":{"@id":"https:\/\/anadolupet.com.tr\/urun\/tetra-tetramin-pul-sus-balik-yemi-12gr\/#breadcrumb"},"inLanguage":"en-US","potentialAction":[{"@type":"ReadAction","target":["https:\/\/anadolupet.com.tr\/urun\/tetra-tetramin-pul-sus-balik-yemi-12gr\/"]}]},{"@type":"ImageObject","inLanguage":"en-US","@id":"https:\/\/anadolupet.com.tr\/urun\/tetra-tetramin-pul-sus-balik-yemi-12gr\/#primaryimage","url":"https:\/\/anadolupet.com.tr\/wp-content\/uploads\/2026\/02\/400-159501.jpg","contentUrl":"https:\/\/anadolupet.com.tr\/wp-content\/uploads\/2026\/02\/400-159501.jpg","width":750,"height":750},{"@type":"BreadcrumbList","@id":"https:\/\/anadolupet.com.tr\/urun\/tetra-tetramin-pul-sus-balik-yemi-12gr\/#breadcrumb","itemListElement":[{"@type":"ListItem","position":1,"name":"Anasayfa","item":"https:\/\/anadolupet.com.tr\/"},{"@type":"ListItem","position":2,"name":"\u00dcr\u00fcnler","item":"https:\/\/anadolupet.com.tr\/urunler\/"},{"@type":"ListItem","position":3,"name":"Tetra Tetramin Pul S\u00fcs Bal\u0131k Yemi &#8211; 12GR"}]},{"@type":"WebSite","@id":"https:\/\/anadolupet.com.tr\/#website","url":"https:\/\/anadolupet.com.tr\/","name":"Anadolu Pet Group","description":"We Stand Together for the Well-Being of Every Life","publisher":{"@id":"https:\/\/anadolupet.com.tr\/#organization"},"potentialAction":[{"@type":"SearchAction","target":{"@type":"EntryPoint","urlTemplate":"https:\/\/anadolupet.com.tr\/?s={search_term_string}"},"query-input":{"@type":"PropertyValueSpecification","valueRequired":true,"valueName":"search_term_string"}}],"inLanguage":"en-US"},{"@type":"Organization","@id":"https:\/\/anadolupet.com.tr\/#organization","name":"Anadolu Pet Group","alternateName":"Anadolu Pet","url":"https:\/\/anadolupet.com.tr\/","logo":{"@type":"ImageObject","inLanguage":"en-US","@id":"https:\/\/anadolupet.com.tr\/#\/schema\/logo\/image\/","url":"https:\/\/anadolupet.com.tr\/wp-content\/uploads\/2026\/03\/1614666743370.jpg","contentUrl":"https:\/\/anadolupet.com.tr\/wp-content\/uploads\/2026\/03\/1614666743370.jpg","width":800,"height":571,"caption":"Anadolu Pet Grup"},"image":{"@id":"https:\/\/anadolupet.com.tr\/#\/schema\/logo\/image\/"}}]}},"_links":{"self":[{"href":"https:\/\/anadolupet.com.tr\/en\/wp-json\/wp\/v2\/product\/46402","targetHints":{"allow":["GET"]}}],"collection":[{"href":"https:\/\/anadolupet.com.tr\/en\/wp-json\/wp\/v2\/product"}],"about":[{"href":"https:\/\/anadolupet.com.tr\/en\/wp-json\/wp\/v2\/types\/product"}],"replies":[{"embeddable":true,"href":"https:\/\/anadolupet.com.tr\/en\/wp-json\/wp\/v2\/comments?post=46402"}],"wp:featuredmedia":[{"embeddable":true,"href":"https:\/\/anadolupet.com.tr\/en\/wp-json\/wp\/v2\/media\/47039"}],"wp:attachment":[{"href":"https:\/\/anadolupet.com.tr\/en\/wp-json\/wp\/v2\/media?parent=46402"}],"wp:term":[{"taxonomy":"product_brand","embeddable":true,"href":"https:\/\/anadolupet.com.tr\/en\/wp-json\/wp\/v2\/product_brand?post=46402"},{"taxonomy":"product_cat","embeddable":true,"href":"https:\/\/anadolupet.com.tr\/en\/wp-json\/wp\/v2\/product_cat?post=46402"},{"taxonomy":"product_tag","embeddable":true,"href":"https:\/\/anadolupet.com.tr\/en\/wp-json\/wp\/v2\/product_tag?post=46402"}],"curies":[{"name":"wp","href":"https:\/\/api.w.org\/{rel}","templated":true}]}}