{"id":46404,"date":"2026-02-14T14:46:38","date_gmt":"2026-02-14T14:46:38","guid":{"rendered":"https:\/\/anadolupet.com.tr\/?post_type=product&#038;p=46404"},"modified":"2026-02-23T16:49:27","modified_gmt":"2026-02-23T16:49:27","slug":"tetra-tetramin-weekend-tatil-tropikal-balik-yemi-20-adet","status":"publish","type":"product","link":"https:\/\/anadolupet.com.tr\/en\/urun\/tetra-tetramin-weekend-tatil-tropikal-balik-yemi-20-adet\/","title":{"rendered":"Tetra Tetramin Weekend Tatil Tropikal Bal\u0131k Yemi &#8211; 20 Adet"},"content":{"rendered":"","protected":false},"excerpt":{"rendered":"<p>TetraMin Weekend t\u00fcm tropikal s\u00fcs bal\u0131klar\u0131 i\u00e7in haftasonlar\u0131 veya tatil boyunca besinsel ihtiya\u00e7lar\u0131n\u0131n kar\u015f\u0131lanabilece\u011fi minyat\u00fcr yem stickleridir (\u00e7ubuk yem). Dengeli bir diyet sa\u011flaman\u0131n yan\u0131s\u0131ra bal\u0131\u011f\u0131n b\u00fcy\u00fcme ve geli\u015fmesini h\u0131zland\u0131r\u0131r.<br \/>\nDetaylar;<br \/>\n*Y\u00fcksek oranda protein ve gerekli mineralleri i\u00e7erir.<br \/>\n*Optimum oranda esansiyel ya\u011f asitlerini i\u00e7erir.<br \/>\n*\u00d6zel bir \u00fcretim tekni\u011fi ile sertle\u015ftirilmi\u015f olan yem ge\u00e7 da\u011f\u0131l\u0131r ve ayn\u0131 zamanda \u00e7ok kolay sindirilebilir bir yap\u0131dad\u0131r.<br \/>\n*Minyat\u00fcr yem bloklar\u0131 do\u011fru dozajda kullan\u0131ld\u0131\u011f\u0131nda, 6 g\u00fcne kadar yemleme olana\u011f\u0131 sunar.<br \/>\n*K\u00fcf \u00fcremesi yoktur ve su parametreleri \u00fczerinde negatif bir etki yaratmaz.<br \/>\n*Yem miktar\u0131 su hacmi, bal\u0131k adedi ve s\u00fcreye g\u00f6re kolayl\u0131kla belirlenebilir.<br \/>\n*Suyun buland\u0131rmaz ve filtrenin \u00e7al\u0131\u015fma kapasitesini maksimum seviyede tutar.<br \/>\n*Stabilize edilmi\u015f C vitamini i\u00e7erir. Bu sayede bal\u0131\u011f\u0131n geli\u015fmesine b\u00fcy\u00fck katk\u0131 sa\u011flar.<br \/>\nDozaj;<br \/>\nStick say\u0131s\u0131 bal\u0131klar\u0131n say\u0131s\u0131na ve b\u00fcy\u00fckl\u00fc\u011f\u00fcne, s\u00fcreye ve akvaryum b\u00fcy\u00fckl\u00fc\u011f\u00fcne ba\u011fl\u0131d\u0131r.<br \/>\nMiktar;<br \/>\n20 Adet<\/p>","protected":false},"featured_media":47141,"comment_status":"open","ping_status":"closed","template":"","meta":{"_acf_changed":false},"product_brand":[],"product_cat":[2415],"product_tag":[],"class_list":{"0":"post-46404","1":"product","2":"type-product","3":"status-publish","4":"has-post-thumbnail","6":"product_cat-tatil-yemleri","8":"first","9":"instock","10":"shipping-taxable","11":"product-type-simple"},"acf":[],"yoast_head":"<!-- This site is optimized with the Yoast SEO plugin v27.4 - https:\/\/yoast.com\/product\/yoast-seo-wordpress\/ -->\n<title>Tetra Tetramin Weekend Tatil Tropikal Bal\u0131k Yemi - 20 Adet - Anadolu Pet Grup<\/title>\n<meta name=\"robots\" content=\"index, follow, max-snippet:-1, max-image-preview:large, max-video-preview:-1\" \/>\n<link rel=\"canonical\" href=\"https:\/\/anadolupet.com.tr\/en\/product\/tetra-tetramin-weekend-tatil-tropikal-balik-yemi-20-adet\/\" \/>\n<meta property=\"og:locale\" content=\"en_US\" \/>\n<meta property=\"og:type\" content=\"article\" \/>\n<meta property=\"og:title\" content=\"Tetra Tetramin Weekend Tatil Tropikal Bal\u0131k Yemi - 20 Adet - Anadolu Pet Grup\" \/>\n<meta property=\"og:description\" content=\"TetraMin Weekend t\u00fcm tropikal s\u00fcs bal\u0131klar\u0131 i\u00e7in haftasonlar\u0131 veya tatil boyunca besinsel ihtiya\u00e7lar\u0131n\u0131n kar\u015f\u0131lanabilece\u011fi minyat\u00fcr yem stickleridir (\u00e7ubuk yem). Dengeli bir diyet sa\u011flaman\u0131n yan\u0131s\u0131ra bal\u0131\u011f\u0131n b\u00fcy\u00fcme ve geli\u015fmesini h\u0131zland\u0131r\u0131r. Detaylar; *Y\u00fcksek oranda protein ve gerekli mineralleri i\u00e7erir. *Optimum oranda esansiyel ya\u011f asitlerini i\u00e7erir. *\u00d6zel bir \u00fcretim tekni\u011fi ile sertle\u015ftirilmi\u015f olan yem ge\u00e7 da\u011f\u0131l\u0131r ve ayn\u0131 zamanda \u00e7ok kolay sindirilebilir bir yap\u0131dad\u0131r. *Minyat\u00fcr yem bloklar\u0131 do\u011fru dozajda kullan\u0131ld\u0131\u011f\u0131nda, 6 g\u00fcne kadar yemleme olana\u011f\u0131 sunar. *K\u00fcf \u00fcremesi yoktur ve su parametreleri \u00fczerinde negatif bir etki yaratmaz. *Yem miktar\u0131 su hacmi, bal\u0131k adedi ve s\u00fcreye g\u00f6re kolayl\u0131kla belirlenebilir. *Suyun buland\u0131rmaz ve filtrenin \u00e7al\u0131\u015fma kapasitesini maksimum seviyede tutar. *Stabilize edilmi\u015f C vitamini i\u00e7erir. Bu sayede bal\u0131\u011f\u0131n geli\u015fmesine b\u00fcy\u00fck katk\u0131 sa\u011flar. Dozaj; Stick say\u0131s\u0131 bal\u0131klar\u0131n say\u0131s\u0131na ve b\u00fcy\u00fckl\u00fc\u011f\u00fcne, s\u00fcreye ve akvaryum b\u00fcy\u00fckl\u00fc\u011f\u00fcne ba\u011fl\u0131d\u0131r. Miktar; 20 Adet\" \/>\n<meta property=\"og:url\" content=\"https:\/\/anadolupet.com.tr\/en\/product\/tetra-tetramin-weekend-tatil-tropikal-balik-yemi-20-adet\/\" \/>\n<meta property=\"og:site_name\" content=\"Anadolu Pet Grup\" \/>\n<meta property=\"article:modified_time\" content=\"2026-02-23T16:49:27+00:00\" \/>\n<meta property=\"og:image\" content=\"https:\/\/anadolupet.com.tr\/wp-content\/uploads\/2026\/02\/400-767232.jpg\" \/>\n\t<meta property=\"og:image:width\" content=\"750\" \/>\n\t<meta property=\"og:image:height\" content=\"750\" \/>\n\t<meta property=\"og:image:type\" content=\"image\/jpeg\" \/>\n<meta name=\"twitter:card\" content=\"summary_large_image\" \/>\n<script type=\"application\/ld+json\" class=\"yoast-schema-graph\">{\"@context\":\"https:\\\/\\\/schema.org\",\"@graph\":[{\"@type\":\"WebPage\",\"@id\":\"https:\\\/\\\/anadolupet.com.tr\\\/urun\\\/tetra-tetramin-weekend-tatil-tropikal-balik-yemi-20-adet\\\/\",\"url\":\"https:\\\/\\\/anadolupet.com.tr\\\/urun\\\/tetra-tetramin-weekend-tatil-tropikal-balik-yemi-20-adet\\\/\",\"name\":\"Tetra Tetramin Weekend Tatil Tropikal Bal\u0131k Yemi - 20 Adet - Anadolu Pet Grup\",\"isPartOf\":{\"@id\":\"https:\\\/\\\/anadolupet.com.tr\\\/#website\"},\"primaryImageOfPage\":{\"@id\":\"https:\\\/\\\/anadolupet.com.tr\\\/urun\\\/tetra-tetramin-weekend-tatil-tropikal-balik-yemi-20-adet\\\/#primaryimage\"},\"image\":{\"@id\":\"https:\\\/\\\/anadolupet.com.tr\\\/urun\\\/tetra-tetramin-weekend-tatil-tropikal-balik-yemi-20-adet\\\/#primaryimage\"},\"thumbnailUrl\":\"https:\\\/\\\/anadolupet.com.tr\\\/wp-content\\\/uploads\\\/2026\\\/02\\\/400-767232.jpg\",\"datePublished\":\"2026-02-14T14:46:38+00:00\",\"dateModified\":\"2026-02-23T16:49:27+00:00\",\"breadcrumb\":{\"@id\":\"https:\\\/\\\/anadolupet.com.tr\\\/urun\\\/tetra-tetramin-weekend-tatil-tropikal-balik-yemi-20-adet\\\/#breadcrumb\"},\"inLanguage\":\"en-US\",\"potentialAction\":[{\"@type\":\"ReadAction\",\"target\":[\"https:\\\/\\\/anadolupet.com.tr\\\/urun\\\/tetra-tetramin-weekend-tatil-tropikal-balik-yemi-20-adet\\\/\"]}]},{\"@type\":\"ImageObject\",\"inLanguage\":\"en-US\",\"@id\":\"https:\\\/\\\/anadolupet.com.tr\\\/urun\\\/tetra-tetramin-weekend-tatil-tropikal-balik-yemi-20-adet\\\/#primaryimage\",\"url\":\"https:\\\/\\\/anadolupet.com.tr\\\/wp-content\\\/uploads\\\/2026\\\/02\\\/400-767232.jpg\",\"contentUrl\":\"https:\\\/\\\/anadolupet.com.tr\\\/wp-content\\\/uploads\\\/2026\\\/02\\\/400-767232.jpg\",\"width\":750,\"height\":750},{\"@type\":\"BreadcrumbList\",\"@id\":\"https:\\\/\\\/anadolupet.com.tr\\\/urun\\\/tetra-tetramin-weekend-tatil-tropikal-balik-yemi-20-adet\\\/#breadcrumb\",\"itemListElement\":[{\"@type\":\"ListItem\",\"position\":1,\"name\":\"Anasayfa\",\"item\":\"https:\\\/\\\/anadolupet.com.tr\\\/\"},{\"@type\":\"ListItem\",\"position\":2,\"name\":\"\u00dcr\u00fcnler\",\"item\":\"https:\\\/\\\/anadolupet.com.tr\\\/urunler\\\/\"},{\"@type\":\"ListItem\",\"position\":3,\"name\":\"Tetra Tetramin Weekend Tatil Tropikal Bal\u0131k Yemi &#8211; 20 Adet\"}]},{\"@type\":\"WebSite\",\"@id\":\"https:\\\/\\\/anadolupet.com.tr\\\/#website\",\"url\":\"https:\\\/\\\/anadolupet.com.tr\\\/\",\"name\":\"Anadolu Pet Grup\",\"description\":\"Her Can\u0131n \u0130yi Ya\u015fam\u0131 \u0130\u00e7in Biraraday\u0131z\",\"publisher\":{\"@id\":\"https:\\\/\\\/anadolupet.com.tr\\\/#organization\"},\"potentialAction\":[{\"@type\":\"SearchAction\",\"target\":{\"@type\":\"EntryPoint\",\"urlTemplate\":\"https:\\\/\\\/anadolupet.com.tr\\\/?s={search_term_string}\"},\"query-input\":{\"@type\":\"PropertyValueSpecification\",\"valueRequired\":true,\"valueName\":\"search_term_string\"}}],\"inLanguage\":\"en-US\"},{\"@type\":\"Organization\",\"@id\":\"https:\\\/\\\/anadolupet.com.tr\\\/#organization\",\"name\":\"Anadolu Pet Grup\",\"alternateName\":\"Anadolu Pet\",\"url\":\"https:\\\/\\\/anadolupet.com.tr\\\/\",\"logo\":{\"@type\":\"ImageObject\",\"inLanguage\":\"en-US\",\"@id\":\"https:\\\/\\\/anadolupet.com.tr\\\/#\\\/schema\\\/logo\\\/image\\\/\",\"url\":\"https:\\\/\\\/anadolupet.com.tr\\\/wp-content\\\/uploads\\\/2026\\\/03\\\/1614666743370.jpg\",\"contentUrl\":\"https:\\\/\\\/anadolupet.com.tr\\\/wp-content\\\/uploads\\\/2026\\\/03\\\/1614666743370.jpg\",\"width\":800,\"height\":571,\"caption\":\"Anadolu Pet Grup\"},\"image\":{\"@id\":\"https:\\\/\\\/anadolupet.com.tr\\\/#\\\/schema\\\/logo\\\/image\\\/\"}}]}<\/script>\n<!-- \/ Yoast SEO plugin. -->","yoast_head_json":{"title":"Tetra Tetramin Weekend Tatil Tropikal Bal\u0131k Yemi - 20 Adet - Anadolu Pet Grup","robots":{"index":"index","follow":"follow","max-snippet":"max-snippet:-1","max-image-preview":"max-image-preview:large","max-video-preview":"max-video-preview:-1"},"canonical":"https:\/\/anadolupet.com.tr\/en\/product\/tetra-tetramin-weekend-tatil-tropikal-balik-yemi-20-adet\/","og_locale":"en_US","og_type":"article","og_title":"Tetra Tetramin Weekend Tatil Tropikal Bal\u0131k Yemi - 20 Adet - Anadolu Pet Grup","og_description":"TetraMin Weekend t\u00fcm tropikal s\u00fcs bal\u0131klar\u0131 i\u00e7in haftasonlar\u0131 veya tatil boyunca besinsel ihtiya\u00e7lar\u0131n\u0131n kar\u015f\u0131lanabilece\u011fi minyat\u00fcr yem stickleridir (\u00e7ubuk yem). Dengeli bir diyet sa\u011flaman\u0131n yan\u0131s\u0131ra bal\u0131\u011f\u0131n b\u00fcy\u00fcme ve geli\u015fmesini h\u0131zland\u0131r\u0131r. Detaylar; *Y\u00fcksek oranda protein ve gerekli mineralleri i\u00e7erir. *Optimum oranda esansiyel ya\u011f asitlerini i\u00e7erir. *\u00d6zel bir \u00fcretim tekni\u011fi ile sertle\u015ftirilmi\u015f olan yem ge\u00e7 da\u011f\u0131l\u0131r ve ayn\u0131 zamanda \u00e7ok kolay sindirilebilir bir yap\u0131dad\u0131r. *Minyat\u00fcr yem bloklar\u0131 do\u011fru dozajda kullan\u0131ld\u0131\u011f\u0131nda, 6 g\u00fcne kadar yemleme olana\u011f\u0131 sunar. *K\u00fcf \u00fcremesi yoktur ve su parametreleri \u00fczerinde negatif bir etki yaratmaz. *Yem miktar\u0131 su hacmi, bal\u0131k adedi ve s\u00fcreye g\u00f6re kolayl\u0131kla belirlenebilir. *Suyun buland\u0131rmaz ve filtrenin \u00e7al\u0131\u015fma kapasitesini maksimum seviyede tutar. *Stabilize edilmi\u015f C vitamini i\u00e7erir. Bu sayede bal\u0131\u011f\u0131n geli\u015fmesine b\u00fcy\u00fck katk\u0131 sa\u011flar. Dozaj; Stick say\u0131s\u0131 bal\u0131klar\u0131n say\u0131s\u0131na ve b\u00fcy\u00fckl\u00fc\u011f\u00fcne, s\u00fcreye ve akvaryum b\u00fcy\u00fckl\u00fc\u011f\u00fcne ba\u011fl\u0131d\u0131r. Miktar; 20 Adet","og_url":"https:\/\/anadolupet.com.tr\/en\/product\/tetra-tetramin-weekend-tatil-tropikal-balik-yemi-20-adet\/","og_site_name":"Anadolu Pet Grup","article_modified_time":"2026-02-23T16:49:27+00:00","og_image":[{"width":750,"height":750,"url":"https:\/\/anadolupet.com.tr\/wp-content\/uploads\/2026\/02\/400-767232.jpg","type":"image\/jpeg"}],"twitter_card":"summary_large_image","schema":{"@context":"https:\/\/schema.org","@graph":[{"@type":"WebPage","@id":"https:\/\/anadolupet.com.tr\/urun\/tetra-tetramin-weekend-tatil-tropikal-balik-yemi-20-adet\/","url":"https:\/\/anadolupet.com.tr\/urun\/tetra-tetramin-weekend-tatil-tropikal-balik-yemi-20-adet\/","name":"Tetra Tetramin Weekend Tatil Tropikal Bal\u0131k Yemi - 20 Adet - Anadolu Pet Grup","isPartOf":{"@id":"https:\/\/anadolupet.com.tr\/#website"},"primaryImageOfPage":{"@id":"https:\/\/anadolupet.com.tr\/urun\/tetra-tetramin-weekend-tatil-tropikal-balik-yemi-20-adet\/#primaryimage"},"image":{"@id":"https:\/\/anadolupet.com.tr\/urun\/tetra-tetramin-weekend-tatil-tropikal-balik-yemi-20-adet\/#primaryimage"},"thumbnailUrl":"https:\/\/anadolupet.com.tr\/wp-content\/uploads\/2026\/02\/400-767232.jpg","datePublished":"2026-02-14T14:46:38+00:00","dateModified":"2026-02-23T16:49:27+00:00","breadcrumb":{"@id":"https:\/\/anadolupet.com.tr\/urun\/tetra-tetramin-weekend-tatil-tropikal-balik-yemi-20-adet\/#breadcrumb"},"inLanguage":"en-US","potentialAction":[{"@type":"ReadAction","target":["https:\/\/anadolupet.com.tr\/urun\/tetra-tetramin-weekend-tatil-tropikal-balik-yemi-20-adet\/"]}]},{"@type":"ImageObject","inLanguage":"en-US","@id":"https:\/\/anadolupet.com.tr\/urun\/tetra-tetramin-weekend-tatil-tropikal-balik-yemi-20-adet\/#primaryimage","url":"https:\/\/anadolupet.com.tr\/wp-content\/uploads\/2026\/02\/400-767232.jpg","contentUrl":"https:\/\/anadolupet.com.tr\/wp-content\/uploads\/2026\/02\/400-767232.jpg","width":750,"height":750},{"@type":"BreadcrumbList","@id":"https:\/\/anadolupet.com.tr\/urun\/tetra-tetramin-weekend-tatil-tropikal-balik-yemi-20-adet\/#breadcrumb","itemListElement":[{"@type":"ListItem","position":1,"name":"Anasayfa","item":"https:\/\/anadolupet.com.tr\/"},{"@type":"ListItem","position":2,"name":"\u00dcr\u00fcnler","item":"https:\/\/anadolupet.com.tr\/urunler\/"},{"@type":"ListItem","position":3,"name":"Tetra Tetramin Weekend Tatil Tropikal Bal\u0131k Yemi &#8211; 20 Adet"}]},{"@type":"WebSite","@id":"https:\/\/anadolupet.com.tr\/#website","url":"https:\/\/anadolupet.com.tr\/","name":"Anadolu Pet Group","description":"We Stand Together for the Well-Being of Every Life","publisher":{"@id":"https:\/\/anadolupet.com.tr\/#organization"},"potentialAction":[{"@type":"SearchAction","target":{"@type":"EntryPoint","urlTemplate":"https:\/\/anadolupet.com.tr\/?s={search_term_string}"},"query-input":{"@type":"PropertyValueSpecification","valueRequired":true,"valueName":"search_term_string"}}],"inLanguage":"en-US"},{"@type":"Organization","@id":"https:\/\/anadolupet.com.tr\/#organization","name":"Anadolu Pet Group","alternateName":"Anadolu Pet","url":"https:\/\/anadolupet.com.tr\/","logo":{"@type":"ImageObject","inLanguage":"en-US","@id":"https:\/\/anadolupet.com.tr\/#\/schema\/logo\/image\/","url":"https:\/\/anadolupet.com.tr\/wp-content\/uploads\/2026\/03\/1614666743370.jpg","contentUrl":"https:\/\/anadolupet.com.tr\/wp-content\/uploads\/2026\/03\/1614666743370.jpg","width":800,"height":571,"caption":"Anadolu Pet Grup"},"image":{"@id":"https:\/\/anadolupet.com.tr\/#\/schema\/logo\/image\/"}}]}},"_links":{"self":[{"href":"https:\/\/anadolupet.com.tr\/en\/wp-json\/wp\/v2\/product\/46404","targetHints":{"allow":["GET"]}}],"collection":[{"href":"https:\/\/anadolupet.com.tr\/en\/wp-json\/wp\/v2\/product"}],"about":[{"href":"https:\/\/anadolupet.com.tr\/en\/wp-json\/wp\/v2\/types\/product"}],"replies":[{"embeddable":true,"href":"https:\/\/anadolupet.com.tr\/en\/wp-json\/wp\/v2\/comments?post=46404"}],"wp:featuredmedia":[{"embeddable":true,"href":"https:\/\/anadolupet.com.tr\/en\/wp-json\/wp\/v2\/media\/47141"}],"wp:attachment":[{"href":"https:\/\/anadolupet.com.tr\/en\/wp-json\/wp\/v2\/media?parent=46404"}],"wp:term":[{"taxonomy":"product_brand","embeddable":true,"href":"https:\/\/anadolupet.com.tr\/en\/wp-json\/wp\/v2\/product_brand?post=46404"},{"taxonomy":"product_cat","embeddable":true,"href":"https:\/\/anadolupet.com.tr\/en\/wp-json\/wp\/v2\/product_cat?post=46404"},{"taxonomy":"product_tag","embeddable":true,"href":"https:\/\/anadolupet.com.tr\/en\/wp-json\/wp\/v2\/product_tag?post=46404"}],"curies":[{"name":"wp","href":"https:\/\/api.w.org\/{rel}","templated":true}]}}