{"id":46405,"date":"2026-02-14T14:46:38","date_gmt":"2026-02-14T14:46:38","guid":{"rendered":"https:\/\/anadolupet.com.tr\/?post_type=product&#038;p=46405"},"modified":"2026-02-23T16:49:27","modified_gmt":"2026-02-23T16:49:27","slug":"tetra-wafermix-mini-ufak-taneli-dip-balik-yemi-3-6lt","status":"publish","type":"product","link":"https:\/\/anadolupet.com.tr\/en\/urun\/tetra-wafermix-mini-ufak-taneli-dip-balik-yemi-3-6lt\/","title":{"rendered":"Tetra Wafermix Mini Ufak Taneli Dip Bal\u0131k Yemi &#8211; 3.6LT"},"content":{"rendered":"","protected":false},"excerpt":{"rendered":"<p>Tetra WaferMix, \u00f6zellikle akvaryum zemininde ya\u015fayan ve beslenen; vatoz, \u00e7\u00f6p\u00e7\u00fc ve makrakanta t\u00fcr\u00fc bal\u0131klar\u0131n yan\u0131 s\u0131ra karides, kerevit gibi eklem bacakl\u0131lar\u0131n da beslenme ihtiya\u00e7lar\u0131na cevap verebilmek ad\u0131na \u00fcretilmi\u015f y\u00fcksek kaliteli minik tabletler \u015feklinde tasarlanm\u0131\u015f ana besin yemidir. Detaylar;<br \/>\n*Tetra WaferMix, i\u00e7erdi\u011fi spirulina sayesinde bal\u0131klar\u0131n\u0131z\u0131n hastal\u0131klara kar\u015f\u0131 diren\u00e7li olmalar\u0131na yard\u0131mc\u0131 olur. *Tetra WaferMix, \u00fcretimi s\u0131ras\u0131nda d\u00fc\u015f\u00fck \u0131s\u0131 y\u00f6ntemi kullan\u0131lmas\u0131 sayesinde i\u00e7erdi\u011fi vitamin ve besin de\u011ferleri en y\u00fcksek oranda korunmu\u015ftur. *Y\u00fcksek sindirilebilirli\u011fi sayesinde, akvaryum suyunuz \u00e7ok daha az kirlenir.<br \/>\nMiktar;<br \/>\n3,6 Lt<\/p>","protected":false},"featured_media":47075,"comment_status":"open","ping_status":"closed","template":"","meta":{"_acf_changed":false},"product_brand":[],"product_cat":[2418],"product_tag":[],"class_list":{"0":"post-46405","1":"product","2":"type-product","3":"status-publish","4":"has-post-thumbnail","6":"product_cat-ture-ozel-yemler","8":"first","9":"instock","10":"shipping-taxable","11":"product-type-simple"},"acf":[],"yoast_head":"<!-- This site is optimized with the Yoast SEO plugin v27.4 - https:\/\/yoast.com\/product\/yoast-seo-wordpress\/ -->\n<title>Tetra Wafermix Mini Ufak Taneli Dip Bal\u0131k Yemi - 3.6LT - Anadolu Pet Grup<\/title>\n<meta name=\"robots\" content=\"index, follow, max-snippet:-1, max-image-preview:large, max-video-preview:-1\" \/>\n<link rel=\"canonical\" href=\"https:\/\/anadolupet.com.tr\/en\/product\/tetra-wafermix-mini-ufak-taneli-dip-balik-yemi-3-6lt\/\" \/>\n<meta property=\"og:locale\" content=\"en_US\" \/>\n<meta property=\"og:type\" content=\"article\" \/>\n<meta property=\"og:title\" content=\"Tetra Wafermix Mini Ufak Taneli Dip Bal\u0131k Yemi - 3.6LT - Anadolu Pet Grup\" \/>\n<meta property=\"og:description\" content=\"Tetra WaferMix, \u00f6zellikle akvaryum zemininde ya\u015fayan ve beslenen; vatoz, \u00e7\u00f6p\u00e7\u00fc ve makrakanta t\u00fcr\u00fc bal\u0131klar\u0131n yan\u0131 s\u0131ra karides, kerevit gibi eklem bacakl\u0131lar\u0131n da beslenme ihtiya\u00e7lar\u0131na cevap verebilmek ad\u0131na \u00fcretilmi\u015f y\u00fcksek kaliteli minik tabletler \u015feklinde tasarlanm\u0131\u015f ana besin yemidir. Detaylar; *Tetra WaferMix, i\u00e7erdi\u011fi spirulina sayesinde bal\u0131klar\u0131n\u0131z\u0131n hastal\u0131klara kar\u015f\u0131 diren\u00e7li olmalar\u0131na yard\u0131mc\u0131 olur. *Tetra WaferMix, \u00fcretimi s\u0131ras\u0131nda d\u00fc\u015f\u00fck \u0131s\u0131 y\u00f6ntemi kullan\u0131lmas\u0131 sayesinde i\u00e7erdi\u011fi vitamin ve besin de\u011ferleri en y\u00fcksek oranda korunmu\u015ftur. *Y\u00fcksek sindirilebilirli\u011fi sayesinde, akvaryum suyunuz \u00e7ok daha az kirlenir. Miktar; 3,6 Lt\" \/>\n<meta property=\"og:url\" content=\"https:\/\/anadolupet.com.tr\/en\/product\/tetra-wafermix-mini-ufak-taneli-dip-balik-yemi-3-6lt\/\" \/>\n<meta property=\"og:site_name\" content=\"Anadolu Pet Grup\" \/>\n<meta property=\"article:modified_time\" content=\"2026-02-23T16:49:27+00:00\" \/>\n<meta property=\"og:image\" content=\"https:\/\/anadolupet.com.tr\/wp-content\/uploads\/2026\/02\/400-708738.jpg\" \/>\n\t<meta property=\"og:image:width\" content=\"750\" \/>\n\t<meta property=\"og:image:height\" content=\"750\" \/>\n\t<meta property=\"og:image:type\" content=\"image\/jpeg\" \/>\n<meta name=\"twitter:card\" content=\"summary_large_image\" \/>\n<script type=\"application\/ld+json\" class=\"yoast-schema-graph\">{\"@context\":\"https:\\\/\\\/schema.org\",\"@graph\":[{\"@type\":\"WebPage\",\"@id\":\"https:\\\/\\\/anadolupet.com.tr\\\/en\\\/product\\\/tetra-wafermix-mini-ufak-taneli-dip-balik-yemi-3-6lt\\\/\",\"url\":\"https:\\\/\\\/anadolupet.com.tr\\\/en\\\/product\\\/tetra-wafermix-mini-ufak-taneli-dip-balik-yemi-3-6lt\\\/\",\"name\":\"Tetra Wafermix Mini Ufak Taneli Dip Bal\u0131k Yemi - 3.6LT - Anadolu Pet Grup\",\"isPartOf\":{\"@id\":\"https:\\\/\\\/anadolupet.com.tr\\\/#website\"},\"primaryImageOfPage\":{\"@id\":\"https:\\\/\\\/anadolupet.com.tr\\\/en\\\/product\\\/tetra-wafermix-mini-ufak-taneli-dip-balik-yemi-3-6lt\\\/#primaryimage\"},\"image\":{\"@id\":\"https:\\\/\\\/anadolupet.com.tr\\\/en\\\/product\\\/tetra-wafermix-mini-ufak-taneli-dip-balik-yemi-3-6lt\\\/#primaryimage\"},\"thumbnailUrl\":\"https:\\\/\\\/anadolupet.com.tr\\\/wp-content\\\/uploads\\\/2026\\\/02\\\/400-708738.jpg\",\"datePublished\":\"2026-02-14T14:46:38+00:00\",\"dateModified\":\"2026-02-23T16:49:27+00:00\",\"breadcrumb\":{\"@id\":\"https:\\\/\\\/anadolupet.com.tr\\\/en\\\/product\\\/tetra-wafermix-mini-ufak-taneli-dip-balik-yemi-3-6lt\\\/#breadcrumb\"},\"inLanguage\":\"en-US\",\"potentialAction\":[{\"@type\":\"ReadAction\",\"target\":[\"https:\\\/\\\/anadolupet.com.tr\\\/en\\\/product\\\/tetra-wafermix-mini-ufak-taneli-dip-balik-yemi-3-6lt\\\/\"]}]},{\"@type\":\"ImageObject\",\"inLanguage\":\"en-US\",\"@id\":\"https:\\\/\\\/anadolupet.com.tr\\\/en\\\/product\\\/tetra-wafermix-mini-ufak-taneli-dip-balik-yemi-3-6lt\\\/#primaryimage\",\"url\":\"https:\\\/\\\/anadolupet.com.tr\\\/wp-content\\\/uploads\\\/2026\\\/02\\\/400-708738.jpg\",\"contentUrl\":\"https:\\\/\\\/anadolupet.com.tr\\\/wp-content\\\/uploads\\\/2026\\\/02\\\/400-708738.jpg\",\"width\":750,\"height\":750},{\"@type\":\"BreadcrumbList\",\"@id\":\"https:\\\/\\\/anadolupet.com.tr\\\/en\\\/product\\\/tetra-wafermix-mini-ufak-taneli-dip-balik-yemi-3-6lt\\\/#breadcrumb\",\"itemListElement\":[{\"@type\":\"ListItem\",\"position\":1,\"name\":\"Anasayfa\",\"item\":\"https:\\\/\\\/anadolupet.com.tr\\\/\"},{\"@type\":\"ListItem\",\"position\":2,\"name\":\"\u00dcr\u00fcnler\",\"item\":\"https:\\\/\\\/anadolupet.com.tr\\\/urunler\\\/\"},{\"@type\":\"ListItem\",\"position\":3,\"name\":\"Tetra Wafermix Mini Ufak Taneli Dip Bal\u0131k Yemi &#8211; 3.6LT\"}]},{\"@type\":\"WebSite\",\"@id\":\"https:\\\/\\\/anadolupet.com.tr\\\/#website\",\"url\":\"https:\\\/\\\/anadolupet.com.tr\\\/\",\"name\":\"Anadolu Pet Grup\",\"description\":\"Her Can\u0131n \u0130yi Ya\u015fam\u0131 \u0130\u00e7in Biraraday\u0131z\",\"publisher\":{\"@id\":\"https:\\\/\\\/anadolupet.com.tr\\\/#organization\"},\"potentialAction\":[{\"@type\":\"SearchAction\",\"target\":{\"@type\":\"EntryPoint\",\"urlTemplate\":\"https:\\\/\\\/anadolupet.com.tr\\\/?s={search_term_string}\"},\"query-input\":{\"@type\":\"PropertyValueSpecification\",\"valueRequired\":true,\"valueName\":\"search_term_string\"}}],\"inLanguage\":\"en-US\"},{\"@type\":\"Organization\",\"@id\":\"https:\\\/\\\/anadolupet.com.tr\\\/#organization\",\"name\":\"Anadolu Pet Grup\",\"alternateName\":\"Anadolu Pet\",\"url\":\"https:\\\/\\\/anadolupet.com.tr\\\/\",\"logo\":{\"@type\":\"ImageObject\",\"inLanguage\":\"en-US\",\"@id\":\"https:\\\/\\\/anadolupet.com.tr\\\/#\\\/schema\\\/logo\\\/image\\\/\",\"url\":\"https:\\\/\\\/anadolupet.com.tr\\\/wp-content\\\/uploads\\\/2026\\\/03\\\/1614666743370.jpg\",\"contentUrl\":\"https:\\\/\\\/anadolupet.com.tr\\\/wp-content\\\/uploads\\\/2026\\\/03\\\/1614666743370.jpg\",\"width\":800,\"height\":571,\"caption\":\"Anadolu Pet Grup\"},\"image\":{\"@id\":\"https:\\\/\\\/anadolupet.com.tr\\\/#\\\/schema\\\/logo\\\/image\\\/\"}}]}<\/script>\n<!-- \/ Yoast SEO plugin. -->","yoast_head_json":{"title":"Tetra Wafermix Mini Ufak Taneli Dip Bal\u0131k Yemi - 3.6LT - Anadolu Pet Grup","robots":{"index":"index","follow":"follow","max-snippet":"max-snippet:-1","max-image-preview":"max-image-preview:large","max-video-preview":"max-video-preview:-1"},"canonical":"https:\/\/anadolupet.com.tr\/en\/product\/tetra-wafermix-mini-ufak-taneli-dip-balik-yemi-3-6lt\/","og_locale":"en_US","og_type":"article","og_title":"Tetra Wafermix Mini Ufak Taneli Dip Bal\u0131k Yemi - 3.6LT - Anadolu Pet Grup","og_description":"Tetra WaferMix, \u00f6zellikle akvaryum zemininde ya\u015fayan ve beslenen; vatoz, \u00e7\u00f6p\u00e7\u00fc ve makrakanta t\u00fcr\u00fc bal\u0131klar\u0131n yan\u0131 s\u0131ra karides, kerevit gibi eklem bacakl\u0131lar\u0131n da beslenme ihtiya\u00e7lar\u0131na cevap verebilmek ad\u0131na \u00fcretilmi\u015f y\u00fcksek kaliteli minik tabletler \u015feklinde tasarlanm\u0131\u015f ana besin yemidir. Detaylar; *Tetra WaferMix, i\u00e7erdi\u011fi spirulina sayesinde bal\u0131klar\u0131n\u0131z\u0131n hastal\u0131klara kar\u015f\u0131 diren\u00e7li olmalar\u0131na yard\u0131mc\u0131 olur. *Tetra WaferMix, \u00fcretimi s\u0131ras\u0131nda d\u00fc\u015f\u00fck \u0131s\u0131 y\u00f6ntemi kullan\u0131lmas\u0131 sayesinde i\u00e7erdi\u011fi vitamin ve besin de\u011ferleri en y\u00fcksek oranda korunmu\u015ftur. *Y\u00fcksek sindirilebilirli\u011fi sayesinde, akvaryum suyunuz \u00e7ok daha az kirlenir. Miktar; 3,6 Lt","og_url":"https:\/\/anadolupet.com.tr\/en\/product\/tetra-wafermix-mini-ufak-taneli-dip-balik-yemi-3-6lt\/","og_site_name":"Anadolu Pet Grup","article_modified_time":"2026-02-23T16:49:27+00:00","og_image":[{"width":750,"height":750,"url":"https:\/\/anadolupet.com.tr\/wp-content\/uploads\/2026\/02\/400-708738.jpg","type":"image\/jpeg"}],"twitter_card":"summary_large_image","schema":{"@context":"https:\/\/schema.org","@graph":[{"@type":"WebPage","@id":"https:\/\/anadolupet.com.tr\/en\/product\/tetra-wafermix-mini-ufak-taneli-dip-balik-yemi-3-6lt\/","url":"https:\/\/anadolupet.com.tr\/en\/product\/tetra-wafermix-mini-ufak-taneli-dip-balik-yemi-3-6lt\/","name":"Tetra Wafermix Mini Ufak Taneli Dip Bal\u0131k Yemi - 3.6LT - Anadolu Pet Grup","isPartOf":{"@id":"https:\/\/anadolupet.com.tr\/#website"},"primaryImageOfPage":{"@id":"https:\/\/anadolupet.com.tr\/en\/product\/tetra-wafermix-mini-ufak-taneli-dip-balik-yemi-3-6lt\/#primaryimage"},"image":{"@id":"https:\/\/anadolupet.com.tr\/en\/product\/tetra-wafermix-mini-ufak-taneli-dip-balik-yemi-3-6lt\/#primaryimage"},"thumbnailUrl":"https:\/\/anadolupet.com.tr\/wp-content\/uploads\/2026\/02\/400-708738.jpg","datePublished":"2026-02-14T14:46:38+00:00","dateModified":"2026-02-23T16:49:27+00:00","breadcrumb":{"@id":"https:\/\/anadolupet.com.tr\/en\/product\/tetra-wafermix-mini-ufak-taneli-dip-balik-yemi-3-6lt\/#breadcrumb"},"inLanguage":"en-US","potentialAction":[{"@type":"ReadAction","target":["https:\/\/anadolupet.com.tr\/en\/product\/tetra-wafermix-mini-ufak-taneli-dip-balik-yemi-3-6lt\/"]}]},{"@type":"ImageObject","inLanguage":"en-US","@id":"https:\/\/anadolupet.com.tr\/en\/product\/tetra-wafermix-mini-ufak-taneli-dip-balik-yemi-3-6lt\/#primaryimage","url":"https:\/\/anadolupet.com.tr\/wp-content\/uploads\/2026\/02\/400-708738.jpg","contentUrl":"https:\/\/anadolupet.com.tr\/wp-content\/uploads\/2026\/02\/400-708738.jpg","width":750,"height":750},{"@type":"BreadcrumbList","@id":"https:\/\/anadolupet.com.tr\/en\/product\/tetra-wafermix-mini-ufak-taneli-dip-balik-yemi-3-6lt\/#breadcrumb","itemListElement":[{"@type":"ListItem","position":1,"name":"Anasayfa","item":"https:\/\/anadolupet.com.tr\/"},{"@type":"ListItem","position":2,"name":"\u00dcr\u00fcnler","item":"https:\/\/anadolupet.com.tr\/urunler\/"},{"@type":"ListItem","position":3,"name":"Tetra Wafermix Mini Ufak Taneli Dip Bal\u0131k Yemi &#8211; 3.6LT"}]},{"@type":"WebSite","@id":"https:\/\/anadolupet.com.tr\/#website","url":"https:\/\/anadolupet.com.tr\/","name":"Anadolu Pet Group","description":"We Stand Together for the Well-Being of Every Life","publisher":{"@id":"https:\/\/anadolupet.com.tr\/#organization"},"potentialAction":[{"@type":"SearchAction","target":{"@type":"EntryPoint","urlTemplate":"https:\/\/anadolupet.com.tr\/?s={search_term_string}"},"query-input":{"@type":"PropertyValueSpecification","valueRequired":true,"valueName":"search_term_string"}}],"inLanguage":"en-US"},{"@type":"Organization","@id":"https:\/\/anadolupet.com.tr\/#organization","name":"Anadolu Pet Group","alternateName":"Anadolu Pet","url":"https:\/\/anadolupet.com.tr\/","logo":{"@type":"ImageObject","inLanguage":"en-US","@id":"https:\/\/anadolupet.com.tr\/#\/schema\/logo\/image\/","url":"https:\/\/anadolupet.com.tr\/wp-content\/uploads\/2026\/03\/1614666743370.jpg","contentUrl":"https:\/\/anadolupet.com.tr\/wp-content\/uploads\/2026\/03\/1614666743370.jpg","width":800,"height":571,"caption":"Anadolu Pet Grup"},"image":{"@id":"https:\/\/anadolupet.com.tr\/#\/schema\/logo\/image\/"}}]}},"_links":{"self":[{"href":"https:\/\/anadolupet.com.tr\/en\/wp-json\/wp\/v2\/product\/46405","targetHints":{"allow":["GET"]}}],"collection":[{"href":"https:\/\/anadolupet.com.tr\/en\/wp-json\/wp\/v2\/product"}],"about":[{"href":"https:\/\/anadolupet.com.tr\/en\/wp-json\/wp\/v2\/types\/product"}],"replies":[{"embeddable":true,"href":"https:\/\/anadolupet.com.tr\/en\/wp-json\/wp\/v2\/comments?post=46405"}],"wp:featuredmedia":[{"embeddable":true,"href":"https:\/\/anadolupet.com.tr\/en\/wp-json\/wp\/v2\/media\/47075"}],"wp:attachment":[{"href":"https:\/\/anadolupet.com.tr\/en\/wp-json\/wp\/v2\/media?parent=46405"}],"wp:term":[{"taxonomy":"product_brand","embeddable":true,"href":"https:\/\/anadolupet.com.tr\/en\/wp-json\/wp\/v2\/product_brand?post=46405"},{"taxonomy":"product_cat","embeddable":true,"href":"https:\/\/anadolupet.com.tr\/en\/wp-json\/wp\/v2\/product_cat?post=46405"},{"taxonomy":"product_tag","embeddable":true,"href":"https:\/\/anadolupet.com.tr\/en\/wp-json\/wp\/v2\/product_tag?post=46405"}],"curies":[{"name":"wp","href":"https:\/\/api.w.org\/{rel}","templated":true}]}}