{"id":46408,"date":"2026-02-14T14:46:41","date_gmt":"2026-02-14T14:46:41","guid":{"rendered":"https:\/\/anadolupet.com.tr\/urun\/tetra-th-dijital-thermometre\/"},"modified":"2026-02-23T16:49:28","modified_gmt":"2026-02-23T16:49:28","slug":"tetra-th-dijital-thermometre","status":"publish","type":"product","link":"https:\/\/anadolupet.com.tr\/en\/urun\/tetra-th-dijital-thermometre\/","title":{"rendered":"Tetra TH Dijital Thermometre"},"content":{"rendered":"","protected":false},"excerpt":{"rendered":"<p>Tetra TH Dijital Termometre, akvaryum suyunun s\u0131cakl\u0131\u011f\u0131n\u0131 kolay, g\u00fcvenli ve hassas \u015fekilde \u00f6l\u00e7mek i\u00e7in tasarlanm\u0131\u015ft\u0131r. Akvaryum d\u0131\u015f\u0131na monte edilir ve sens\u00f6r ile kablo, iki adet vantuz sayesinde cam y\u00fczeye sabitlenebilir. 95 cm ekstra uzun kablosu ile kullan\u0131m kolayl\u0131\u011f\u0131 sa\u011flar.<br \/>\n-10\u00b0C ile +50\u00b0C aras\u0131 s\u0131cakl\u0131k \u00f6l\u00e7\u00fcm\u00fc yapar.<br \/>\nSet i\u00e7erisinde 158 mAh LR44 alkalin mangan pil bulunur.<br \/>\nT\u00fcm akvaryum boyutlar\u0131 i\u00e7in uygundur ve pratik kurulumu sayesinde kullan\u0131c\u0131 dostudur.<br \/>\n\u00d6ne \u00c7\u0131kan \u00d6zellikler<br \/>\nD\u0131\u015ftan Montaj: Akvaryum d\u0131\u015f\u0131na kolayca yerle\u015ftirilebilir.<br \/>\nG\u00fcvenli Sabitleme: \u0130ki vantuz ile sens\u00f6r ve kabloyu cama sabitleme imk\u00e2n\u0131.<br \/>\nUzun Kablo: 95 cm kablo ile esnek kullan\u0131m.<br \/>\nGeni\u015f \u00d6l\u00e7\u00fcm Aral\u0131\u011f\u0131: -10\u00b0C ile +50\u00b0C aras\u0131nda hassas s\u0131cakl\u0131k \u00f6l\u00e7\u00fcm\u00fc.<br \/>\nTam Set: LR44 pil dahildir.<br \/>\nUygunluk: T\u00fcm akvaryum boyutlar\u0131 i\u00e7in ideal.<br \/>\nKolay ve G\u00fcvenli Kullan\u0131m: Su s\u0131cakl\u0131\u011f\u0131n\u0131 pratik \u015fekilde takip etmenizi sa\u011flar.<\/p>","protected":false},"featured_media":47224,"comment_status":"open","ping_status":"closed","template":"","meta":{"_acf_changed":false},"product_brand":[],"product_cat":[2415],"product_tag":[],"class_list":{"0":"post-46408","1":"product","2":"type-product","3":"status-publish","4":"has-post-thumbnail","6":"product_cat-tatil-yemleri","8":"first","9":"instock","10":"shipping-taxable","11":"product-type-simple"},"acf":[],"yoast_head":"<!-- This site is optimized with the Yoast SEO plugin v27.5 - https:\/\/yoast.com\/product\/yoast-seo-wordpress\/ -->\n<title>Tetra TH Dijital Thermometre - Anadolu Pet Grup<\/title>\n<meta name=\"robots\" content=\"index, follow, max-snippet:-1, max-image-preview:large, max-video-preview:-1\" \/>\n<link rel=\"canonical\" href=\"https:\/\/anadolupet.com.tr\/en\/product\/tetra-th-dijital-thermometre\/\" \/>\n<meta property=\"og:locale\" content=\"en_US\" \/>\n<meta property=\"og:type\" content=\"article\" \/>\n<meta property=\"og:title\" content=\"Tetra TH Dijital Thermometre - Anadolu Pet Grup\" \/>\n<meta property=\"og:description\" content=\"Tetra TH Dijital Termometre, akvaryum suyunun s\u0131cakl\u0131\u011f\u0131n\u0131 kolay, g\u00fcvenli ve hassas \u015fekilde \u00f6l\u00e7mek i\u00e7in tasarlanm\u0131\u015ft\u0131r. Akvaryum d\u0131\u015f\u0131na monte edilir ve sens\u00f6r ile kablo, iki adet vantuz sayesinde cam y\u00fczeye sabitlenebilir. 95 cm ekstra uzun kablosu ile kullan\u0131m kolayl\u0131\u011f\u0131 sa\u011flar. -10\u00b0C ile +50\u00b0C aras\u0131 s\u0131cakl\u0131k \u00f6l\u00e7\u00fcm\u00fc yapar. Set i\u00e7erisinde 158 mAh LR44 alkalin mangan pil bulunur. T\u00fcm akvaryum boyutlar\u0131 i\u00e7in uygundur ve pratik kurulumu sayesinde kullan\u0131c\u0131 dostudur. \u00d6ne \u00c7\u0131kan \u00d6zellikler D\u0131\u015ftan Montaj: Akvaryum d\u0131\u015f\u0131na kolayca yerle\u015ftirilebilir. G\u00fcvenli Sabitleme: \u0130ki vantuz ile sens\u00f6r ve kabloyu cama sabitleme imk\u00e2n\u0131. Uzun Kablo: 95 cm kablo ile esnek kullan\u0131m. Geni\u015f \u00d6l\u00e7\u00fcm Aral\u0131\u011f\u0131: -10\u00b0C ile +50\u00b0C aras\u0131nda hassas s\u0131cakl\u0131k \u00f6l\u00e7\u00fcm\u00fc. Tam Set: LR44 pil dahildir. Uygunluk: T\u00fcm akvaryum boyutlar\u0131 i\u00e7in ideal. Kolay ve G\u00fcvenli Kullan\u0131m: Su s\u0131cakl\u0131\u011f\u0131n\u0131 pratik \u015fekilde takip etmenizi sa\u011flar.\" \/>\n<meta property=\"og:url\" content=\"https:\/\/anadolupet.com.tr\/en\/product\/tetra-th-dijital-thermometre\/\" \/>\n<meta property=\"og:site_name\" content=\"Anadolu Pet Grup\" \/>\n<meta property=\"article:modified_time\" content=\"2026-02-23T16:49:28+00:00\" \/>\n<meta property=\"og:image\" content=\"https:\/\/anadolupet.com.tr\/wp-content\/uploads\/2026\/02\/402-709014.jpg\" \/>\n\t<meta property=\"og:image:width\" content=\"750\" \/>\n\t<meta property=\"og:image:height\" content=\"750\" \/>\n\t<meta property=\"og:image:type\" content=\"image\/jpeg\" \/>\n<meta name=\"twitter:card\" content=\"summary_large_image\" \/>\n<script type=\"application\/ld+json\" class=\"yoast-schema-graph\">{\"@context\":\"https:\\\/\\\/schema.org\",\"@graph\":[{\"@type\":\"WebPage\",\"@id\":\"https:\\\/\\\/anadolupet.com.tr\\\/urun\\\/tetra-th-dijital-thermometre\\\/\",\"url\":\"https:\\\/\\\/anadolupet.com.tr\\\/urun\\\/tetra-th-dijital-thermometre\\\/\",\"name\":\"Tetra TH Dijital Thermometre - Anadolu Pet Grup\",\"isPartOf\":{\"@id\":\"https:\\\/\\\/anadolupet.com.tr\\\/#website\"},\"primaryImageOfPage\":{\"@id\":\"https:\\\/\\\/anadolupet.com.tr\\\/urun\\\/tetra-th-dijital-thermometre\\\/#primaryimage\"},\"image\":{\"@id\":\"https:\\\/\\\/anadolupet.com.tr\\\/urun\\\/tetra-th-dijital-thermometre\\\/#primaryimage\"},\"thumbnailUrl\":\"https:\\\/\\\/anadolupet.com.tr\\\/wp-content\\\/uploads\\\/2026\\\/02\\\/402-709014.jpg\",\"datePublished\":\"2026-02-14T14:46:41+00:00\",\"dateModified\":\"2026-02-23T16:49:28+00:00\",\"breadcrumb\":{\"@id\":\"https:\\\/\\\/anadolupet.com.tr\\\/urun\\\/tetra-th-dijital-thermometre\\\/#breadcrumb\"},\"inLanguage\":\"en-US\",\"potentialAction\":[{\"@type\":\"ReadAction\",\"target\":[\"https:\\\/\\\/anadolupet.com.tr\\\/urun\\\/tetra-th-dijital-thermometre\\\/\"]}]},{\"@type\":\"ImageObject\",\"inLanguage\":\"en-US\",\"@id\":\"https:\\\/\\\/anadolupet.com.tr\\\/urun\\\/tetra-th-dijital-thermometre\\\/#primaryimage\",\"url\":\"https:\\\/\\\/anadolupet.com.tr\\\/wp-content\\\/uploads\\\/2026\\\/02\\\/402-709014.jpg\",\"contentUrl\":\"https:\\\/\\\/anadolupet.com.tr\\\/wp-content\\\/uploads\\\/2026\\\/02\\\/402-709014.jpg\",\"width\":750,\"height\":750},{\"@type\":\"BreadcrumbList\",\"@id\":\"https:\\\/\\\/anadolupet.com.tr\\\/urun\\\/tetra-th-dijital-thermometre\\\/#breadcrumb\",\"itemListElement\":[{\"@type\":\"ListItem\",\"position\":1,\"name\":\"Anasayfa\",\"item\":\"https:\\\/\\\/anadolupet.com.tr\\\/\"},{\"@type\":\"ListItem\",\"position\":2,\"name\":\"\u00dcr\u00fcnler\",\"item\":\"https:\\\/\\\/anadolupet.com.tr\\\/urunler\\\/\"},{\"@type\":\"ListItem\",\"position\":3,\"name\":\"Tetra TH Dijital Thermometre\"}]},{\"@type\":\"WebSite\",\"@id\":\"https:\\\/\\\/anadolupet.com.tr\\\/#website\",\"url\":\"https:\\\/\\\/anadolupet.com.tr\\\/\",\"name\":\"Anadolu Pet Grup\",\"description\":\"Her Can\u0131n \u0130yi Ya\u015fam\u0131 \u0130\u00e7in Biraraday\u0131z\",\"publisher\":{\"@id\":\"https:\\\/\\\/anadolupet.com.tr\\\/#organization\"},\"potentialAction\":[{\"@type\":\"SearchAction\",\"target\":{\"@type\":\"EntryPoint\",\"urlTemplate\":\"https:\\\/\\\/anadolupet.com.tr\\\/?s={search_term_string}\"},\"query-input\":{\"@type\":\"PropertyValueSpecification\",\"valueRequired\":true,\"valueName\":\"search_term_string\"}}],\"inLanguage\":\"en-US\"},{\"@type\":\"Organization\",\"@id\":\"https:\\\/\\\/anadolupet.com.tr\\\/#organization\",\"name\":\"Anadolu Pet Grup\",\"alternateName\":\"Anadolu Pet\",\"url\":\"https:\\\/\\\/anadolupet.com.tr\\\/\",\"logo\":{\"@type\":\"ImageObject\",\"inLanguage\":\"en-US\",\"@id\":\"https:\\\/\\\/anadolupet.com.tr\\\/#\\\/schema\\\/logo\\\/image\\\/\",\"url\":\"https:\\\/\\\/anadolupet.com.tr\\\/wp-content\\\/uploads\\\/2026\\\/03\\\/1614666743370.jpg\",\"contentUrl\":\"https:\\\/\\\/anadolupet.com.tr\\\/wp-content\\\/uploads\\\/2026\\\/03\\\/1614666743370.jpg\",\"width\":800,\"height\":571,\"caption\":\"Anadolu Pet Grup\"},\"image\":{\"@id\":\"https:\\\/\\\/anadolupet.com.tr\\\/#\\\/schema\\\/logo\\\/image\\\/\"}}]}<\/script>\n<!-- \/ Yoast SEO plugin. -->","yoast_head_json":{"title":"Tetra TH Dijital Thermometre - Anadolu Pet Grup","robots":{"index":"index","follow":"follow","max-snippet":"max-snippet:-1","max-image-preview":"max-image-preview:large","max-video-preview":"max-video-preview:-1"},"canonical":"https:\/\/anadolupet.com.tr\/en\/product\/tetra-th-dijital-thermometre\/","og_locale":"en_US","og_type":"article","og_title":"Tetra TH Dijital Thermometre - Anadolu Pet Grup","og_description":"Tetra TH Dijital Termometre, akvaryum suyunun s\u0131cakl\u0131\u011f\u0131n\u0131 kolay, g\u00fcvenli ve hassas \u015fekilde \u00f6l\u00e7mek i\u00e7in tasarlanm\u0131\u015ft\u0131r. Akvaryum d\u0131\u015f\u0131na monte edilir ve sens\u00f6r ile kablo, iki adet vantuz sayesinde cam y\u00fczeye sabitlenebilir. 95 cm ekstra uzun kablosu ile kullan\u0131m kolayl\u0131\u011f\u0131 sa\u011flar. -10\u00b0C ile +50\u00b0C aras\u0131 s\u0131cakl\u0131k \u00f6l\u00e7\u00fcm\u00fc yapar. Set i\u00e7erisinde 158 mAh LR44 alkalin mangan pil bulunur. T\u00fcm akvaryum boyutlar\u0131 i\u00e7in uygundur ve pratik kurulumu sayesinde kullan\u0131c\u0131 dostudur. \u00d6ne \u00c7\u0131kan \u00d6zellikler D\u0131\u015ftan Montaj: Akvaryum d\u0131\u015f\u0131na kolayca yerle\u015ftirilebilir. G\u00fcvenli Sabitleme: \u0130ki vantuz ile sens\u00f6r ve kabloyu cama sabitleme imk\u00e2n\u0131. Uzun Kablo: 95 cm kablo ile esnek kullan\u0131m. Geni\u015f \u00d6l\u00e7\u00fcm Aral\u0131\u011f\u0131: -10\u00b0C ile +50\u00b0C aras\u0131nda hassas s\u0131cakl\u0131k \u00f6l\u00e7\u00fcm\u00fc. Tam Set: LR44 pil dahildir. Uygunluk: T\u00fcm akvaryum boyutlar\u0131 i\u00e7in ideal. Kolay ve G\u00fcvenli Kullan\u0131m: Su s\u0131cakl\u0131\u011f\u0131n\u0131 pratik \u015fekilde takip etmenizi sa\u011flar.","og_url":"https:\/\/anadolupet.com.tr\/en\/product\/tetra-th-dijital-thermometre\/","og_site_name":"Anadolu Pet Grup","article_modified_time":"2026-02-23T16:49:28+00:00","og_image":[{"width":750,"height":750,"url":"https:\/\/anadolupet.com.tr\/wp-content\/uploads\/2026\/02\/402-709014.jpg","type":"image\/jpeg"}],"twitter_card":"summary_large_image","schema":{"@context":"https:\/\/schema.org","@graph":[{"@type":"WebPage","@id":"https:\/\/anadolupet.com.tr\/urun\/tetra-th-dijital-thermometre\/","url":"https:\/\/anadolupet.com.tr\/urun\/tetra-th-dijital-thermometre\/","name":"Tetra TH Dijital Thermometre - Anadolu Pet Grup","isPartOf":{"@id":"https:\/\/anadolupet.com.tr\/#website"},"primaryImageOfPage":{"@id":"https:\/\/anadolupet.com.tr\/urun\/tetra-th-dijital-thermometre\/#primaryimage"},"image":{"@id":"https:\/\/anadolupet.com.tr\/urun\/tetra-th-dijital-thermometre\/#primaryimage"},"thumbnailUrl":"https:\/\/anadolupet.com.tr\/wp-content\/uploads\/2026\/02\/402-709014.jpg","datePublished":"2026-02-14T14:46:41+00:00","dateModified":"2026-02-23T16:49:28+00:00","breadcrumb":{"@id":"https:\/\/anadolupet.com.tr\/urun\/tetra-th-dijital-thermometre\/#breadcrumb"},"inLanguage":"en-US","potentialAction":[{"@type":"ReadAction","target":["https:\/\/anadolupet.com.tr\/urun\/tetra-th-dijital-thermometre\/"]}]},{"@type":"ImageObject","inLanguage":"en-US","@id":"https:\/\/anadolupet.com.tr\/urun\/tetra-th-dijital-thermometre\/#primaryimage","url":"https:\/\/anadolupet.com.tr\/wp-content\/uploads\/2026\/02\/402-709014.jpg","contentUrl":"https:\/\/anadolupet.com.tr\/wp-content\/uploads\/2026\/02\/402-709014.jpg","width":750,"height":750},{"@type":"BreadcrumbList","@id":"https:\/\/anadolupet.com.tr\/urun\/tetra-th-dijital-thermometre\/#breadcrumb","itemListElement":[{"@type":"ListItem","position":1,"name":"Anasayfa","item":"https:\/\/anadolupet.com.tr\/"},{"@type":"ListItem","position":2,"name":"\u00dcr\u00fcnler","item":"https:\/\/anadolupet.com.tr\/urunler\/"},{"@type":"ListItem","position":3,"name":"Tetra TH Dijital Thermometre"}]},{"@type":"WebSite","@id":"https:\/\/anadolupet.com.tr\/#website","url":"https:\/\/anadolupet.com.tr\/","name":"Anadolu Pet Group","description":"We Stand Together for the Well-Being of Every Life","publisher":{"@id":"https:\/\/anadolupet.com.tr\/#organization"},"potentialAction":[{"@type":"SearchAction","target":{"@type":"EntryPoint","urlTemplate":"https:\/\/anadolupet.com.tr\/?s={search_term_string}"},"query-input":{"@type":"PropertyValueSpecification","valueRequired":true,"valueName":"search_term_string"}}],"inLanguage":"en-US"},{"@type":"Organization","@id":"https:\/\/anadolupet.com.tr\/#organization","name":"Anadolu Pet Group","alternateName":"Anadolu Pet","url":"https:\/\/anadolupet.com.tr\/","logo":{"@type":"ImageObject","inLanguage":"en-US","@id":"https:\/\/anadolupet.com.tr\/#\/schema\/logo\/image\/","url":"https:\/\/anadolupet.com.tr\/wp-content\/uploads\/2026\/03\/1614666743370.jpg","contentUrl":"https:\/\/anadolupet.com.tr\/wp-content\/uploads\/2026\/03\/1614666743370.jpg","width":800,"height":571,"caption":"Anadolu Pet Grup"},"image":{"@id":"https:\/\/anadolupet.com.tr\/#\/schema\/logo\/image\/"}}]}},"_links":{"self":[{"href":"https:\/\/anadolupet.com.tr\/en\/wp-json\/wp\/v2\/product\/46408","targetHints":{"allow":["GET"]}}],"collection":[{"href":"https:\/\/anadolupet.com.tr\/en\/wp-json\/wp\/v2\/product"}],"about":[{"href":"https:\/\/anadolupet.com.tr\/en\/wp-json\/wp\/v2\/types\/product"}],"replies":[{"embeddable":true,"href":"https:\/\/anadolupet.com.tr\/en\/wp-json\/wp\/v2\/comments?post=46408"}],"wp:featuredmedia":[{"embeddable":true,"href":"https:\/\/anadolupet.com.tr\/en\/wp-json\/wp\/v2\/media\/47224"}],"wp:attachment":[{"href":"https:\/\/anadolupet.com.tr\/en\/wp-json\/wp\/v2\/media?parent=46408"}],"wp:term":[{"taxonomy":"product_brand","embeddable":true,"href":"https:\/\/anadolupet.com.tr\/en\/wp-json\/wp\/v2\/product_brand?post=46408"},{"taxonomy":"product_cat","embeddable":true,"href":"https:\/\/anadolupet.com.tr\/en\/wp-json\/wp\/v2\/product_cat?post=46408"},{"taxonomy":"product_tag","embeddable":true,"href":"https:\/\/anadolupet.com.tr\/en\/wp-json\/wp\/v2\/product_tag?post=46408"}],"curies":[{"name":"wp","href":"https:\/\/api.w.org\/{rel}","templated":true}]}}