{"id":46409,"date":"2026-02-14T14:46:41","date_gmt":"2026-02-14T14:46:41","guid":{"rendered":"https:\/\/anadolupet.com.tr\/urun\/tetra-wafermix-dip-balik-yemi-100ml\/"},"modified":"2026-02-23T16:49:28","modified_gmt":"2026-02-23T16:49:28","slug":"tetra-wafermix-dip-balik-yemi-100ml","status":"publish","type":"product","link":"https:\/\/anadolupet.com.tr\/en\/urun\/tetra-wafermix-dip-balik-yemi-100ml\/","title":{"rendered":"Tetra Wafermix Dip Bal\u0131k Yemi &#8211; 100ML"},"content":{"rendered":"","protected":false},"excerpt":{"rendered":"<p>Tetra Wafer Mix 100ml \/ 48g<br \/>\nOptimize edilmi\u015f sa\u011fl\u0131k, canl\u0131 renkler ve y\u00fcksek enerji i\u00e7in \u00f6zel form\u00fcl.<br \/>\nDipten beslenen bal\u0131klar ve kabuklular i\u00e7in ideal beslenme deste\u011fi.<br \/>\nKarides i\u00e7eri\u011fi sayesinde sa\u011fl\u0131kl\u0131 b\u00fcy\u00fcmeyi destekler.<br \/>\nSpirulina yosunu ile ba\u011f\u0131\u015f\u0131kl\u0131k sistemini g\u00fc\u00e7lendirir.<br \/>\nSu bulan\u0131kl\u0131\u011f\u0131na neden olmaz, temiz ve berrak su sa\u011flar.<br \/>\nKolay t\u00fcketilen ve y\u00fcksek sindirilebilirlikteki yap\u0131s\u0131 ile su kalitesini korur.<br \/>\nBenzersiz tarif ve y\u00fcksek kaliteli i\u00e7erikler, renklendirici ve koruyucu katk\u0131 maddeleri olmadan optimum geli\u015fim sunar.<br \/>\nTetra Wafer Mix, dipten beslenen bal\u0131klar ve kabuklular i\u00e7in hem sa\u011fl\u0131kl\u0131 b\u00fcy\u00fcme hem de canl\u0131 renkler sa\u011flayan \u00fcst\u00fcn kaliteli yemdir.<\/p>","protected":false},"featured_media":47083,"comment_status":"open","ping_status":"closed","template":"","meta":{"_acf_changed":false},"product_brand":[],"product_cat":[2415],"product_tag":[],"class_list":{"0":"post-46409","1":"product","2":"type-product","3":"status-publish","4":"has-post-thumbnail","6":"product_cat-tatil-yemleri","8":"first","9":"instock","10":"shipping-taxable","11":"product-type-simple"},"acf":[],"yoast_head":"<!-- This site is optimized with the Yoast SEO plugin v27.5 - https:\/\/yoast.com\/product\/yoast-seo-wordpress\/ -->\n<title>Tetra Wafermix Dip Bal\u0131k Yemi - 100ML - Anadolu Pet Grup<\/title>\n<meta name=\"robots\" content=\"index, follow, max-snippet:-1, max-image-preview:large, max-video-preview:-1\" \/>\n<link rel=\"canonical\" href=\"https:\/\/anadolupet.com.tr\/en\/product\/tetra-wafermix-dip-balik-yemi-100ml\/\" \/>\n<meta property=\"og:locale\" content=\"en_US\" \/>\n<meta property=\"og:type\" content=\"article\" \/>\n<meta property=\"og:title\" content=\"Tetra Wafermix Dip Bal\u0131k Yemi - 100ML - Anadolu Pet Grup\" \/>\n<meta property=\"og:description\" content=\"Tetra Wafer Mix 100ml \/ 48g Optimize edilmi\u015f sa\u011fl\u0131k, canl\u0131 renkler ve y\u00fcksek enerji i\u00e7in \u00f6zel form\u00fcl. Dipten beslenen bal\u0131klar ve kabuklular i\u00e7in ideal beslenme deste\u011fi. Karides i\u00e7eri\u011fi sayesinde sa\u011fl\u0131kl\u0131 b\u00fcy\u00fcmeyi destekler. Spirulina yosunu ile ba\u011f\u0131\u015f\u0131kl\u0131k sistemini g\u00fc\u00e7lendirir. Su bulan\u0131kl\u0131\u011f\u0131na neden olmaz, temiz ve berrak su sa\u011flar. Kolay t\u00fcketilen ve y\u00fcksek sindirilebilirlikteki yap\u0131s\u0131 ile su kalitesini korur. Benzersiz tarif ve y\u00fcksek kaliteli i\u00e7erikler, renklendirici ve koruyucu katk\u0131 maddeleri olmadan optimum geli\u015fim sunar. Tetra Wafer Mix, dipten beslenen bal\u0131klar ve kabuklular i\u00e7in hem sa\u011fl\u0131kl\u0131 b\u00fcy\u00fcme hem de canl\u0131 renkler sa\u011flayan \u00fcst\u00fcn kaliteli yemdir.\" \/>\n<meta property=\"og:url\" content=\"https:\/\/anadolupet.com.tr\/en\/product\/tetra-wafermix-dip-balik-yemi-100ml\/\" \/>\n<meta property=\"og:site_name\" content=\"Anadolu Pet Grup\" \/>\n<meta property=\"article:modified_time\" content=\"2026-02-23T16:49:28+00:00\" \/>\n<meta property=\"og:image\" content=\"https:\/\/anadolupet.com.tr\/wp-content\/uploads\/2026\/02\/400-708905.jpg\" \/>\n\t<meta property=\"og:image:width\" content=\"750\" \/>\n\t<meta property=\"og:image:height\" content=\"750\" \/>\n\t<meta property=\"og:image:type\" content=\"image\/jpeg\" \/>\n<meta name=\"twitter:card\" content=\"summary_large_image\" \/>\n<script type=\"application\/ld+json\" class=\"yoast-schema-graph\">{\"@context\":\"https:\\\/\\\/schema.org\",\"@graph\":[{\"@type\":\"WebPage\",\"@id\":\"https:\\\/\\\/anadolupet.com.tr\\\/urun\\\/tetra-wafermix-dip-balik-yemi-100ml\\\/\",\"url\":\"https:\\\/\\\/anadolupet.com.tr\\\/urun\\\/tetra-wafermix-dip-balik-yemi-100ml\\\/\",\"name\":\"Tetra Wafermix Dip Bal\u0131k Yemi - 100ML - Anadolu Pet Grup\",\"isPartOf\":{\"@id\":\"https:\\\/\\\/anadolupet.com.tr\\\/#website\"},\"primaryImageOfPage\":{\"@id\":\"https:\\\/\\\/anadolupet.com.tr\\\/urun\\\/tetra-wafermix-dip-balik-yemi-100ml\\\/#primaryimage\"},\"image\":{\"@id\":\"https:\\\/\\\/anadolupet.com.tr\\\/urun\\\/tetra-wafermix-dip-balik-yemi-100ml\\\/#primaryimage\"},\"thumbnailUrl\":\"https:\\\/\\\/anadolupet.com.tr\\\/wp-content\\\/uploads\\\/2026\\\/02\\\/400-708905.jpg\",\"datePublished\":\"2026-02-14T14:46:41+00:00\",\"dateModified\":\"2026-02-23T16:49:28+00:00\",\"breadcrumb\":{\"@id\":\"https:\\\/\\\/anadolupet.com.tr\\\/urun\\\/tetra-wafermix-dip-balik-yemi-100ml\\\/#breadcrumb\"},\"inLanguage\":\"en-US\",\"potentialAction\":[{\"@type\":\"ReadAction\",\"target\":[\"https:\\\/\\\/anadolupet.com.tr\\\/urun\\\/tetra-wafermix-dip-balik-yemi-100ml\\\/\"]}]},{\"@type\":\"ImageObject\",\"inLanguage\":\"en-US\",\"@id\":\"https:\\\/\\\/anadolupet.com.tr\\\/urun\\\/tetra-wafermix-dip-balik-yemi-100ml\\\/#primaryimage\",\"url\":\"https:\\\/\\\/anadolupet.com.tr\\\/wp-content\\\/uploads\\\/2026\\\/02\\\/400-708905.jpg\",\"contentUrl\":\"https:\\\/\\\/anadolupet.com.tr\\\/wp-content\\\/uploads\\\/2026\\\/02\\\/400-708905.jpg\",\"width\":750,\"height\":750},{\"@type\":\"BreadcrumbList\",\"@id\":\"https:\\\/\\\/anadolupet.com.tr\\\/urun\\\/tetra-wafermix-dip-balik-yemi-100ml\\\/#breadcrumb\",\"itemListElement\":[{\"@type\":\"ListItem\",\"position\":1,\"name\":\"Anasayfa\",\"item\":\"https:\\\/\\\/anadolupet.com.tr\\\/\"},{\"@type\":\"ListItem\",\"position\":2,\"name\":\"\u00dcr\u00fcnler\",\"item\":\"https:\\\/\\\/anadolupet.com.tr\\\/urunler\\\/\"},{\"@type\":\"ListItem\",\"position\":3,\"name\":\"Tetra Wafermix Dip Bal\u0131k Yemi &#8211; 100ML\"}]},{\"@type\":\"WebSite\",\"@id\":\"https:\\\/\\\/anadolupet.com.tr\\\/#website\",\"url\":\"https:\\\/\\\/anadolupet.com.tr\\\/\",\"name\":\"Anadolu Pet Grup\",\"description\":\"Her Can\u0131n \u0130yi Ya\u015fam\u0131 \u0130\u00e7in Biraraday\u0131z\",\"publisher\":{\"@id\":\"https:\\\/\\\/anadolupet.com.tr\\\/#organization\"},\"potentialAction\":[{\"@type\":\"SearchAction\",\"target\":{\"@type\":\"EntryPoint\",\"urlTemplate\":\"https:\\\/\\\/anadolupet.com.tr\\\/?s={search_term_string}\"},\"query-input\":{\"@type\":\"PropertyValueSpecification\",\"valueRequired\":true,\"valueName\":\"search_term_string\"}}],\"inLanguage\":\"en-US\"},{\"@type\":\"Organization\",\"@id\":\"https:\\\/\\\/anadolupet.com.tr\\\/#organization\",\"name\":\"Anadolu Pet Grup\",\"alternateName\":\"Anadolu Pet\",\"url\":\"https:\\\/\\\/anadolupet.com.tr\\\/\",\"logo\":{\"@type\":\"ImageObject\",\"inLanguage\":\"en-US\",\"@id\":\"https:\\\/\\\/anadolupet.com.tr\\\/#\\\/schema\\\/logo\\\/image\\\/\",\"url\":\"https:\\\/\\\/anadolupet.com.tr\\\/wp-content\\\/uploads\\\/2026\\\/03\\\/1614666743370.jpg\",\"contentUrl\":\"https:\\\/\\\/anadolupet.com.tr\\\/wp-content\\\/uploads\\\/2026\\\/03\\\/1614666743370.jpg\",\"width\":800,\"height\":571,\"caption\":\"Anadolu Pet Grup\"},\"image\":{\"@id\":\"https:\\\/\\\/anadolupet.com.tr\\\/#\\\/schema\\\/logo\\\/image\\\/\"}}]}<\/script>\n<!-- \/ Yoast SEO plugin. -->","yoast_head_json":{"title":"Tetra Wafermix Dip Bal\u0131k Yemi - 100ML - Anadolu Pet Grup","robots":{"index":"index","follow":"follow","max-snippet":"max-snippet:-1","max-image-preview":"max-image-preview:large","max-video-preview":"max-video-preview:-1"},"canonical":"https:\/\/anadolupet.com.tr\/en\/product\/tetra-wafermix-dip-balik-yemi-100ml\/","og_locale":"en_US","og_type":"article","og_title":"Tetra Wafermix Dip Bal\u0131k Yemi - 100ML - Anadolu Pet Grup","og_description":"Tetra Wafer Mix 100ml \/ 48g Optimize edilmi\u015f sa\u011fl\u0131k, canl\u0131 renkler ve y\u00fcksek enerji i\u00e7in \u00f6zel form\u00fcl. Dipten beslenen bal\u0131klar ve kabuklular i\u00e7in ideal beslenme deste\u011fi. Karides i\u00e7eri\u011fi sayesinde sa\u011fl\u0131kl\u0131 b\u00fcy\u00fcmeyi destekler. Spirulina yosunu ile ba\u011f\u0131\u015f\u0131kl\u0131k sistemini g\u00fc\u00e7lendirir. Su bulan\u0131kl\u0131\u011f\u0131na neden olmaz, temiz ve berrak su sa\u011flar. Kolay t\u00fcketilen ve y\u00fcksek sindirilebilirlikteki yap\u0131s\u0131 ile su kalitesini korur. Benzersiz tarif ve y\u00fcksek kaliteli i\u00e7erikler, renklendirici ve koruyucu katk\u0131 maddeleri olmadan optimum geli\u015fim sunar. Tetra Wafer Mix, dipten beslenen bal\u0131klar ve kabuklular i\u00e7in hem sa\u011fl\u0131kl\u0131 b\u00fcy\u00fcme hem de canl\u0131 renkler sa\u011flayan \u00fcst\u00fcn kaliteli yemdir.","og_url":"https:\/\/anadolupet.com.tr\/en\/product\/tetra-wafermix-dip-balik-yemi-100ml\/","og_site_name":"Anadolu Pet Grup","article_modified_time":"2026-02-23T16:49:28+00:00","og_image":[{"width":750,"height":750,"url":"https:\/\/anadolupet.com.tr\/wp-content\/uploads\/2026\/02\/400-708905.jpg","type":"image\/jpeg"}],"twitter_card":"summary_large_image","schema":{"@context":"https:\/\/schema.org","@graph":[{"@type":"WebPage","@id":"https:\/\/anadolupet.com.tr\/urun\/tetra-wafermix-dip-balik-yemi-100ml\/","url":"https:\/\/anadolupet.com.tr\/urun\/tetra-wafermix-dip-balik-yemi-100ml\/","name":"Tetra Wafermix Dip Bal\u0131k Yemi - 100ML - Anadolu Pet Grup","isPartOf":{"@id":"https:\/\/anadolupet.com.tr\/#website"},"primaryImageOfPage":{"@id":"https:\/\/anadolupet.com.tr\/urun\/tetra-wafermix-dip-balik-yemi-100ml\/#primaryimage"},"image":{"@id":"https:\/\/anadolupet.com.tr\/urun\/tetra-wafermix-dip-balik-yemi-100ml\/#primaryimage"},"thumbnailUrl":"https:\/\/anadolupet.com.tr\/wp-content\/uploads\/2026\/02\/400-708905.jpg","datePublished":"2026-02-14T14:46:41+00:00","dateModified":"2026-02-23T16:49:28+00:00","breadcrumb":{"@id":"https:\/\/anadolupet.com.tr\/urun\/tetra-wafermix-dip-balik-yemi-100ml\/#breadcrumb"},"inLanguage":"en-US","potentialAction":[{"@type":"ReadAction","target":["https:\/\/anadolupet.com.tr\/urun\/tetra-wafermix-dip-balik-yemi-100ml\/"]}]},{"@type":"ImageObject","inLanguage":"en-US","@id":"https:\/\/anadolupet.com.tr\/urun\/tetra-wafermix-dip-balik-yemi-100ml\/#primaryimage","url":"https:\/\/anadolupet.com.tr\/wp-content\/uploads\/2026\/02\/400-708905.jpg","contentUrl":"https:\/\/anadolupet.com.tr\/wp-content\/uploads\/2026\/02\/400-708905.jpg","width":750,"height":750},{"@type":"BreadcrumbList","@id":"https:\/\/anadolupet.com.tr\/urun\/tetra-wafermix-dip-balik-yemi-100ml\/#breadcrumb","itemListElement":[{"@type":"ListItem","position":1,"name":"Anasayfa","item":"https:\/\/anadolupet.com.tr\/"},{"@type":"ListItem","position":2,"name":"\u00dcr\u00fcnler","item":"https:\/\/anadolupet.com.tr\/urunler\/"},{"@type":"ListItem","position":3,"name":"Tetra Wafermix Dip Bal\u0131k Yemi &#8211; 100ML"}]},{"@type":"WebSite","@id":"https:\/\/anadolupet.com.tr\/#website","url":"https:\/\/anadolupet.com.tr\/","name":"Anadolu Pet Group","description":"We Stand Together for the Well-Being of Every Life","publisher":{"@id":"https:\/\/anadolupet.com.tr\/#organization"},"potentialAction":[{"@type":"SearchAction","target":{"@type":"EntryPoint","urlTemplate":"https:\/\/anadolupet.com.tr\/?s={search_term_string}"},"query-input":{"@type":"PropertyValueSpecification","valueRequired":true,"valueName":"search_term_string"}}],"inLanguage":"en-US"},{"@type":"Organization","@id":"https:\/\/anadolupet.com.tr\/#organization","name":"Anadolu Pet Group","alternateName":"Anadolu Pet","url":"https:\/\/anadolupet.com.tr\/","logo":{"@type":"ImageObject","inLanguage":"en-US","@id":"https:\/\/anadolupet.com.tr\/#\/schema\/logo\/image\/","url":"https:\/\/anadolupet.com.tr\/wp-content\/uploads\/2026\/03\/1614666743370.jpg","contentUrl":"https:\/\/anadolupet.com.tr\/wp-content\/uploads\/2026\/03\/1614666743370.jpg","width":800,"height":571,"caption":"Anadolu Pet Grup"},"image":{"@id":"https:\/\/anadolupet.com.tr\/#\/schema\/logo\/image\/"}}]}},"_links":{"self":[{"href":"https:\/\/anadolupet.com.tr\/en\/wp-json\/wp\/v2\/product\/46409","targetHints":{"allow":["GET"]}}],"collection":[{"href":"https:\/\/anadolupet.com.tr\/en\/wp-json\/wp\/v2\/product"}],"about":[{"href":"https:\/\/anadolupet.com.tr\/en\/wp-json\/wp\/v2\/types\/product"}],"replies":[{"embeddable":true,"href":"https:\/\/anadolupet.com.tr\/en\/wp-json\/wp\/v2\/comments?post=46409"}],"wp:featuredmedia":[{"embeddable":true,"href":"https:\/\/anadolupet.com.tr\/en\/wp-json\/wp\/v2\/media\/47083"}],"wp:attachment":[{"href":"https:\/\/anadolupet.com.tr\/en\/wp-json\/wp\/v2\/media?parent=46409"}],"wp:term":[{"taxonomy":"product_brand","embeddable":true,"href":"https:\/\/anadolupet.com.tr\/en\/wp-json\/wp\/v2\/product_brand?post=46409"},{"taxonomy":"product_cat","embeddable":true,"href":"https:\/\/anadolupet.com.tr\/en\/wp-json\/wp\/v2\/product_cat?post=46409"},{"taxonomy":"product_tag","embeddable":true,"href":"https:\/\/anadolupet.com.tr\/en\/wp-json\/wp\/v2\/product_tag?post=46409"}],"curies":[{"name":"wp","href":"https:\/\/api.w.org\/{rel}","templated":true}]}}